{"id":2747,"date":"2022-04-08T10:02:07","date_gmt":"2022-04-08T13:02:07","guid":{"rendered":"https:\/\/www.facet.unt.edu.ar\/luminotecnia\/?page_id=2747"},"modified":"2025-03-25T11:05:38","modified_gmt":"2025-03-25T14:05:38","slug":"maria-del-milagro-rouges-forcada","status":"publish","type":"page","link":"https:\/\/www.facet.unt.edu.ar\/luminotecnia\/maria-del-milagro-rouges-forcada\/","title":{"rendered":"Mar\u00eda del Milagro Roug\u00e9s Forcada"},"content":{"rendered":"<p><a href=\"https:\/\/www.facet.unt.edu.ar\/luminotecnia\/wp-content\/uploads\/sites\/15\/2022\/04\/34-M.-Rouges.jpeg\"><img decoding=\"async\" loading=\"lazy\" class=\"wp-image-2736 alignleft\" src=\"https:\/\/www.facet.unt.edu.ar\/luminotecnia\/wp-content\/uploads\/sites\/15\/2022\/04\/34-M.-Rouges.jpeg\" alt=\"\" width=\"100\" height=\"178\" \/><\/a><\/p>\n<p><span style=\"font-weight: 400;\">Arquitecta graduada de la Facultad de Arquitectura y Urbanismo &#8211; UNT en el a\u00f1o 2011. Actualmente me desempe\u00f1o como Becaria Doctoral en ILAV &#8211; CONICET, y estoy cursando el Doctorado en Arquitectura &#8211; FAU UNT. Jefe de trabajos pr\u00e1cticos en la C\u00e1tedra de Acondicionamiento Ambiental II &#8211; FAU UNT.<\/span><\/p>\n<p><span style=\"font-weight: 400;\">Mi investigaci\u00f3n se centra en la rehabilitaci\u00f3n energ\u00e9tica de la envolvente edilicia de edificios patrimoniales destinados a museos, espec\u00edficamente casas-museo. A trav\u00e9s de la toma de datos higrot\u00e9rmicos in situ y la simulaci\u00f3n computacional con herramientas como OpenStudio y EnergyPlus, analizo las condiciones ambientales interiores en salas de exposici\u00f3n y reserva. El objetivo es desarrollar un m\u00e9todo que permita identificar tecnolog\u00edas constructivas eficientes, reversibles y respetuosas con el patrimonio, con el fin de mejorar la conservaci\u00f3n del acervo cultural y optimizar el desempe\u00f1o energ\u00e9tico de estos edificios.<\/span><\/p>\n<p>&nbsp;<\/p>\n<p><a href=\"https:\/\/www.facet.unt.edu.ar\/luminotecnia\/wp-content\/uploads\/sites\/15\/2022\/04\/correo-electronico.png\"><img decoding=\"async\" loading=\"lazy\" class=\"alignnone wp-image-2662\" src=\"https:\/\/www.facet.unt.edu.ar\/luminotecnia\/wp-content\/uploads\/sites\/15\/2022\/04\/correo-electronico.png\" alt=\"\" width=\"27\" height=\"27\" \/><\/a>\u00a0<strong>mirouges@gmail.com<\/strong><\/p>\n","protected":false},"excerpt":{"rendered":"<p>Arquitecta graduada de la Facultad de Arquitectura y Urbanismo &#8211; UNT en el a\u00f1o 2011. Actualmente me desempe\u00f1o como Becaria Doctoral en ILAV &#8211; CONICET, y estoy cursando el Doctorado en Arquitectura &#8211; FAU UNT. Jefe de trabajos pr\u00e1cticos en la C\u00e1tedra de Acondicionamiento Ambiental II &#8211; FAU UNT. Mi investigaci\u00f3n se centra en la [&hellip;]<\/p>\n","protected":false},"author":123476,"featured_media":0,"parent":0,"menu_order":0,"comment_status":"closed","ping_status":"closed","template":"","meta":[],"_links":{"self":[{"href":"https:\/\/www.facet.unt.edu.ar\/luminotecnia\/wp-json\/wp\/v2\/pages\/2747"}],"collection":[{"href":"https:\/\/www.facet.unt.edu.ar\/luminotecnia\/wp-json\/wp\/v2\/pages"}],"about":[{"href":"https:\/\/www.facet.unt.edu.ar\/luminotecnia\/wp-json\/wp\/v2\/types\/page"}],"author":[{"embeddable":true,"href":"https:\/\/www.facet.unt.edu.ar\/luminotecnia\/wp-json\/wp\/v2\/users\/123476"}],"replies":[{"embeddable":true,"href":"https:\/\/www.facet.unt.edu.ar\/luminotecnia\/wp-json\/wp\/v2\/comments?post=2747"}],"version-history":[{"count":4,"href":"https:\/\/www.facet.unt.edu.ar\/luminotecnia\/wp-json\/wp\/v2\/pages\/2747\/revisions"}],"predecessor-version":[{"id":3336,"href":"https:\/\/www.facet.unt.edu.ar\/luminotecnia\/wp-json\/wp\/v2\/pages\/2747\/revisions\/3336"}],"wp:attachment":[{"href":"https:\/\/www.facet.unt.edu.ar\/luminotecnia\/wp-json\/wp\/v2\/media?parent=2747"}],"curies":[{"name":"wp","href":"https:\/\/api.w.org\/{rel}","templated":true}]}}