{"id":3122,"date":"2022-12-05T12:53:05","date_gmt":"2022-12-05T15:53:05","guid":{"rendered":"https:\/\/www.facet.unt.edu.ar\/luminotecnia\/?page_id=3122"},"modified":"2022-12-05T12:55:08","modified_gmt":"2022-12-05T15:55:08","slug":"federico-buriek","status":"publish","type":"page","link":"https:\/\/www.facet.unt.edu.ar\/luminotecnia\/federico-buriek\/","title":{"rendered":"Federico Buriek"},"content":{"rendered":"<p>Especialista en Medio Ambiente Visual e Iluminaci\u00f3n Eficiente (Universidad Nacional de Tucum\u00e1n)<br \/>\nIngeniero Electr\u00f3nico (Universidad Nacional de Tucum\u00e1n)<br \/>\nProfesional Principal en la Carrera de Personal de Apoyo (CPA \u2013 CONICET)<\/p>\n","protected":false},"excerpt":{"rendered":"<p>Especialista en Medio Ambiente Visual e Iluminaci\u00f3n Eficiente (Universidad Nacional de Tucum\u00e1n) Ingeniero Electr\u00f3nico (Universidad Nacional de Tucum\u00e1n) Profesional Principal en la Carrera de Personal de Apoyo (CPA \u2013 CONICET)<\/p>\n","protected":false},"author":123476,"featured_media":0,"parent":0,"menu_order":0,"comment_status":"closed","ping_status":"closed","template":"templates\/template-full.php","meta":[],"_links":{"self":[{"href":"https:\/\/www.facet.unt.edu.ar\/luminotecnia\/wp-json\/wp\/v2\/pages\/3122"}],"collection":[{"href":"https:\/\/www.facet.unt.edu.ar\/luminotecnia\/wp-json\/wp\/v2\/pages"}],"about":[{"href":"https:\/\/www.facet.unt.edu.ar\/luminotecnia\/wp-json\/wp\/v2\/types\/page"}],"author":[{"embeddable":true,"href":"https:\/\/www.facet.unt.edu.ar\/luminotecnia\/wp-json\/wp\/v2\/users\/123476"}],"replies":[{"embeddable":true,"href":"https:\/\/www.facet.unt.edu.ar\/luminotecnia\/wp-json\/wp\/v2\/comments?post=3122"}],"version-history":[{"count":1,"href":"https:\/\/www.facet.unt.edu.ar\/luminotecnia\/wp-json\/wp\/v2\/pages\/3122\/revisions"}],"predecessor-version":[{"id":3123,"href":"https:\/\/www.facet.unt.edu.ar\/luminotecnia\/wp-json\/wp\/v2\/pages\/3122\/revisions\/3123"}],"wp:attachment":[{"href":"https:\/\/www.facet.unt.edu.ar\/luminotecnia\/wp-json\/wp\/v2\/media?parent=3122"}],"curies":[{"name":"wp","href":"https:\/\/api.w.org\/{rel}","templated":true}]}}