{"id":3126,"date":"2022-12-05T12:56:57","date_gmt":"2022-12-05T15:56:57","guid":{"rendered":"https:\/\/www.facet.unt.edu.ar\/luminotecnia\/?page_id=3126"},"modified":"2022-12-05T12:59:06","modified_gmt":"2022-12-05T15:59:06","slug":"horacio-leonardo-madariaga","status":"publish","type":"page","link":"https:\/\/www.facet.unt.edu.ar\/luminotecnia\/horacio-leonardo-madariaga\/","title":{"rendered":"Horacio Leonardo Madariaga"},"content":{"rendered":"<p><a href=\"https:\/\/www.facet.unt.edu.ar\/luminotecnia\/wp-content\/uploads\/sites\/15\/2022\/04\/18-H.-Madariaga.jpg\"><img decoding=\"async\" loading=\"lazy\" class=\"wp-image-2618 alignleft\" src=\"https:\/\/www.facet.unt.edu.ar\/luminotecnia\/wp-content\/uploads\/sites\/15\/2022\/04\/18-H.-Madariaga.jpg\" alt=\"\" width=\"150\" height=\"150\" \/><\/a>Es egresado de posgrado con el t\u00edtulo \u201cEspecialista en Teledetecci\u00f3n y Sistemas de Informaci\u00f3n Geogr\u00e1fica Aplicados al Estudio del Medio Ambiente\u201d, carrera realizada en la Universidad Nacional de Luj\u00e1n. Es egresado de nuestra Facultad de Ciencias Exactas y Tecnolog\u00eda de la UNT, con el t\u00edtulo de \u201cIngeniero Electr\u00f3nico\u201d.<\/p>\n<p>Se desempe\u00f1a en el Instituto de Luminotecnia Luz y Visi\u00f3n como Profesional Principal de la Carrera del Personal de apoyo del CONICET.<\/p>\n<p>Es Profesor Adjunto (C\u00e1tedras T\u00e9cnicas de Representaci\u00f3n Cartogr\u00e1ficas I y II, Departamento de Geograf\u00eda, UNT). Tambi\u00e9n es investigador del Instituto de Estudios Geogr\u00e1ficos \u201cDr. Guillermo R\u00f6hmeder\u201d de la Facultad de Filosof\u00eda y Letras con categor\u00eda III en el programa de categorizaci\u00f3n de la UNT.<\/p>\n<p>Es profesor del \u201cDoctorado en Ciencias Sociales\u201d de la Facultad de Filosof\u00eda y Letras y del \u201cDoctorado Riesgos Naturales y Estudios Geol\u00f3gicos de Campo\u201d de la Facultad de Ciencias Naturales e Instituto Miguel Lillo. Dicta asignaturas relacionadas con Teledetecci\u00f3n, Sistemas de Informaci\u00f3n Geogr\u00e1fica y Programaci\u00f3n Cient\u00edfica.<\/p>\n","protected":false},"excerpt":{"rendered":"<p>Es egresado de posgrado con el t\u00edtulo \u201cEspecialista en Teledetecci\u00f3n y Sistemas de Informaci\u00f3n Geogr\u00e1fica Aplicados al Estudio del Medio Ambiente\u201d, carrera realizada en la Universidad Nacional de Luj\u00e1n. Es egresado de nuestra Facultad de Ciencias Exactas y Tecnolog\u00eda de la UNT, con el t\u00edtulo de \u201cIngeniero Electr\u00f3nico\u201d. Se desempe\u00f1a en el Instituto de Luminotecnia [&hellip;]<\/p>\n","protected":false},"author":123476,"featured_media":0,"parent":0,"menu_order":0,"comment_status":"closed","ping_status":"closed","template":"templates\/template-full.php","meta":[],"_links":{"self":[{"href":"https:\/\/www.facet.unt.edu.ar\/luminotecnia\/wp-json\/wp\/v2\/pages\/3126"}],"collection":[{"href":"https:\/\/www.facet.unt.edu.ar\/luminotecnia\/wp-json\/wp\/v2\/pages"}],"about":[{"href":"https:\/\/www.facet.unt.edu.ar\/luminotecnia\/wp-json\/wp\/v2\/types\/page"}],"author":[{"embeddable":true,"href":"https:\/\/www.facet.unt.edu.ar\/luminotecnia\/wp-json\/wp\/v2\/users\/123476"}],"replies":[{"embeddable":true,"href":"https:\/\/www.facet.unt.edu.ar\/luminotecnia\/wp-json\/wp\/v2\/comments?post=3126"}],"version-history":[{"count":3,"href":"https:\/\/www.facet.unt.edu.ar\/luminotecnia\/wp-json\/wp\/v2\/pages\/3126\/revisions"}],"predecessor-version":[{"id":3129,"href":"https:\/\/www.facet.unt.edu.ar\/luminotecnia\/wp-json\/wp\/v2\/pages\/3126\/revisions\/3129"}],"wp:attachment":[{"href":"https:\/\/www.facet.unt.edu.ar\/luminotecnia\/wp-json\/wp\/v2\/media?parent=3126"}],"curies":[{"name":"wp","href":"https:\/\/api.w.org\/{rel}","templated":true}]}}