{"id":698,"date":"2016-09-07T10:09:41","date_gmt":"2016-09-07T13:09:41","guid":{"rendered":"https:\/\/www.facet.unt.edu.ar\/luminotecnia\/?page_id=698"},"modified":"2016-09-07T10:46:59","modified_gmt":"2016-09-07T13:46:59","slug":"historia-de-nuestro-departamento","status":"publish","type":"page","link":"https:\/\/www.facet.unt.edu.ar\/luminotecnia\/historia-de-nuestro-departamento\/","title":{"rendered":"Historia de nuestro Departamento"},"content":{"rendered":"<div id=\"pl-698\"  class=\"panel-layout\" ><div id=\"pg-698-0\"  class=\"panel-grid panel-no-style\" ><div id=\"pgc-698-0-0\"  class=\"panel-grid-cell\" ><div id=\"panel-698-0-0-0\" class=\"so-panel widget widget_black-studio-tinymce widget_black_studio_tinymce panel-first-child panel-last-child\" data-index=\"0\" ><div class=\"textwidget\"><h2>A\u00f1o 1960<\/h2>\n<p>Se crea el entonces Laboratorio de Luminotecnia anexo de la C\u00e1tedra de Instalaciones del Instituto de Ingenier\u00eda El\u00e9ctrica de la FaCEyT - UNT  donde trabajaban con entusiasmo un grupo de docentes y alumnos bajo la direcci\u00f3n del Prof. Ing. Herberto Carlos B\u00fchler, avocados a temas relacionados con la iluminaci\u00f3n y sus buenas pr\u00e1cticas de aplicaci\u00f3n. Paralelamente y con la idea de difundir el conocimiento en el \u00e1mbito profesional y sentar las bases de la la normalizaci\u00f3n en luminotecnia, el Ing. B\u00fchler promueve la organizaci\u00f3n de la Asociaci\u00f3n Argentina de Luminotecnia con base en Tucum\u00e1n y  distintos Centros Regionales a lo largo del pa\u00eds.<\/p>\n<p>El Laboratorio de Luminotecnia comienza a crecer en recursos humanos e infraestructura traslad\u00e1ndose al actual edificio en Localizaciones Universitarias. Los Ingenieros Carlos Hamakers y Ram\u00f3n Sep\u00falveda fueron sus colaboradores activos en la certificaci\u00f3n y medici\u00f3n de las primeras luminarias. <\/p>\n<h2>A\u00f1o 1978 <\/h2>\n<p>El Ente Aut\u00e1rquico del Mundial de Futbol decida que el Laboratorio de Luminotecnia era el sitio m\u00e1s adecuado para que se instale un fotogoni\u00f3metro automatizado para la certificaci\u00f3n fotom\u00e9trica de los proyectores de los estadios mundialistas. LMT Berl\u00edn, m\u00e1ximo referente en tecnolog\u00eda de medici\u00f3n de luz, ser\u00eda el proveedor de todos los equipos.<\/p>\n<h2>A\u00f1o 1990<\/h2>\n<p>Se crea el Instituto que en 1999 se transforma en el Depto. de Luminotecnia, Luz y Visi\u00f3n (DLLyV), que lleva el nombre de su fundador y quien fuera distinguido adem\u00e1s como profesor em\u00e9rito, el Ing. Carlos B\u00fchler. El DLLyV, se caracteriza por la formaci\u00f3n de recursos humanos, la investigaci\u00f3n y desarrollo con generaci\u00f3n de tecnolog\u00eda y transferencia, a partir de una propuesta integrada de las \u00e1reas del conocimiento de la iluminaci\u00f3n, la luz y la visi\u00f3n.<\/p>\n<p>Para la consolidaci\u00f3n y expansi\u00f3n en las actividades docentes han intervenido dos personas claves, el Prof. Em\u00e9rito Carlos Kirshbaum y la Dra. Elisa Colombo, quienes como autoridades del DLLyV trabajaron arduamente junto a un excelente equipo docente y no docentes en la creaci\u00f3n de las carreras de postgrado: Especializaci\u00f3n MAVILE, Maestr\u00eda en Luminotecnia y Doctorado MAVILE todas acreditadas por CONEAU. Luego en 2008 se crea de la carrera de Dise\u00f1ador de Iluminaci\u00f3n de 4 a\u00f1os de duraci\u00f3n con un titulo intermedio de T\u00e9cnico en Iluminaci\u00f3n. Esta carrera es \u00fanica oficial de grado en Sudam\u00e9rica, con una curricula de amplia formaci\u00f3n te\u00f3rica pr\u00e1ctica.<\/p>\n<h2>A\u00f1o 2008<\/h2>\n<p>Se crea una Unidad Ejecutora de doble dependencia CONICET-UNT, el ILAV Instituto de Luz Ambiente y Visi\u00f3n, funcionando dentro del DLLyV, lo cual posibilita formar y captar investigadores de primer nivel, ampliar la planta de personal t\u00e9cnico especializado y la obtenci\u00f3n de recursos para el funcionamiento de una instituci\u00f3n en permanente crecimiento.<\/p>\n<p>La investigaci\u00f3n b\u00e1sica y aplicada se desarrolla en la actualidad con financiamientos del CONICET, la Agencia Nacional para la Promoci\u00f3n Cient\u00edfica y Tecnol\u00f3gica, el Consejo de Investigaciones de la UNT, Agencia Espa\u00f1ola de Cooperaci\u00f3n Internacional y la Secretar\u00eda de Pol\u00edticas Universitarias. Ha recibido tambi\u00e9n importantes apoyos de la Fundaci\u00f3n Antorchas, Consejo Brit\u00e1nico, Uni\u00f3n Europea, DAAD, Royal Society. Ha establecido intercambios  con universidades como la de Santa B\u00e1rbara de California, USA; Valladolid, Polit\u00e9cnica de Madrid y de Catalu\u00f1a, Murcia, Espa\u00f1a; T\u00e9cnica de Berl\u00edn, Karlsruhe, T\u00e9cnica de Darmstad, BAM, Alemania; Lund, Suecia; Bristol, Newcastle, Liverpool, Londres, Nottinghan, Inglaterra; S\u00e3o Paulo, R\u00edo Grande do Sur, Brasil; de la Rep\u00fablica, Uruguay; Cat\u00f3lica de Valpara\u00edso, Chile, Leuven, B\u00e9lgica, etc.<\/p>\n<p>Han sido numerosas las actividades nacionales e internacionales organizadas en esta instituci\u00f3n, entre las cuales se destacan las IV Jornadas Argentinas de Luminotecnia en 1980, Lux Am\u00e9rica 2002 y las XIII Jornadas Argentinas de Luminotecnia en 2013.<\/p>\n<p>En el area de servicios se realizan mediciones fotom\u00e9tricas, espectrales, el\u00e9ctricas y mec\u00e1nicas de luminarias y l\u00e1mparas, siendo relevante destacar que el Laboratorio de Fotometr\u00eda de luminarias ha sido acreditado bajo la norma ISO 17.025 por el OAA, Organismo Argentino de Acreditaci\u00f3n en 2015.<\/p>\n<p>En la actualidad se cuenta con cerca de 100 alumnos entre el grado y el postgrado desarrollando sus actividades en el DLLyV-ILAV.<\/p>\n<p>Esta instituci\u00f3n es el resultado de una pol\u00edtica sostenida de arduo trabajo, interdisciplinario y arm\u00f3nico lo cual permite un crecimiento permanente teniendo como meta la excelencia en la especialidad.<\/p>\n<\/div><\/div><\/div><\/div><\/div>","protected":false},"excerpt":{"rendered":"<p>A\u00f1o 1960 Se crea el entonces Laboratorio de Luminotecnia anexo de la C\u00e1tedra de Instalaciones del Instituto de Ingenier\u00eda El\u00e9ctrica de la FaCEyT &#8211; UNT donde trabajaban con entusiasmo un grupo de docentes y alumnos bajo la direcci\u00f3n del Prof. Ing. Herberto Carlos B\u00fchler, avocados a temas relacionados con la iluminaci\u00f3n y sus buenas pr\u00e1cticas [&hellip;]<\/p>\n","protected":false},"author":24,"featured_media":0,"parent":0,"menu_order":0,"comment_status":"closed","ping_status":"closed","template":"templates\/template-full.php","meta":[],"_links":{"self":[{"href":"https:\/\/www.facet.unt.edu.ar\/luminotecnia\/wp-json\/wp\/v2\/pages\/698"}],"collection":[{"href":"https:\/\/www.facet.unt.edu.ar\/luminotecnia\/wp-json\/wp\/v2\/pages"}],"about":[{"href":"https:\/\/www.facet.unt.edu.ar\/luminotecnia\/wp-json\/wp\/v2\/types\/page"}],"author":[{"embeddable":true,"href":"https:\/\/www.facet.unt.edu.ar\/luminotecnia\/wp-json\/wp\/v2\/users\/24"}],"replies":[{"embeddable":true,"href":"https:\/\/www.facet.unt.edu.ar\/luminotecnia\/wp-json\/wp\/v2\/comments?post=698"}],"version-history":[{"count":4,"href":"https:\/\/www.facet.unt.edu.ar\/luminotecnia\/wp-json\/wp\/v2\/pages\/698\/revisions"}],"predecessor-version":[{"id":702,"href":"https:\/\/www.facet.unt.edu.ar\/luminotecnia\/wp-json\/wp\/v2\/pages\/698\/revisions\/702"}],"wp:attachment":[{"href":"https:\/\/www.facet.unt.edu.ar\/luminotecnia\/wp-json\/wp\/v2\/media?parent=698"}],"curies":[{"name":"wp","href":"https:\/\/api.w.org\/{rel}","templated":true}]}}