{"id":86,"date":"2015-09-18T15:01:37","date_gmt":"2015-09-18T18:01:37","guid":{"rendered":"https:\/\/www.facet.unt.edu.ar\/luminotecnia\/?page_id=86"},"modified":"2026-03-12T11:26:43","modified_gmt":"2026-03-12T14:26:43","slug":"servicios","status":"publish","type":"page","link":"https:\/\/www.facet.unt.edu.ar\/luminotecnia\/servicios\/","title":{"rendered":"Servicios"},"content":{"rendered":"<div id=\"pl-86\"  class=\"panel-layout\" ><div id=\"pg-86-0\"  class=\"panel-grid panel-no-style\" ><div id=\"pgc-86-0-0\"  class=\"panel-grid-cell\" ><div id=\"panel-86-0-0-0\" class=\"so-panel widget widget_text panel-first-child panel-last-child\" data-index=\"0\" >\t\t\t<div class=\"textwidget\"><h2 style=\"margin: 0.5em;text-align:center;font-size:3em\">SERVICIOS<\/h2><\/div>\n\t\t<\/div><\/div><\/div><div id=\"pg-86-1\"  class=\"panel-grid panel-has-style\"  style=\"margin-bottom: 0px;\" ><div class=\"siteorigin-panels-stretch panel-row-style-full-width panel-row-style panel-row-style-for-86-1\" style=\"border-top: 1px solid #bdbdbd; border-bottom: 1px solid #bdbdbd; background-repeat: repeat; \" data-stretch-type=\"full-stretched\" ><div id=\"pgc-86-1-0\"  class=\"panel-grid-cell\" ><div id=\"panel-86-1-0-0\" class=\"so-panel widget widget_black-studio-tinymce widget_black_studio_tinymce panel-first-child panel-last-child\" data-index=\"1\" ><div class=\"textwidget\"><div><p class=\"shad2px\" style=\"text-align:center;color:#fff;font-size:2em;line-height:2em\">El Departamento de Luminotecnia, Luz y Visi\u00f3n (DLLyV), e Instituto de Investigaci\u00f3n en Luz, Ambiente y Visi\u00f3n (ILAV) <br \/> es considerado un centro de referencia en Am\u00e9rica Latina, <br \/> encontr\u00e1ndose  entre los m\u00e1s importantes del mundo en la especialidad<\/p><\/div><\/div><\/div><\/div><\/div><\/div><div id=\"pg-86-2\"  class=\"panel-grid panel-has-style\"  style=\"margin-bottom: 0px;\" ><div class=\"siteorigin-panels-stretch panel-row-style-full-width panel-row-style panel-row-style-for-86-2\" style=\"background-color: #efefef; \" data-stretch-type=\"full-stretched\" ><div id=\"pgc-86-2-0\"  class=\"panel-grid-cell\" ><div id=\"panel-86-2-0-0\" class=\"so-panel widget widget_text panel-first-child panel-last-child\" data-index=\"2\" >\t\t\t<div class=\"textwidget\"><div style=\"font-size: 1.5em;line-height: 2em;margin: auto;width: 90%\">\n<p style=\"color: #8e8e8e;text-align: center\">Esto le permite ofrecer al medio toda la infraestructura de una instituci\u00f3n de trayectoria.<br \/> Ha establecido fuertes v\u00ednculos con la industria argentina y latinoamericana, a trav\u00e9s de certificaciones fotom\u00e9tricas, cursos de capacitaci\u00f3n, actualizaci\u00f3n y especializaci\u00f3n, tareas de asesoramiento y desarrollos a empresas, municipios e instituciones del estado o privadas.<\/p>\n<\/div><\/div>\n\t\t<\/div><\/div><\/div><\/div><div id=\"pg-86-3\"  class=\"panel-grid panel-has-style\"  style=\"margin-bottom: 0px;\" ><div class=\"siteorigin-panels-stretch panel-row-style-full-width panel-row-style panel-row-style-for-86-3\" style=\"border-top: 1px solid #bababa; border-bottom: 1px solid #bababa; \" data-stretch-type=\"full-stretched\" ><div id=\"pgc-86-3-0\"  class=\"panel-grid-cell\" ><div id=\"panel-86-3-0-0\" class=\"so-panel widget widget_sow-features panel-first-child panel-last-child\" data-index=\"3\" ><div class=\"panel-widget-style panel-widget-style-for-86-3-0-0\" ><div\n\t\t\t\n\t\t\tclass=\"so-widget-sow-features so-widget-sow-features-default-ee8343c81a04-86\"\n\t\t\t\n\t\t>\n<div class=\"sow-features-list sow-features-responsive\">\n\n\t\t\t\t\t\t\t\t\t<div\n\t\t\t\tclass=\"sow-features-feature sow-icon-container-position-top sow-features-feature-last-row\"\n\t\t\t\tstyle=\"display: flex; flex-direction: column; float: left; width: 100%;\"\n\t\t\t>\n\t\t\t\n\t\t\t\t\t\t\t\t\t<a\n\t\t\t\t\t\thref=\"https:\/\/www.facet.unt.edu.ar\/luminotecnia\/contactanos\/\"\n\t\t\t\t\t\t\t\t\t\t\t>\n\t\t\t\t\t\t\t\t<div\n\t\t\t\t\tclass=\"sow-icon-container sow-container-round\"\n\t\t\t\t\tstyle=\"color: #5b90bf; \"\n\t\t\t\t\t>\n\t\t\t\t\t\t\t\t\t<\/div>\n\t\t\t\t\t\t\t\t\t<\/a>\n\t\t\t\t\n\t\t\t\t<div class=\"textwidget\">\n\t\t\t\t\t\n\t\t\t\t\t\t\t\t\t\t\t<h5>\n\t\t\t\t\t\t\t\t\t\t\t\t\t\t\t<a\n\t\t\t\t\t\t\t\t\thref=\"https:\/\/www.facet.unt.edu.ar\/luminotecnia\/contactanos\/\"\n\t\t\t\t\t\t\t\t\t\t\t\t\t\t\t\t\t>\n\t\t\t\t\t\t\t\n\t\t\t\t\t\t\tCONT\u00c1CTANOS\t\t\t\t\t\t\t\t\t\t\t\t\t\t\t<\/a>\n\t\t\t\t\t\t\t\t\t\t\t\t\t<\/h5>\n\t\t\t\t\t\n\t\t\t\t\t\n\t\t\t\t\t\t\t\t\t<\/div>\n\t\t\t\t\t\t\t\t\n\t\t\t\t\t\t\t<\/div>\n\n\t\t\t\n<\/div>\n<\/div><\/div><\/div><\/div><div id=\"pgc-86-3-1\"  class=\"panel-grid-cell\" ><div id=\"panel-86-3-1-0\" class=\"so-panel widget widget_black-studio-tinymce widget_black_studio_tinymce panel-first-child panel-last-child\" data-index=\"4\" ><div class=\"textwidget\"><p style=\"text-align:center;font-size:2em;line-height:1.5em\">Para solicitar los servicios del departamento, o mayor informaci\u00f3n, <br \/><a href=\"https:\/\/www.facet.unt.edu.ar\/luminotecnia\/contactanos\/\">Cont\u00e1ctanos<\/a> a trav\u00e9s del sitio.<\/p><\/div><\/div><\/div><\/div><\/div><div id=\"pg-86-4\"  class=\"panel-grid panel-has-style\"  style=\"margin-bottom: 0px;\" ><div class=\"siteorigin-panels-stretch panel-row-style-full-width panel-row-style panel-row-style-for-86-4\" style=\"background-color: #f2e9de; \" data-stretch-type=\"full-stretched\" ><div id=\"pgc-86-4-0\"  class=\"panel-grid-cell\" ><div id=\"panel-86-4-0-0\" class=\"so-panel widget widget_text panel-first-child\" data-index=\"5\" >\t\t\t<div class=\"textwidget\"><h3 style=\"text-align:center;margin-bottom:0\">Laboratorio de Fotometr\u00eda<\/h3>\n<hr style=\"margin-bottom:0\"><\/div>\n\t\t<\/div><div id=\"panel-86-4-0-1\" class=\"so-panel widget widget_black-studio-tinymce widget_black_studio_tinymce panel-last-child\" data-index=\"6\" ><div class=\"textwidget\"><a href=\"https:\/\/www.facet.unt.edu.ar\/luminotecnia\/wp-content\/uploads\/sites\/15\/2015\/09\/fotogonioCabello.png\" rel=\"attachment wp-att-444\"><img class=\"alignleft size-full wp-image-444\" src=\"https:\/\/www.facet.unt.edu.ar\/luminotecnia\/wp-content\/uploads\/sites\/15\/2015\/09\/fotogonioCabello.png\" alt=\"Calibraci\u00f3n del Fotogoni\u00f3metro\" width=\"249\" \/><\/a>\n<p style=\"padding: 10% 0 0;\">El Laboratorio de Fotometr\u00eda ofrece servicios entre los cuales se destacan la certificaci\u00f3n de las caracter\u00edsticas fotom\u00e9tricas de luminarias de alumbrado interior y exterior, para l\u00e1mparas convencionales y LED\u00b4s.<\/p>\n\n<ul style=\"clear: both;\">\n \t<li><b>Ensayos con fotogoni\u00f3metro a espejo LMT Berl\u00edn<\/b><\/li>\n \t<li><b><b>Medici\u00f3n de luminarias. <\/b><\/b>Informes en formatos electr\u00f3nicos normalizados (IESNA, EULUMDAT, CIBSE TM 14)\n<ul>\n \t<li>Curvas de Distribuci\u00f3n<\/li>\n \t<li>Curvas de Rendimiento<\/li>\n \t<li>Curvas Isolux e isocandela<\/li>\n \t<li>Matriz de intensidad luminosa<\/li>\n<\/ul>\n<\/li>\n \t<li><b><b>Medici\u00f3n de flujo de luminarias LED y otras tecnolog\u00edas. <\/b><\/b>Ensayos realizados bajo normas IES-CIE-IEC-IRAM AADL<\/li>\n<\/ul>\n<p style=\"text-align: center;\">Responsable del Laboratorio de Fotometr\u00eda: <a href=\"https:\/\/www.facet.unt.edu.ar\/luminotecnia\/mg-ing-alberto-cabello\/\"><strong>Mg. Ing. Alberto J. Cabello<\/strong><\/a><\/p><\/div><\/div><\/div><div id=\"pgc-86-4-1\"  class=\"panel-grid-cell\" ><div id=\"panel-86-4-1-0\" class=\"so-panel widget widget_text panel-first-child\" data-index=\"7\" >\t\t\t<div class=\"textwidget\"><h3 style=\"text-align:center;margin-bottom:0\">Laboratorio de Radiometr\u00eda<\/h3>\n<hr style=\"margin-bottom:0\"><\/div>\n\t\t<\/div><div id=\"panel-86-4-1-1\" class=\"so-panel widget widget_black-studio-tinymce widget_black_studio_tinymce panel-last-child\" data-index=\"8\" ><div class=\"textwidget\"><a href=\"https:\/\/www.facet.unt.edu.ar\/luminotecnia\/wp-content\/uploads\/sites\/15\/2015\/09\/radiometria.png\" rel=\"attachment wp-att-347\"><img class=\"size-full wp-image-347 alignleft\" src=\"https:\/\/www.facet.unt.edu.ar\/luminotecnia\/wp-content\/uploads\/sites\/15\/2015\/09\/radiometria.png\" alt=\"radiometria\" width=\"289\" height=\"249\" \/><\/a>\n<p style=\"padding: 10% 0 0;\">El Laboratorio de Radiometr\u00eda desarrolla proyectos de investigaci\u00f3n y realiza, a solicitud de terceros, estudio y ensayos de las caracter\u00edsticas espectrales de fuentes luminosas y de materiales.<\/p>\n\n<ul style=\"clear: both;\">\n \t<li><b>Espectro<\/b> <b>radiometr\u00eda<\/b>\n<ul>\n \t<li>Determinaci\u00f3n de la irradiancia espectral de fuentes luminosas (UV, visible, IR) -Rango de medici\u00f3n: 250 nm a 2500 nm<\/li>\n<\/ul>\n<\/li>\n \t<li><b>Espectro fotometr\u00eda<\/b>\n<ul>\n \t<li>Determinaci\u00f3n de la transmitancia espectral (vidrios, pl\u00e1sticos, acetatos, etc.)<\/li>\n \t<li>Determinaci\u00f3n de la reflectancia espectral difusa (pinturas, pl\u00e1sticos, polvos, alimentos, etc.)<\/li>\n \t<li>Determinaci\u00f3n de la reflectancia espectral especular (materiales pulidos y espejados)<\/li>\n<\/ul>\n<\/li>\n \t<li><b>Colorimetr\u00eda de Fuentes y Materiales<\/b>\n<ul>\n \t<li>Determinaci\u00f3n de las coordenadas de color.<\/li>\n \t<li>Determinaci\u00f3n de \u00edndice de reproducci\u00f3n del color.<\/li>\n \t<li>Colorimetr\u00eda de fuentes de emisi\u00f3n. Rango de Longitud de onda: 380 nm a 780 nm.<\/li>\n<\/ul>\n<\/li>\n \t<li><b>Calibraci\u00f3n de Detectores y Medidores de luz<\/b><\/li>\n<\/ul>\n<p style=\"text-align: center;\">Responsable del Laboratorio de Radiometr\u00eda: <strong><a href=\"https:\/\/www.facet.unt.edu.ar\/luminotecnia\/dra-barbara-silva\/\">Dra. B\u00e1rbara Silva<\/a>\n<\/strong><\/div><\/div><\/div><\/div><\/div><div id=\"pg-86-5\"  class=\"panel-grid panel-has-style\"  style=\"margin-bottom: 0px;\" ><div class=\"siteorigin-panels-stretch panel-row-style-full-width panel-row-style panel-row-style-for-86-5\" style=\"background-color: #f2e9de; \" data-stretch-type=\"full-stretched\" ><div id=\"pgc-86-5-0\"  class=\"panel-grid-cell\" ><div id=\"panel-86-5-0-0\" class=\"so-panel widget widget_text panel-first-child\" data-index=\"9\" >\t\t\t<div class=\"textwidget\"><h3 style=\"text-align:center;margin-bottom:0\">Laboratorio de Ensayos El\u00e9ctricos<\/h3>\n<hr style=\"margin-bottom:0\"><\/div>\n\t\t<\/div><div id=\"panel-86-5-0-1\" class=\"so-panel widget widget_black-studio-tinymce widget_black_studio_tinymce panel-last-child\" data-index=\"10\" ><div class=\"textwidget\"><a href=\"https:\/\/www.facet.unt.edu.ar\/luminotecnia\/wp-content\/uploads\/sites\/15\/2015\/09\/ensayoelectrico.png\" rel=\"attachment wp-att-341\"><img class=\"size-full wp-image-341 alignleft\" src=\"https:\/\/www.facet.unt.edu.ar\/luminotecnia\/wp-content\/uploads\/sites\/15\/2015\/09\/ensayoelectrico.png\" alt=\"Ensayos El\u00e9ctricos\" width=\"289\" height=\"249\" \/><\/a>\n<p style=\"padding: 10% 0 0;\">El Laboratorio de Ensayos El\u00e9ctricos realiza trabajos de investigaci\u00f3n y desarrollo, ensayos de certificaci\u00f3n de luminarias y equipos auxiliares de iluminaci\u00f3n y asesoramiento a industrias y consumidores, como as\u00ed tambi\u00e9n trabajos en el campo de la normalizaci\u00f3n.<\/p>\n\n<ul style=\"clear: both;\">\n \t<li><strong>Ensayos de Luminaria: <\/strong>\n<ul>\n \t<li><em><strong>Estado s\u00f3lido (LED`s, Induccion etc)<\/strong><\/em>\n<ul>\n \t<li>Contenido de arm\u00f3nicos (IRAM 2491-2-2, ENRE 99\/977 ENRE 184\/2000, IEC 61000-2-2)<\/li>\n<\/ul>\n<\/li>\n<\/ul>\n<\/li>\n \t<li><b>Ensayos de equipos<\/b>\n<ul>\n \t<li>Fotocontroles<\/li>\n \t<li>Dimers (Reguladores)<\/li>\n \t<li>Conmutadores programables de sistema de Iluminaci\u00f3n<\/li>\n<\/ul>\n<\/li>\n \t<li><strong>Ensayos de luminarias <\/strong>(Segun PLAE 2022)\n<ul style=\"clear: both;\">\n \t<li>Ciclado de encendido<\/li>\n \t<li>Estr\u00e9s t\u00e9rmico<\/li>\n \t<li>Decaimiento del flujo<\/li>\n \t<li>Temperatura de color<\/li>\n \t<li>IRC<\/li>\n<\/ul>\n<\/li>\n<\/ul>\n<p style=\"text-align: center;\">Responsable del Laboratorio de Ensayos El\u00e9ctricos: <a href=\"https:\/\/www.facet.unt.edu.ar\/luminotecnia\/dr-eduardo-r-manzano\/\"><strong>Dr. Ing. Eduardo Manzano<\/strong><\/a><\/p><\/div><\/div><\/div><div id=\"pgc-86-5-1\"  class=\"panel-grid-cell\" ><div id=\"panel-86-5-1-0\" class=\"so-panel widget widget_text panel-first-child\" data-index=\"11\" >\t\t\t<div class=\"textwidget\"><h3 style=\"text-align:center;margin-bottom:0\">Laboratorio de Ensayos de Seguridad<\/h3>\n<hr style=\"margin-bottom:0\"><\/div>\n\t\t<\/div><div id=\"panel-86-5-1-1\" class=\"so-panel widget widget_black-studio-tinymce widget_black_studio_tinymce panel-last-child\" data-index=\"12\" ><div class=\"textwidget\"><a href=\"https:\/\/www.facet.unt.edu.ar\/luminotecnia\/wp-content\/uploads\/sites\/15\/2015\/09\/seguridad.png\" rel=\"attachment wp-att-345\"><img class=\"size-full wp-image-345 alignleft\" src=\"https:\/\/www.facet.unt.edu.ar\/luminotecnia\/wp-content\/uploads\/sites\/15\/2015\/09\/seguridad.png\" alt=\"seguridad\" width=\"289\" height=\"249\" \/><\/a>\n<p style=\"padding: 10% 0 0;\">El laboratorio de Ensayos de Seguridad realiza ensayos y pruebas sobre luminarias, partes y accesorios, que permiten verificar los requisitos esenciales de seguridad el\u00e9ctrica, establecidos en normas nacionales e internacionales.<\/p>\n\n<ul style=\"clear: both;\">\n \t<li><b>Ensayos El\u00e9ctricos<\/b>\n<ul>\n \t<li>Corriente de fuga, ensayo de tensi\u00f3n, puesta a tierra, resistencia de aislaci\u00f3n,<\/li>\n \t<li>Protecci\u00f3n contra descarga el\u00e9ctrica<\/li>\n<\/ul>\n<\/li>\n \t<li><b>Ensayos del grado de protecci\u00f3n IP<\/b>\n<ul>\n \t<li>Inmersi\u00f3n, chorro de agua, c\u00e1mara de polvo, salpicadura, lluvia, c\u00e1mara de humedad<\/li>\n<\/ul>\n<\/li>\n \t<li><strong>Ensayos de Resistencia<\/strong>\n<ul style=\"clear: both;\">\n \t<li>Resistencia mec\u00e1nica IK<\/li>\n<\/ul>\n<\/li>\n<\/ul>\n<p style=\"text-align: center;\">Responsable del Laboratorio de Ensayos de Seguridad: <strong>Ing. Hugo Arreyes<\/strong><\/p><\/div><\/div><\/div><\/div><\/div><div id=\"pg-86-6\"  class=\"panel-grid panel-has-style\"  style=\"margin-bottom: 0px;\" ><div class=\"siteorigin-panels-stretch panel-row-style-full-width panel-row-style panel-row-style-for-86-6\" style=\"background-color: #f2e9de; \" data-stretch-type=\"full-stretched\" ><div id=\"pgc-86-6-0\"  class=\"panel-grid-cell\" ><div id=\"panel-86-6-0-0\" class=\"so-panel widget widget_text panel-first-child\" data-index=\"13\" >\t\t\t<div class=\"textwidget\"><h3 style=\"text-align:center;margin-bottom:0\">Asesoramiento de Dise\u00f1o <br\/> de Iluminaci\u00f3n<\/h3>\n<hr style=\"margin-bottom:0\"><\/div>\n\t\t<\/div><div id=\"panel-86-6-0-1\" class=\"so-panel widget widget_black-studio-tinymce widget_black_studio_tinymce panel-last-child\" data-index=\"14\" ><div class=\"textwidget\"><a href=\"https:\/\/www.facet.unt.edu.ar\/luminotecnia\/wp-content\/uploads\/sites\/15\/2017\/10\/IMG_2228.jpg\"><img class=\"alignleft wp-image-1083 size-medium\" src=\"https:\/\/www.facet.unt.edu.ar\/luminotecnia\/wp-content\/uploads\/sites\/15\/2017\/10\/IMG_2228-300x225.jpg\" alt=\"\" width=\"300\" height=\"225\" \/><\/a>\n<p style=\"padding: 10% 0 0;\"><\/p>\n\n<ul style=\"clear: both;\">\n \t<li><b>Alumbrado p\u00fablico<\/b><\/li>\n \t<li><strong>Alumbrado deportivo<\/strong><\/li>\n \t<li><strong>Alumbrado de interiores en edificios p\u00fablicos, industriales, etc.<\/strong><\/li>\n \t<li><strong>Iluminaci\u00f3n arquitect\u00f3nica de fachadas, edificios y monumentos hist\u00f3ricos<\/strong><\/li>\n \t<li><strong>A municipios:<\/strong>\n<ul style=\"clear: both;\">\n \t<li>Gesti\u00f3n<\/li>\n \t<li>Explotaci\u00f3n<\/li>\n \t<li>Mantenimiento de instalaciones<\/li>\n<\/ul>\n<\/li>\n \t<li><strong>Asesoramientos a empresas privadas<\/strong><\/li>\n \t<li><strong>Asesoramientos a concesionarias viales\u00a0\u00a0<\/strong><\/li>\n<\/ul><\/div><\/div><\/div><div id=\"pgc-86-6-1\"  class=\"panel-grid-cell\" ><div id=\"panel-86-6-1-0\" class=\"so-panel widget widget_text panel-first-child\" data-index=\"15\" >\t\t\t<div class=\"textwidget\"><h3 style=\"text-align:center;margin-bottom:0\"> Asistencia T\u00e9cnica en montaje de iluminaci\u00f3n para <br\/>el cultivo de plantas en laboratorios<\/h3>\n<hr style=\"margin-bottom:0\"><\/div>\n\t\t<\/div><div id=\"panel-86-6-1-1\" class=\"so-panel widget widget_black-studio-tinymce widget_black_studio_tinymce panel-last-child\" data-index=\"16\" ><div class=\"textwidget\"><a href=\"https:\/\/www.facet.unt.edu.ar\/luminotecnia\/wp-content\/uploads\/sites\/15\/2022\/11\/Plantas.jpeg\"><img class=\"wp-image-3088 alignleft\" src=\"https:\/\/www.facet.unt.edu.ar\/luminotecnia\/wp-content\/uploads\/sites\/15\/2022\/11\/Plantas.jpeg\" alt=\"\" width=\"325\" height=\"211\" \/><\/a>\n\nSTAN de Conicet <a href=\"https:\/\/vinculacion.conicet.gov.ar\/buscador-de-oferta-tecnologica\/page\/138\/?id_ot=3580&amp;tipo=3\" target=\"_blank\" rel=\"noopener noreferrer\" data-saferedirecturl=\"https:\/\/www.google.com\/url?q=https:\/\/vinculacion.conicet.gov.ar\/buscador-de-oferta-tecnologica\/page\/138\/?id_ot%3D3580%26tipo%3D3&amp;source=gmail&amp;ust=1668612999341000&amp;usg=AOvVaw0r1hmIbU8SOZb1_XEU3aUm\">ST 3580<\/a>\n<div class=\"gmail_default\">Sugerir un dise\u00f1o de iluminaci\u00f3n eficiente en funci\u00f3n de los requerimientos lum\u00ednicos de las plantas que se necesitan cultivar (niveles y espectro principalmente) y en funci\u00f3n de la geometr\u00eda del laboratorio.<\/div>\n<div class=\"gmail_default\"><\/div>\n<p style=\"text-align: center;\">Responsable del STAN: <strong><a href=\"https:\/\/www.facet.unt.edu.ar\/luminotecnia\/dr-andres-martin\/\">Dr. Andr\u00e9s Martin<\/a><\/strong><\/p><\/div><\/div><\/div><\/div><\/div><div id=\"pg-86-7\"  class=\"panel-grid panel-no-style\" ><div id=\"pgc-86-7-0\"  class=\"panel-grid-cell\" ><div id=\"panel-86-7-0-0\" class=\"so-panel widget widget_sow-accordion panel-first-child panel-last-child\" data-index=\"17\" ><div\n\t\t\t\n\t\t\tclass=\"so-widget-sow-accordion so-widget-sow-accordion-default-42992d0bf2d7-86\"\n\t\t\t\n\t\t><div>\n\t<div class=\"sow-accordion\">\n\t\t\t<div class=\"sow-accordion-panel\"\n\t\t\t data-anchor=\"sow-accordion-41954630069b2ccc5bded6354903126-0\">\n\t\t\t\t<div class=\"sow-accordion-panel-header-container\" role=\"heading\" aria-level=\"2\">\n\t\t\t\t\t<div class=\"sow-accordion-panel-header\" tabindex=\"0\" role=\"button\" id=\"accordion-label-sow-accordion-41954630069b2ccc5bded6354903126-0\" aria-controls=\"accordion-content-sow-accordion-41954630069b2ccc5bded6354903126-0\" aria-expanded=\"false\">\n\t\t\t\t\t\t<div class=\"sow-accordion-title sow-accordion-title-icon-left\">\n\t\t\t\t\t\t\t\t\t\t\t\t\t\t\t\t\t\t\t\t\t\t\t\t\t\t\t<\/div>\n\t\t\t\t\t\t<div class=\"sow-accordion-open-close-button\">\n\t\t\t\t\t\t\t<div class=\"sow-accordion-open-button\">\n\t\t\t\t\t\t\t\t<span class=\"sow-icon-ionicons\" data-sow-icon=\"&#xf218;\"\n\t\t \n\t\taria-hidden=\"true\"><\/span>\t\t\t\t\t\t\t<\/div>\n\t\t\t\t\t\t\t<div class=\"sow-accordion-close-button\">\n\t\t\t\t\t\t\t\t<span class=\"sow-icon-ionicons\" data-sow-icon=\"&#xf209;\"\n\t\t \n\t\taria-hidden=\"true\"><\/span>\t\t\t\t\t\t\t<\/div>\n\t\t\t\t\t\t<\/div>\n\t\t\t\t\t<\/div>\n\t\t\t\t<\/div>\n\n\t\t\t<div\n\t\t\t\tclass=\"sow-accordion-panel-content\"\n\t\t\t\trole=\"region\"\n\t\t\t\taria-labelledby=\"accordion-label-sow-accordion-41954630069b2ccc5bded6354903126-0\"\n\t\t\t\tid=\"accordion-content-sow-accordion-41954630069b2ccc5bded6354903126-0\"\n\t\t\t\tstyle=\"display: none;\"\t\t\t>\n\t\t\t\t<div class=\"sow-accordion-panel-border\" tabindex=\"0\">\n\t\t\t\t\t\t\t\t\t<\/div>\n\t\t\t<\/div>\n\t\t<\/div>\n\t\t<\/div>\n<\/div>\n<\/div><\/div><\/div><\/div><\/div>","protected":false},"excerpt":{"rendered":"<p>SERVICIOS El Departamento de Luminotecnia, Luz y Visi\u00f3n (DLLyV), e Instituto de Investigaci\u00f3n en Luz, Ambiente y Visi\u00f3n (ILAV) es considerado un centro de referencia en Am\u00e9rica Latina, encontr\u00e1ndose entre los m\u00e1s importantes del mundo en la especialidad<\/p>\n","protected":false},"author":1,"featured_media":0,"parent":0,"menu_order":0,"comment_status":"closed","ping_status":"closed","template":"templates\/template-full-notitle.php","meta":[],"_links":{"self":[{"href":"https:\/\/www.facet.unt.edu.ar\/luminotecnia\/wp-json\/wp\/v2\/pages\/86"}],"collection":[{"href":"https:\/\/www.facet.unt.edu.ar\/luminotecnia\/wp-json\/wp\/v2\/pages"}],"about":[{"href":"https:\/\/www.facet.unt.edu.ar\/luminotecnia\/wp-json\/wp\/v2\/types\/page"}],"author":[{"embeddable":true,"href":"https:\/\/www.facet.unt.edu.ar\/luminotecnia\/wp-json\/wp\/v2\/users\/1"}],"replies":[{"embeddable":true,"href":"https:\/\/www.facet.unt.edu.ar\/luminotecnia\/wp-json\/wp\/v2\/comments?post=86"}],"version-history":[{"count":48,"href":"https:\/\/www.facet.unt.edu.ar\/luminotecnia\/wp-json\/wp\/v2\/pages\/86\/revisions"}],"predecessor-version":[{"id":3617,"href":"https:\/\/www.facet.unt.edu.ar\/luminotecnia\/wp-json\/wp\/v2\/pages\/86\/revisions\/3617"}],"wp:attachment":[{"href":"https:\/\/www.facet.unt.edu.ar\/luminotecnia\/wp-json\/wp\/v2\/media?parent=86"}],"curies":[{"name":"wp","href":"https:\/\/api.w.org\/{rel}","templated":true}]}}