{"id":89,"date":"2016-05-05T22:06:54","date_gmt":"2016-05-06T01:06:54","guid":{"rendered":"https:\/\/www.facet.unt.edu.ar\/lvc\/?page_id=89"},"modified":"2016-06-03T00:38:01","modified_gmt":"2016-06-03T03:38:01","slug":"integrantes","status":"publish","type":"page","link":"https:\/\/www.facet.unt.edu.ar\/lvc\/integrantes\/","title":{"rendered":"Integrantes"},"content":{"rendered":"<p>Los Docentes-Investigadores del L.V.C., comprometidos con la calidad acad\u00e9mica de la instituci\u00f3n desarrollan diversas actividades de gesti\u00f3n:<\/p>\n<ul>\n<li>La coordinaci\u00f3n de los proyectos finales de los alumnos de la Carrera de Ingenier\u00eda Civil.<\/li>\n<li>Las actualizaciones del plan de estudio de la Carrera.<\/li>\n<li>La organizaci\u00f3n y coordinaci\u00f3n de cursos de grado y postgrado.<\/li>\n<li>La direcci\u00f3n acad\u00e9mica de la Carrera y sus comisiones.<\/li>\n<li>Dictado de cursos de Actualizaci\u00f3n a Organismos P\u00fablicos<\/li>\n<li>Curso de Laboratoristas Viales<\/li>\n<li>Curso de Plantas Asf\u00e1lticas<\/li>\n<li>Curso de Conductores e Obras<\/li>\n<\/ul>\n<hr \/>\n<p>&nbsp;<\/p>\n<p><strong>Director<\/strong><\/p>\n<p><a title=\"GUZM\u00c1N Juan Carlos\" href=\"https:\/\/www.facet.unt.edu.ar\/dcyoc\/docentes\/guzman-juan-carlos\/\" target=\"_blank\">GUZM\u00c1N, Juan Carlos<\/a><\/p>\n<p>&nbsp;<\/p>\n<p><strong>Docentes-Investigadores<\/strong><\/p>\n<p><a title=\"GIM\u00c9NEZ Celia\" href=\"https:\/\/www.facet.unt.edu.ar\/dcyoc\/docentes\/gimenez-celia\/\" target=\"_blank\">GIM\u00c9NEZ, Celia del Valle<\/a><\/p>\n<p><a title=\"CHANTA Sebasti\u00e1n\" href=\"https:\/\/www.facet.unt.edu.ar\/dcyoc\/docentes\/chanta-sebastian\/\" target=\"_blank\">CHANTA, Sebasti\u00e1n<\/a><\/p>\n<p><a title=\"RODR\u00cdGUEZ Horacio\" href=\"https:\/\/www.facet.unt.edu.ar\/dcyoc\/docentes\/rodriguez-horacio\/\" target=\"_blank\">RODR\u00cdGUEZ, Horacio Roberto<\/a><\/p>\n<p>&nbsp;<\/p>\n<p><strong>Docentes<\/strong><\/p>\n<p><a title=\"KATZ M\u00f3nica Cecilia\" href=\"https:\/\/www.facet.unt.edu.ar\/dcyoc\/docentes\/katz-monica-cecilia\/\" target=\"_blank\">KATZ, M\u00f3nica Cecilia<\/a><\/p>\n<p><a title=\"ASC\u00c1RATE Jos\u00e9\" href=\"https:\/\/www.facet.unt.edu.ar\/dcyoc\/docentes\/ascarate-jose\/\" target=\"_blank\">ASC\u00c1RATE, Jos\u00e9 Ricardo<\/a><\/p>\n<p><a title=\"LOMBANA Evaristo\" href=\"https:\/\/www.facet.unt.edu.ar\/dcyoc\/docentes\/lombana-evaristo\/\" target=\"_blank\">LOMBANA, Evaristo Jos\u00e9<\/a><\/p>\n<p><a title=\"HERN\u00c1NDEZ Sergio\" href=\"https:\/\/www.facet.unt.edu.ar\/dcyoc\/docentes\/hernandez-sergio\/\" target=\"_blank\">HERN\u00c1NDEZ, Sergio Antonio<\/a><\/p>\n<p><a title=\"ABAD Ricardo\" href=\"https:\/\/www.facet.unt.edu.ar\/dcyoc\/docentes\/abad-ricardo\/\" target=\"_blank\">ABAD, Ricardo<\/a><\/p>\n<p><a title=\"MEDINA Estela Lourdes\" href=\"https:\/\/www.facet.unt.edu.ar\/dcyoc\/docentes\/medina-estela-lourdes\/\" target=\"_blank\">MEDINA, Estela Lourdes<\/a><\/p>\n<p><a title=\"ARGA\u00d1ARAZ Ramiro\" href=\"https:\/\/www.facet.unt.edu.ar\/dcyoc\/docentes\/arganaraz-ramiro\/\" target=\"_blank\">ARGA\u00d1AR\u00c1Z, Ramiro Fabi\u00e1n Estanislao<\/a><\/p>\n<p><a title=\"OJEDA Carlos\" href=\"https:\/\/www.facet.unt.edu.ar\/dcyoc\/docentes\/ojeda-carlos\/\" target=\"_blank\">OJEDA, Carlos Emilio<\/a><\/p>\n<p>&nbsp;<\/p>\n<p><strong>Personal T\u00e9cnico \u2013 Administrativo<\/strong><\/p>\n<p>MOLINA, Pedro Enrique<\/p>\n<p>Alba<\/p>\n","protected":false},"excerpt":{"rendered":"<p>Los Docentes-Investigadores del L.V.C., comprometidos con la calidad acad\u00e9mica de la instituci\u00f3n desarrollan diversas actividades de gesti\u00f3n: La coordinaci\u00f3n de los proyectos finales de los alumnos de la Carrera de Ingenier\u00eda Civil. Las actualizaciones del plan de estudio de la Carrera. La organizaci\u00f3n y coordinaci\u00f3n de cursos de grado y postgrado. La direcci\u00f3n acad\u00e9mica de [&hellip;]<\/p>\n","protected":false},"author":20,"featured_media":0,"parent":0,"menu_order":2,"comment_status":"closed","ping_status":"closed","template":"templates\/template-full-notitle.php","meta":[],"_links":{"self":[{"href":"https:\/\/www.facet.unt.edu.ar\/lvc\/wp-json\/wp\/v2\/pages\/89"}],"collection":[{"href":"https:\/\/www.facet.unt.edu.ar\/lvc\/wp-json\/wp\/v2\/pages"}],"about":[{"href":"https:\/\/www.facet.unt.edu.ar\/lvc\/wp-json\/wp\/v2\/types\/page"}],"author":[{"embeddable":true,"href":"https:\/\/www.facet.unt.edu.ar\/lvc\/wp-json\/wp\/v2\/users\/20"}],"replies":[{"embeddable":true,"href":"https:\/\/www.facet.unt.edu.ar\/lvc\/wp-json\/wp\/v2\/comments?post=89"}],"version-history":[{"count":5,"href":"https:\/\/www.facet.unt.edu.ar\/lvc\/wp-json\/wp\/v2\/pages\/89\/revisions"}],"predecessor-version":[{"id":127,"href":"https:\/\/www.facet.unt.edu.ar\/lvc\/wp-json\/wp\/v2\/pages\/89\/revisions\/127"}],"wp:attachment":[{"href":"https:\/\/www.facet.unt.edu.ar\/lvc\/wp-json\/wp\/v2\/media?parent=89"}],"curies":[{"name":"wp","href":"https:\/\/api.w.org\/{rel}","templated":true}]}}