{"id":91,"date":"2016-05-05T22:08:03","date_gmt":"2016-05-06T01:08:03","guid":{"rendered":"https:\/\/www.facet.unt.edu.ar\/lvc\/?page_id=91"},"modified":"2016-06-03T00:20:51","modified_gmt":"2016-06-03T03:20:51","slug":"docencia","status":"publish","type":"page","link":"https:\/\/www.facet.unt.edu.ar\/lvc\/docencia\/","title":{"rendered":"Docencia"},"content":{"rendered":"<p class=\"Estilo1\" style=\"text-align: justify\">Entre las funciones principales que cumple el Laboratorio de V\u00edas de Comunicaciones\u00a0debe destacarse la docencia universitaria.<br \/>\nEl plantel de docentes-investigadores del Laboratorio dicta asignaturas de grado para la carrera de Ingenier\u00eda Civil pertenecientes a la Facultad de Ciencias Exactas y Tecnolog\u00eda de la UNT.<\/p>\n<p class=\"Estilo1\" style=\"text-align: justify\">\n<ul>\n<li>C\u00e1tedras vinculadas al Laboratorio:\n<ul>\n<li>Dise\u00f1o Geom\u00e9trico Vial<\/li>\n<li>Obras B\u00e1sicas Viales<\/li>\n<li>Dise\u00f1o y Construcci\u00f3n de Pavimentos<\/li>\n<\/ul>\n<\/li>\n<\/ul>\n","protected":false},"excerpt":{"rendered":"<p>Entre las funciones principales que cumple el Laboratorio de V\u00edas de Comunicaciones\u00a0debe destacarse la docencia universitaria. El plantel de docentes-investigadores del Laboratorio dicta asignaturas de grado para la carrera de Ingenier\u00eda Civil pertenecientes a la Facultad de Ciencias Exactas y Tecnolog\u00eda de la UNT. C\u00e1tedras vinculadas al Laboratorio: Dise\u00f1o Geom\u00e9trico Vial Obras B\u00e1sicas Viales Dise\u00f1o [&hellip;]<\/p>\n","protected":false},"author":20,"featured_media":0,"parent":0,"menu_order":3,"comment_status":"closed","ping_status":"closed","template":"templates\/template-full.php","meta":[],"_links":{"self":[{"href":"https:\/\/www.facet.unt.edu.ar\/lvc\/wp-json\/wp\/v2\/pages\/91"}],"collection":[{"href":"https:\/\/www.facet.unt.edu.ar\/lvc\/wp-json\/wp\/v2\/pages"}],"about":[{"href":"https:\/\/www.facet.unt.edu.ar\/lvc\/wp-json\/wp\/v2\/types\/page"}],"author":[{"embeddable":true,"href":"https:\/\/www.facet.unt.edu.ar\/lvc\/wp-json\/wp\/v2\/users\/20"}],"replies":[{"embeddable":true,"href":"https:\/\/www.facet.unt.edu.ar\/lvc\/wp-json\/wp\/v2\/comments?post=91"}],"version-history":[{"count":2,"href":"https:\/\/www.facet.unt.edu.ar\/lvc\/wp-json\/wp\/v2\/pages\/91\/revisions"}],"predecessor-version":[{"id":121,"href":"https:\/\/www.facet.unt.edu.ar\/lvc\/wp-json\/wp\/v2\/pages\/91\/revisions\/121"}],"wp:attachment":[{"href":"https:\/\/www.facet.unt.edu.ar\/lvc\/wp-json\/wp\/v2\/media?parent=91"}],"curies":[{"name":"wp","href":"https:\/\/api.w.org\/{rel}","templated":true}]}}