{"id":293,"date":"2021-11-17T21:54:52","date_gmt":"2021-11-17T21:54:52","guid":{"rendered":"https:\/\/www.facet.unt.edu.ar\/maestriaelectronica\/?page_id=293"},"modified":"2021-11-17T22:30:59","modified_gmt":"2021-11-17T22:30:59","slug":"arquitecturas-avanzadas-de-computadoras","status":"publish","type":"page","link":"https:\/\/www.facet.unt.edu.ar\/maestriaelectronica\/arquitecturas-avanzadas-de-computadoras\/","title":{"rendered":"ARQUITECTURAS AVANZADAS DE COMPUTADORAS"},"content":{"rendered":"<p><strong>Docente a cargo:<\/strong><\/p>\n<p>Dr. Ing. Fernando Alberto Miranda Bonomi<\/p>\n<p><strong>Descripci\u00f3n<\/strong><\/p>\n<p>Las modernas arquitecturas de computadora difieren considerablemente de los tradicionales modelos de computadora secuencial como las arquitecturas Von Newman o Harvard originales. Pueden consistir en m\u00faltiples m\u00e1quinas interconectadas mediante redes de alta velocidad, cada una con varios procesadores de prop\u00f3sito general y prop\u00f3sito espec\u00edfico interconectados con una jerarqu\u00eda de memoria compleja que incluye distintos tipos de memoria tanto compartidos entre procesadores como dedicados.<br \/>\nLos sistemas de multiprocesamiento orientados a c\u00e1lculos vectoriales y sus derivados han pasado a tener un rol protag\u00f3nico en la evaluaci\u00f3n de redes neuronales y c\u00e1lculos criptogr\u00e1ficos para los registros distribuidos basados en cadenas de bloques, estando disponibles incluso en peque\u00f1os sistemas embebidos.<\/p>\n<p><strong>Objetivos<\/strong><\/p>\n<p>Desarrollar competencias para:<\/p>\n<ul>\n<li>Hacer uso racional de los modernos sistemas de c\u00f3mputo en todas sus escalas y aplicaciones, desde arquitecturas embebidas al c\u00f3mputo en la nube.<\/li>\n<li>Dise\u00f1ar sistemas de c\u00f3mputo integrando distintas tecnolog\u00edas y servicios para cumplir con necesidades de c\u00f3mputo particulares haciendo un uso racional de los recursos disponibles.<\/li>\n<\/ul>\n<p><strong>Contenidos M\u00ednimos<\/strong><\/p>\n<ul>\n<li>Arquitecturas de computadora tradicionales.<\/li>\n<li>Arquitecturas de computadora modernas.<\/li>\n<li>La jerarqu\u00eda de memoria.<\/li>\n<li>Segmentaci\u00f3n y ejecuci\u00f3n paralela de instrucciones.<\/li>\n<li>Instrucciones vectoriales, paralelismo SIMDaralelismo a nivel de hilos (multithreading).<\/li>\n<li>Sistemas con m\u00faltiples n\u00facleos.<\/li>\n<li>Unidades de procesamiento gr\u00e1fico (GPU).<\/li>\n<li>Sistemas de pasaje de mensajes.<\/li>\n<\/ul>\n","protected":false},"excerpt":{"rendered":"<p>Docente a cargo: Dr. Ing. Fernando Alberto Miranda Bonomi Descripci\u00f3n Las modernas arquitecturas de computadora difieren considerablemente de los tradicionales modelos de computadora secuencial como las arquitecturas Von Newman o Harvard originales. Pueden consistir en m\u00faltiples m\u00e1quinas interconectadas mediante redes de alta velocidad, cada una con varios procesadores de prop\u00f3sito general y prop\u00f3sito espec\u00edfico interconectados [&hellip;]<\/p>\n","protected":false},"author":101025,"featured_media":0,"parent":0,"menu_order":0,"comment_status":"closed","ping_status":"closed","template":"","meta":[],"_links":{"self":[{"href":"https:\/\/www.facet.unt.edu.ar\/maestriaelectronica\/wp-json\/wp\/v2\/pages\/293"}],"collection":[{"href":"https:\/\/www.facet.unt.edu.ar\/maestriaelectronica\/wp-json\/wp\/v2\/pages"}],"about":[{"href":"https:\/\/www.facet.unt.edu.ar\/maestriaelectronica\/wp-json\/wp\/v2\/types\/page"}],"author":[{"embeddable":true,"href":"https:\/\/www.facet.unt.edu.ar\/maestriaelectronica\/wp-json\/wp\/v2\/users\/101025"}],"replies":[{"embeddable":true,"href":"https:\/\/www.facet.unt.edu.ar\/maestriaelectronica\/wp-json\/wp\/v2\/comments?post=293"}],"version-history":[{"count":3,"href":"https:\/\/www.facet.unt.edu.ar\/maestriaelectronica\/wp-json\/wp\/v2\/pages\/293\/revisions"}],"predecessor-version":[{"id":327,"href":"https:\/\/www.facet.unt.edu.ar\/maestriaelectronica\/wp-json\/wp\/v2\/pages\/293\/revisions\/327"}],"wp:attachment":[{"href":"https:\/\/www.facet.unt.edu.ar\/maestriaelectronica\/wp-json\/wp\/v2\/media?parent=293"}],"curies":[{"name":"wp","href":"https:\/\/api.w.org\/{rel}","templated":true}]}}