{"id":296,"date":"2021-11-17T22:01:13","date_gmt":"2021-11-17T22:01:13","guid":{"rendered":"https:\/\/www.facet.unt.edu.ar\/maestriaelectronica\/?page_id=296"},"modified":"2021-11-17T22:31:46","modified_gmt":"2021-11-17T22:31:46","slug":"interfaces-de-comunicacion","status":"publish","type":"page","link":"https:\/\/www.facet.unt.edu.ar\/maestriaelectronica\/interfaces-de-comunicacion\/","title":{"rendered":"INTERFACES DE COMUNICACI\u00d3N"},"content":{"rendered":"<p><strong>Docente a cargo<\/strong><\/p>\n<p>Mag. Ing. Mar\u00eda de los Angeles G\u00f3mez L\u00f3pez<\/p>\n<p><strong>Descripci\u00f3n<\/strong><\/p>\n<p>En este curso se estudian los conceptos fundamentales detr\u00e1s del desarrollo de sistemas electr\u00f3nicos complejos que deben comunicarse con otros sistemas similares. Para ello, se estudian tanto fundamen-tos detr\u00e1s de las comunicaciones digitales modernas, como las especificaciones y caracter\u00edsticas de las interfaces de transferencia de datos de alto desempe\u00f1o.<\/p>\n<p><strong>Objetivos<\/strong><\/p>\n<ul>\n<li>Desarrollar competencias necesarias para dise\u00f1o y desarrollo de interconexi\u00f3n de sistemas electr\u00f3nicos complejos<\/li>\n<li>Desarrollar competencias para utilizar eficientemente est\u00e1ndares de interfaces de datos.<\/li>\n<\/ul>\n<p><strong>Contenidos m\u00ednimos<\/strong><\/p>\n<ul>\n<li>Caracterizaci\u00f3n y comparaci\u00f3n de las diferentes comunicaciones en un bus serial<\/li>\n<li>Estudio avanzado de interfaces de comunicaciones en buses seriales asincr\u00f3nicos y sincr\u00f3nicos<\/li>\n<li>Est\u00e1ndares cableados e inal\u00e1mbricos<\/li>\n<li>Est\u00e1ndares \u00d3pticos<\/li>\n<li>Interfaces en redes de comunicaciones industriales. Protocolos industriales.<\/li>\n<\/ul>\n","protected":false},"excerpt":{"rendered":"<p>Docente a cargo Mag. Ing. Mar\u00eda de los Angeles G\u00f3mez L\u00f3pez Descripci\u00f3n En este curso se estudian los conceptos fundamentales detr\u00e1s del desarrollo de sistemas electr\u00f3nicos complejos que deben comunicarse con otros sistemas similares. Para ello, se estudian tanto fundamen-tos detr\u00e1s de las comunicaciones digitales modernas, como las especificaciones y caracter\u00edsticas de las interfaces de [&hellip;]<\/p>\n","protected":false},"author":101025,"featured_media":0,"parent":0,"menu_order":0,"comment_status":"closed","ping_status":"closed","template":"","meta":[],"_links":{"self":[{"href":"https:\/\/www.facet.unt.edu.ar\/maestriaelectronica\/wp-json\/wp\/v2\/pages\/296"}],"collection":[{"href":"https:\/\/www.facet.unt.edu.ar\/maestriaelectronica\/wp-json\/wp\/v2\/pages"}],"about":[{"href":"https:\/\/www.facet.unt.edu.ar\/maestriaelectronica\/wp-json\/wp\/v2\/types\/page"}],"author":[{"embeddable":true,"href":"https:\/\/www.facet.unt.edu.ar\/maestriaelectronica\/wp-json\/wp\/v2\/users\/101025"}],"replies":[{"embeddable":true,"href":"https:\/\/www.facet.unt.edu.ar\/maestriaelectronica\/wp-json\/wp\/v2\/comments?post=296"}],"version-history":[{"count":2,"href":"https:\/\/www.facet.unt.edu.ar\/maestriaelectronica\/wp-json\/wp\/v2\/pages\/296\/revisions"}],"predecessor-version":[{"id":330,"href":"https:\/\/www.facet.unt.edu.ar\/maestriaelectronica\/wp-json\/wp\/v2\/pages\/296\/revisions\/330"}],"wp:attachment":[{"href":"https:\/\/www.facet.unt.edu.ar\/maestriaelectronica\/wp-json\/wp\/v2\/media?parent=296"}],"curies":[{"name":"wp","href":"https:\/\/api.w.org\/{rel}","templated":true}]}}