{"id":31,"date":"2021-11-05T18:17:40","date_gmt":"2021-11-05T18:17:40","guid":{"rendered":"https:\/\/www.facet.unt.edu.ar\/maestriaelectronica\/?page_id=31"},"modified":"2021-11-18T22:35:54","modified_gmt":"2021-11-18T22:35:54","slug":"docentes","status":"publish","type":"page","link":"https:\/\/www.facet.unt.edu.ar\/maestriaelectronica\/docentes\/","title":{"rendered":"Docentes"},"content":{"rendered":"<p>Dra. Barale, Griselda Carmen (Fac. de Filosof\u00eda y Letras-Universidad Nacional de Tucum\u00e1n)<br \/>\n<a href=\"mailto:elcorreoquequieres@correo.com\">Email:griseldacbarale@gmail.com<\/a><\/p>\n<p>Dr. Ing. Cabrera, Miguel Angel (FACET- Universidad Nacional de Tucum\u00e1n)<br \/>\n<a href=\"mailto:mcabrera@herrera.unt.edu.ar\"> Email: mcabrera@herrera.unt.edu.ar<\/a><\/p>\n<p>Mg. Ing. Fadel, Rub\u00e9n del Valle (FACET- Universidad Nacional de Tucum\u00e1n)<br \/>\n<a href=\"mailto:rfadel@herrera.unt.edu.ar\">Email: rfadel@herrera.unt.edu.ar<\/a><\/p>\n<p>Dr. Ing. Fagre, Mariano (FACET- Universidad Nacional de Tucum\u00e1n)<br \/>\n<a href=\"mailto:mfagre@herrera.unt.edu.ar\"> Email: mfagre@herrera.unt.edu.ar<\/a><\/p>\n<p>Dr. Ing. Formigli, Carlos Manuel (FACET- Universidad Nacional de Tucum\u00e1n)<br \/>\n<a href=\"mailto:cformigli@herrera.unt.edu.ar\">Email: cformigli@herrera.unt.edu.ar<\/a><\/p>\n<p>Mg. Ing. G\u00f3mez L\u00f3pez, Mar\u00eda de los Angeles (FACET- Universidad Nacional de Tucum\u00e1n)<br \/>\n<a href=\"mailto:mgomezlopez@herrera.unt.edu.ar\"> Email: mgomezlopez@herrera.unt.edu.ar <\/a><\/p>\n<p>Mg. Ing. Juarez, Gustavo Eduardo (FACET- Universidad Nacional de Tucum\u00e1n)<br \/>\n<a href=\"mailto:gjuarez@herrera.unt.edu.ar\"> Email: gjuarez@herrera.unt.edu.ar <\/a><\/p>\n<p>Dr. Ing. Katz, Marcos Daniel (Universidad de Oulu, Finlandia)<br \/>\n<a href=\"mailto:marcos.katz@oulu.fi\"> Email: marcos.katz@oulu.fi <\/a><\/p>\n<p>Dr. Ing. Miranda Bonomi, Fernando Alberto (FACET- Universidad Nacional de Tucum\u00e1n)<br \/>\n<a href=\"mailto:fmirandabonomi@herrera.unt.edu.ar\"> Email: fmirandabonomi@herrera.unt.edu.ar <\/a><\/p>\n<p>Dr. Ing. Saavedra, Zen\u00f3n (FACET- Universidad Nacional de Tucum\u00e1n)<br \/>\n<a href=\"mailto:zsaavedra@herrera.unt.edu.ar\"> Email: zsaavedra@herrera.unt.edu.ar <\/a><\/p>\n<p>Mg. Ing. Scandaliaris, Jorge (FACET- Universidad Nacional de Tucum\u00e1n)<br \/>\n<a href=\"mailto:jscandaliaris@herrera.unt.edu.ar\">Email: jscandaliaris@herrera.unt.edu.ar<\/a><\/p>\n<p>Mg. Ing. Weyerstall, Walter Mario (FACET- Universidad Nacional de Tucum\u00e1n)<br \/>\n<a href=\"mailto:wweyerstall@herrera.unt.edu.ar\"> Email: wweyerstall@herrera.unt.edu.ar <\/a><\/p>\n","protected":false},"excerpt":{"rendered":"<p>Dra. Barale, Griselda Carmen (Fac. de Filosof\u00eda y Letras-Universidad Nacional de Tucum\u00e1n) Email:griseldacbarale@gmail.com Dr. Ing. Cabrera, Miguel Angel (FACET- Universidad Nacional de Tucum\u00e1n) Email: mcabrera@herrera.unt.edu.ar Mg. Ing. Fadel, Rub\u00e9n del Valle (FACET- Universidad Nacional de Tucum\u00e1n) Email: rfadel@herrera.unt.edu.ar Dr. Ing. Fagre, Mariano (FACET- Universidad Nacional de Tucum\u00e1n) Email: mfagre@herrera.unt.edu.ar Dr. Ing. Formigli, Carlos Manuel (FACET- [&hellip;]<\/p>\n","protected":false},"author":101025,"featured_media":0,"parent":0,"menu_order":0,"comment_status":"closed","ping_status":"closed","template":"","meta":[],"_links":{"self":[{"href":"https:\/\/www.facet.unt.edu.ar\/maestriaelectronica\/wp-json\/wp\/v2\/pages\/31"}],"collection":[{"href":"https:\/\/www.facet.unt.edu.ar\/maestriaelectronica\/wp-json\/wp\/v2\/pages"}],"about":[{"href":"https:\/\/www.facet.unt.edu.ar\/maestriaelectronica\/wp-json\/wp\/v2\/types\/page"}],"author":[{"embeddable":true,"href":"https:\/\/www.facet.unt.edu.ar\/maestriaelectronica\/wp-json\/wp\/v2\/users\/101025"}],"replies":[{"embeddable":true,"href":"https:\/\/www.facet.unt.edu.ar\/maestriaelectronica\/wp-json\/wp\/v2\/comments?post=31"}],"version-history":[{"count":5,"href":"https:\/\/www.facet.unt.edu.ar\/maestriaelectronica\/wp-json\/wp\/v2\/pages\/31\/revisions"}],"predecessor-version":[{"id":421,"href":"https:\/\/www.facet.unt.edu.ar\/maestriaelectronica\/wp-json\/wp\/v2\/pages\/31\/revisions\/421"}],"wp:attachment":[{"href":"https:\/\/www.facet.unt.edu.ar\/maestriaelectronica\/wp-json\/wp\/v2\/media?parent=31"}],"curies":[{"name":"wp","href":"https:\/\/api.w.org\/{rel}","templated":true}]}}