{"id":315,"date":"2021-11-17T22:18:56","date_gmt":"2021-11-17T22:18:56","guid":{"rendered":"https:\/\/www.facet.unt.edu.ar\/maestriaelectronica\/?page_id=315"},"modified":"2021-11-17T22:30:45","modified_gmt":"2021-11-17T22:30:45","slug":"315-2","status":"publish","type":"page","link":"https:\/\/www.facet.unt.edu.ar\/maestriaelectronica\/315-2\/","title":{"rendered":"VERIFICACI\u00d3N Y VALIDACI\u00d3N DE SOFTWARE\u00a0\u00a0\u00a0"},"content":{"rendered":"<p><b>Docente a cargo:<\/b><\/p>\n<p>Dr. Ing. Mariano Fagre<\/p>\n<p><b>Descripci\u00f3n<\/b><\/p>\n<p>La verificaci\u00f3n y validaci\u00f3n de software brinda herramientas para valorar software especializado en rela-ci\u00f3n a su eficacia y eficiencia. Se propone una metodolog\u00eda te\u00f3rico-pr\u00e1ctica que permite a los estudiantes aplicar los conceptos aprendidos mediante casos de estudio y proyectos para aplicaci\u00f3n profesional en el dise\u00f1o y desarrollo de software.<\/p>\n<p><b>Objetivos<\/b><\/p>\n<p>Desarrollar competencias para verificar y validar la calidad del software as\u00ed como dise\u00f1ar planes de verificaci\u00f3n y aseguramiento de calidad de software.<\/p>\n<p><b>Contenidos m\u00ednimos<\/b><\/p>\n<ul>\n<li>Ingenier\u00eda de software.<\/li>\n<li>Desarrollo profesional de software de prop\u00f3sito general y sistemas embebidos.<\/li>\n<li>Aseguramiento de Calidad de calidad de software.<\/li>\n<li>Verificaci\u00f3n de software de sistemas de prop\u00f3sito general y embebidos.<\/li>\n<\/ul>\n","protected":false},"excerpt":{"rendered":"<p>Docente a cargo: Dr. Ing. Mariano Fagre Descripci\u00f3n La verificaci\u00f3n y validaci\u00f3n de software brinda herramientas para valorar software especializado en rela-ci\u00f3n a su eficacia y eficiencia. Se propone una metodolog\u00eda te\u00f3rico-pr\u00e1ctica que permite a los estudiantes aplicar los conceptos aprendidos mediante casos de estudio y proyectos para aplicaci\u00f3n profesional en el dise\u00f1o y desarrollo [&hellip;]<\/p>\n","protected":false},"author":101025,"featured_media":0,"parent":0,"menu_order":0,"comment_status":"closed","ping_status":"closed","template":"","meta":[],"_links":{"self":[{"href":"https:\/\/www.facet.unt.edu.ar\/maestriaelectronica\/wp-json\/wp\/v2\/pages\/315"}],"collection":[{"href":"https:\/\/www.facet.unt.edu.ar\/maestriaelectronica\/wp-json\/wp\/v2\/pages"}],"about":[{"href":"https:\/\/www.facet.unt.edu.ar\/maestriaelectronica\/wp-json\/wp\/v2\/types\/page"}],"author":[{"embeddable":true,"href":"https:\/\/www.facet.unt.edu.ar\/maestriaelectronica\/wp-json\/wp\/v2\/users\/101025"}],"replies":[{"embeddable":true,"href":"https:\/\/www.facet.unt.edu.ar\/maestriaelectronica\/wp-json\/wp\/v2\/comments?post=315"}],"version-history":[{"count":3,"href":"https:\/\/www.facet.unt.edu.ar\/maestriaelectronica\/wp-json\/wp\/v2\/pages\/315\/revisions"}],"predecessor-version":[{"id":326,"href":"https:\/\/www.facet.unt.edu.ar\/maestriaelectronica\/wp-json\/wp\/v2\/pages\/315\/revisions\/326"}],"wp:attachment":[{"href":"https:\/\/www.facet.unt.edu.ar\/maestriaelectronica\/wp-json\/wp\/v2\/media?parent=315"}],"curies":[{"name":"wp","href":"https:\/\/api.w.org\/{rel}","templated":true}]}}