{"id":33,"date":"2021-11-05T18:18:31","date_gmt":"2021-11-05T18:18:31","guid":{"rendered":"https:\/\/www.facet.unt.edu.ar\/maestriaelectronica\/?page_id=33"},"modified":"2025-05-15T01:10:17","modified_gmt":"2025-05-15T01:10:17","slug":"institucional","status":"publish","type":"page","link":"https:\/\/www.facet.unt.edu.ar\/maestriaelectronica\/institucional\/","title":{"rendered":"Institucional"},"content":{"rendered":"<ul>\n<li><a href=\"https:\/\/www.facet.unt.edu.ar\/maestriaelectronica\/historia\/\">Historia<\/a><\/li>\n<li><a href=\"https:\/\/www.facet.unt.edu.ar\/maestriaelectronica\/fundamentos\/\">Fundamentos<\/a><\/li>\n<li><a href=\"https:\/\/www.facet.unt.edu.ar\/maestriaelectronica\/objetivos-2\/\">Objetivos<\/a><\/li>\n<li><a href=\"https:\/\/www.facet.unt.edu.ar\/maestriaelectronica\/objetivos\/\">Autoridades<\/a><\/li>\n<\/ul>\n<p>La <strong data-start=\"1100\" data-end=\"1127\">Maestr\u00eda en Electr\u00f3nica<\/strong> es una carrera de posgrado de la <strong data-start=\"1161\" data-end=\"1174\">FACET-UNT<\/strong> destinada a profundizar y actualizar la formaci\u00f3n de profesionales en electr\u00f3nica y \u00e1reas afines.<\/p>\n<p><strong>Historia<\/strong><\/p>\n<blockquote><p>Lanzada en 2025, constituye la primera maestr\u00eda en su tipo dictada \u00edntegramente en modalidad virtual desde nuestra Facultad.<\/p>\n<p>La Maestr\u00eda en Electr\u00f3nica de la FACET-UNT se consolida como un programa acad\u00e9mico de excelencia desde su creaci\u00f3n en 2021. Dise\u00f1ada para abordar los retos tecnol\u00f3gicos del futuro, su modalidad virtual permite la participaci\u00f3n de estudiantes de diversos contextos geogr\u00e1ficos, convirti\u00e9ndola en una opci\u00f3n acad\u00e9mica accesible e innovadora.<\/p><\/blockquote>\n<p><strong>Fundamentos<\/strong><\/p>\n<blockquote><p>Este programa se basa en pilares clave como la innovaci\u00f3n tecnol\u00f3gica, la competitividad internacional y el impacto positivo en la sociedad. Con un enfoque multidisciplinario, la maestr\u00eda prepara a los profesionales para liderar proyectos electr\u00f3nicos en entornos cambiantes y exigentes.<\/p><\/blockquote>\n<p><strong>Objetivos<\/strong><\/p>\n<blockquote><p>Formar expertos en electr\u00f3nica capaces de dise\u00f1ar soluciones tecnol\u00f3gicas avanzadas, fomentar la investigaci\u00f3n aplicada y promover la innovaci\u00f3n en sectores clave. Nuestros egresados estar\u00e1n preparados para enfrentar los desaf\u00edos del mercado global con una visi\u00f3n \u00e9tica, social y t\u00e9cnica.<\/p><\/blockquote>\n","protected":false},"excerpt":{"rendered":"<p>Historia Fundamentos Objetivos Autoridades La Maestr\u00eda en Electr\u00f3nica es una carrera de posgrado de la FACET-UNT destinada a profundizar y actualizar la formaci\u00f3n de profesionales en electr\u00f3nica y \u00e1reas afines. Historia Lanzada en 2025, constituye la primera maestr\u00eda en su tipo dictada \u00edntegramente en modalidad virtual desde nuestra Facultad. La Maestr\u00eda en Electr\u00f3nica de la [&hellip;]<\/p>\n","protected":false},"author":101025,"featured_media":0,"parent":0,"menu_order":0,"comment_status":"closed","ping_status":"closed","template":"","meta":[],"_links":{"self":[{"href":"https:\/\/www.facet.unt.edu.ar\/maestriaelectronica\/wp-json\/wp\/v2\/pages\/33"}],"collection":[{"href":"https:\/\/www.facet.unt.edu.ar\/maestriaelectronica\/wp-json\/wp\/v2\/pages"}],"about":[{"href":"https:\/\/www.facet.unt.edu.ar\/maestriaelectronica\/wp-json\/wp\/v2\/types\/page"}],"author":[{"embeddable":true,"href":"https:\/\/www.facet.unt.edu.ar\/maestriaelectronica\/wp-json\/wp\/v2\/users\/101025"}],"replies":[{"embeddable":true,"href":"https:\/\/www.facet.unt.edu.ar\/maestriaelectronica\/wp-json\/wp\/v2\/comments?post=33"}],"version-history":[{"count":6,"href":"https:\/\/www.facet.unt.edu.ar\/maestriaelectronica\/wp-json\/wp\/v2\/pages\/33\/revisions"}],"predecessor-version":[{"id":633,"href":"https:\/\/www.facet.unt.edu.ar\/maestriaelectronica\/wp-json\/wp\/v2\/pages\/33\/revisions\/633"}],"wp:attachment":[{"href":"https:\/\/www.facet.unt.edu.ar\/maestriaelectronica\/wp-json\/wp\/v2\/media?parent=33"}],"curies":[{"name":"wp","href":"https:\/\/api.w.org\/{rel}","templated":true}]}}