{"id":334,"date":"2021-11-17T22:36:15","date_gmt":"2021-11-17T22:36:15","guid":{"rendered":"https:\/\/www.facet.unt.edu.ar\/maestriaelectronica\/?page_id=334"},"modified":"2021-11-17T22:36:15","modified_gmt":"2021-11-17T22:36:15","slug":"direccion-de-proyectos-tecnologicos","status":"publish","type":"page","link":"https:\/\/www.facet.unt.edu.ar\/maestriaelectronica\/direccion-de-proyectos-tecnologicos\/","title":{"rendered":"DIRECCI\u00d3N DE PROYECTOS TECNOL\u00d3GICOS"},"content":{"rendered":"<p><b>Docente a cargo:<\/b><\/p>\n<p>Mag. Ing. Walter Weyerstall<\/p>\n<p><b>Descripci\u00f3n<\/b><\/p>\n<p>La asignatura se desarrolla desde un corte fuertemente pr\u00e1ctico experimentando situaciones cercanas a la vida real y encontrando respuesta desde la teor\u00eda. La constituyen dos partes que, separadas s\u00f3lo con fines pedag\u00f3gicos, forman un todo en la Direcci\u00f3n de Proyectos: equipos de trabajo y gesti\u00f3n del proyecto.<\/p>\n<p>En la primera parte se aborda el proceso de formaci\u00f3n de grupos y su transformaci\u00f3n en \u00abequipo de trabajo\u00bb.<\/p>\n<p>La segunda parte se enfoca en el an\u00e1lisis y selecci\u00f3n de mercados, formulaci\u00f3n y evaluaci\u00f3n de proyec-tos, t\u00e9cnicas de comunicaci\u00f3n para presentaciones profesionales.<\/p>\n<p>Culmina la asignatura con una presentaci\u00f3n grupal del proyecto con an\u00e1lisis detallado del problema que pretende resolver, la soluci\u00f3n propuesta, la tecnolog\u00eda involucrada, an\u00e1lisis de mercados y financieros.<\/p>\n<p><b>Objetivos<\/b><\/p>\n<p>Con la asignatura se propone desarrollar competencias sobre, trabajo en equipo, direcci\u00f3n y gesti\u00f3n, contextualizando los proyectos de ingenier\u00eda en los aspectos sociales y humanos, con la ayuda de las ciencias sociales y experiencias realizadas durante la asignatura.<\/p>\n<p><b>Contenidos m\u00ednimos<\/b><\/p>\n<ul>\n<li>Procesos de grupo. Contextualizaci\u00f3n de proyectos y grupos. Din\u00e1mica de grupos centrados en la tarea. Modelos de formaci\u00f3n de grupos centrados en la tarea. Creaci\u00f3n y planteamiento de proyectos. Necesidad y procesos de liderazgo. Fijaci\u00f3n de metas. Divisi\u00f3n de roles. Incorporaci\u00f3n de nuevos miembros al equipo.\u00a0 Resoluci\u00f3n de conflictos. Ejecuci\u00f3n de proyectos. Presentaci\u00f3n profesional de proyectos.<\/li>\n<li>Gesti\u00f3n del Proyecto. Caracter\u00edsticas intr\u00ednsecas de un proyecto. Din\u00e1micas de mercados.\u00a0 Identificaci\u00f3n de variables relevantes. Satisfacci\u00f3n de expectativas del cliente o beneficiario. Din\u00e1micas de inversiones financieras. Din\u00e1micas de los proyectos de inversi\u00f3n. Comunicaci\u00f3n de proyectos ante audiencias profesionales.<\/li>\n<\/ul>\n","protected":false},"excerpt":{"rendered":"<p>Docente a cargo: Mag. Ing. Walter Weyerstall Descripci\u00f3n La asignatura se desarrolla desde un corte fuertemente pr\u00e1ctico experimentando situaciones cercanas a la vida real y encontrando respuesta desde la teor\u00eda. La constituyen dos partes que, separadas s\u00f3lo con fines pedag\u00f3gicos, forman un todo en la Direcci\u00f3n de Proyectos: equipos de trabajo y gesti\u00f3n del proyecto. [&hellip;]<\/p>\n","protected":false},"author":101025,"featured_media":0,"parent":0,"menu_order":0,"comment_status":"closed","ping_status":"closed","template":"","meta":[],"_links":{"self":[{"href":"https:\/\/www.facet.unt.edu.ar\/maestriaelectronica\/wp-json\/wp\/v2\/pages\/334"}],"collection":[{"href":"https:\/\/www.facet.unt.edu.ar\/maestriaelectronica\/wp-json\/wp\/v2\/pages"}],"about":[{"href":"https:\/\/www.facet.unt.edu.ar\/maestriaelectronica\/wp-json\/wp\/v2\/types\/page"}],"author":[{"embeddable":true,"href":"https:\/\/www.facet.unt.edu.ar\/maestriaelectronica\/wp-json\/wp\/v2\/users\/101025"}],"replies":[{"embeddable":true,"href":"https:\/\/www.facet.unt.edu.ar\/maestriaelectronica\/wp-json\/wp\/v2\/comments?post=334"}],"version-history":[{"count":1,"href":"https:\/\/www.facet.unt.edu.ar\/maestriaelectronica\/wp-json\/wp\/v2\/pages\/334\/revisions"}],"predecessor-version":[{"id":335,"href":"https:\/\/www.facet.unt.edu.ar\/maestriaelectronica\/wp-json\/wp\/v2\/pages\/334\/revisions\/335"}],"wp:attachment":[{"href":"https:\/\/www.facet.unt.edu.ar\/maestriaelectronica\/wp-json\/wp\/v2\/media?parent=334"}],"curies":[{"name":"wp","href":"https:\/\/api.w.org\/{rel}","templated":true}]}}