{"id":339,"date":"2021-11-17T22:42:21","date_gmt":"2021-11-17T22:42:21","guid":{"rendered":"https:\/\/www.facet.unt.edu.ar\/maestriaelectronica\/?page_id=339"},"modified":"2021-11-17T22:42:21","modified_gmt":"2021-11-17T22:42:21","slug":"reflexiones-sobre-tecnologia","status":"publish","type":"page","link":"https:\/\/www.facet.unt.edu.ar\/maestriaelectronica\/reflexiones-sobre-tecnologia\/","title":{"rendered":"REFLEXIONES SOBRE TECNOLOG\u00cdA"},"content":{"rendered":"<p><b>Docente a cargo:<\/b><\/p>\n<p>Dra. Griselda Carmen Barale<\/p>\n<p><b>Descripci\u00f3n<\/b><\/p>\n<p>La asignatura se desarrolla desde un corte fuertemente te\u00f3rico; se trata de reflexionar acerca del impacto de la t\u00e9cnica y la tecnolog\u00eda en la evoluci\u00f3n humana, desde una perspectiva cr\u00edtica teniendo siempre a la vista el car\u00e1cter irrenunciable y, a la vez, amenazante de la misma.\u00a0 En la primera parte se har\u00e1 un aborda-je al tema desde el conocimiento mostrando qu\u00e9 significa el conocimiento t\u00e9cnico, tecnol\u00f3gico y cient\u00edfico y el papel socio-cultural de la tecnolog\u00eda.\u00a0 En la segunda parte se tomar\u00e1n dos cortes, antes y despu\u00e9s del impacto de la tecnociencia: Proyecto Manhattan y COVID 19.<\/p>\n<p><b>Objetivos<\/b><\/p>\n<ul>\n<li aria-level=\"1\">Que los estudiantes de la Maestr\u00eda puedan ver la tecnolog\u00eda con los \u201cojos bien abiertos\u201d, como dicen algunos tecn\u00f3logos y que, al hacerlo, puedan sopesar desde perspectivas diferentes, el impacto que sus propias producciones tienen sobre la sociedad, la vida cotidiana, la tradici\u00f3n cultural, la \u00e9tica, etc.<\/li>\n<li aria-level=\"1\">Que incursionen en una reflexi\u00f3n sobre Ciencia, Tecnolog\u00eda y Sociedad, situada en el contexto latinoa-mericano.<\/li>\n<\/ul>\n<p><b>Contenidos m\u00ednimos<\/b><\/p>\n<ul>\n<li>C\u00f3mo y por qu\u00e9 aparece la t\u00e9cnica. T\u00e9cnica y evoluci\u00f3n.<\/li>\n<li>Qu\u00e9 consigue el hombre por la t\u00e9cnica y qu\u00e9 pierde.<\/li>\n<li>El saber t\u00e9cnico, el saber tecnol\u00f3gico, el saber cient\u00edfico, otros saberes y las relaciones entre ellos.<\/li>\n<li>Qu\u00e9 es el objeto t\u00e9cnico\/tecnol\u00f3gico. Tecnolog\u00edas duras\/blandas.<\/li>\n<li>Tecnolog\u00eda y visiones del mundo.<\/li>\n<li>La producci\u00f3n y\/o posesi\u00f3n de saberes tecnol\u00f3gicos.<\/li>\n<li>El Proyecto Manhattan y sus consecuencias.<\/li>\n<li>El mundo mediado tecnol\u00f3gicamente: el covid 19 crecimiento y p\u00e9rdidas.<\/li>\n<li>Creatividad y belleza en la tecnolog\u00eda. Saberes tecnol\u00f3gicos en la producci\u00f3n art\u00edstica. Diferencias y similitudes entre tecnolog\u00eda y arte.<\/li>\n<\/ul>\n","protected":false},"excerpt":{"rendered":"<p>Docente a cargo: Dra. Griselda Carmen Barale Descripci\u00f3n La asignatura se desarrolla desde un corte fuertemente te\u00f3rico; se trata de reflexionar acerca del impacto de la t\u00e9cnica y la tecnolog\u00eda en la evoluci\u00f3n humana, desde una perspectiva cr\u00edtica teniendo siempre a la vista el car\u00e1cter irrenunciable y, a la vez, amenazante de la misma.\u00a0 En [&hellip;]<\/p>\n","protected":false},"author":101025,"featured_media":0,"parent":0,"menu_order":0,"comment_status":"closed","ping_status":"closed","template":"","meta":[],"_links":{"self":[{"href":"https:\/\/www.facet.unt.edu.ar\/maestriaelectronica\/wp-json\/wp\/v2\/pages\/339"}],"collection":[{"href":"https:\/\/www.facet.unt.edu.ar\/maestriaelectronica\/wp-json\/wp\/v2\/pages"}],"about":[{"href":"https:\/\/www.facet.unt.edu.ar\/maestriaelectronica\/wp-json\/wp\/v2\/types\/page"}],"author":[{"embeddable":true,"href":"https:\/\/www.facet.unt.edu.ar\/maestriaelectronica\/wp-json\/wp\/v2\/users\/101025"}],"replies":[{"embeddable":true,"href":"https:\/\/www.facet.unt.edu.ar\/maestriaelectronica\/wp-json\/wp\/v2\/comments?post=339"}],"version-history":[{"count":1,"href":"https:\/\/www.facet.unt.edu.ar\/maestriaelectronica\/wp-json\/wp\/v2\/pages\/339\/revisions"}],"predecessor-version":[{"id":340,"href":"https:\/\/www.facet.unt.edu.ar\/maestriaelectronica\/wp-json\/wp\/v2\/pages\/339\/revisions\/340"}],"wp:attachment":[{"href":"https:\/\/www.facet.unt.edu.ar\/maestriaelectronica\/wp-json\/wp\/v2\/media?parent=339"}],"curies":[{"name":"wp","href":"https:\/\/api.w.org\/{rel}","templated":true}]}}