{"id":346,"date":"2021-11-18T00:04:14","date_gmt":"2021-11-18T00:04:14","guid":{"rendered":"https:\/\/www.facet.unt.edu.ar\/maestriaelectronica\/?page_id=346"},"modified":"2021-11-18T00:06:09","modified_gmt":"2021-11-18T00:06:09","slug":"sistemas-de-control-avanzado","status":"publish","type":"page","link":"https:\/\/www.facet.unt.edu.ar\/maestriaelectronica\/sistemas-de-control-avanzado\/","title":{"rendered":"SISTEMAS DE CONTROL AVANZADO"},"content":{"rendered":"<p><b>Docente a cargo:<\/b><\/p>\n<p>Mag. Ing. Rub\u00e9n del Valle Fadel<\/p>\n<p><b>Descripci\u00f3n<\/b><\/p>\n<p>En la asignatura se imparten conocimientos del campo del control autom\u00e1tico con \u00e9nfasis en los siste-mas no distribuidos y de automatizaci\u00f3n de procesos industriales.<\/p>\n<p>Se analizan los m\u00e9todos y t\u00e9cnicas de control moderno m\u00e1s difundidos; sus fortalezas y debilidades comparativas, as\u00ed como los escenarios m\u00e1s convenientes para su empleo.<\/p>\n<p>Se trabajar\u00e1 con la caracterizaci\u00f3n de la pir\u00e1mide de automatizaci\u00f3n.<\/p>\n<p>Se sigue un enfoque marcadamente pr\u00e1ctico, con ejemplos habituales en la industria.<\/p>\n<p>Se logra una visi\u00f3n general de los distintos enfoques de control existentes, concentr\u00e1ndose en el dise\u00f1o de aquellos que precisan un menor conocimiento o modelado a priori de la planta.<\/p>\n<p><b>Objetivos<\/b><\/p>\n<ul>\n<li aria-level=\"1\">Formar recursos humanos actualizados, con aplicaciones en el campo de la Ingenier\u00eda de Control en \u00e1reas de control de procesos y automatizaci\u00f3n industrial.<\/li>\n<li aria-level=\"1\">Desarrollar competencias para:<\/li>\n<li aria-level=\"1\">Integrar m\u00faltiples disciplinas de la Ingenier\u00eda y Gesti\u00f3n de Proyectos en los procesos de automatizaci\u00f3n y control industrial.<\/li>\n<li aria-level=\"1\">Dise\u00f1ar y desarrollar sistemas de control mono y multivariables utilizando t\u00e9cnicas avanzadas de control.<\/li>\n<li aria-level=\"1\">Aplicar herramientas computacionales para el c\u00e1lculo, an\u00e1lisis y simulaci\u00f3n de sistemas de control y au-tomatizaci\u00f3n de procesos.<\/li>\n<li aria-level=\"1\">Analizar, dise\u00f1ar y optimizar sistemas de control autom\u00e1tico para procesos industriales.<\/li>\n<\/ul>\n<p><b>Contenidos m\u00ednimos<\/b><\/p>\n<ul>\n<li>Caracterizaci\u00f3n de la pir\u00e1mide de automatizaci\u00f3n.<\/li>\n<li>Paradigmas de sistemas de control realimentados en funci\u00f3n de su naturaleza.<\/li>\n<li>M\u00e9todos para la identificaci\u00f3n y modelizaci\u00f3n de la planta de control.<\/li>\n<li>T\u00e9cnicas y enfoques del control moderno.<\/li>\n<li>Dise\u00f1o de controladores que no requieren mucho conocimiento de la planta.<\/li>\n<li>Aplicaciones de control avanzado.<\/li>\n<li>Implementaci\u00f3n en hardware.<\/li>\n<\/ul>\n","protected":false},"excerpt":{"rendered":"<p>Docente a cargo: Mag. Ing. Rub\u00e9n del Valle Fadel Descripci\u00f3n En la asignatura se imparten conocimientos del campo del control autom\u00e1tico con \u00e9nfasis en los siste-mas no distribuidos y de automatizaci\u00f3n de procesos industriales. Se analizan los m\u00e9todos y t\u00e9cnicas de control moderno m\u00e1s difundidos; sus fortalezas y debilidades comparativas, as\u00ed como los escenarios m\u00e1s [&hellip;]<\/p>\n","protected":false},"author":101025,"featured_media":0,"parent":0,"menu_order":0,"comment_status":"closed","ping_status":"closed","template":"","meta":[],"_links":{"self":[{"href":"https:\/\/www.facet.unt.edu.ar\/maestriaelectronica\/wp-json\/wp\/v2\/pages\/346"}],"collection":[{"href":"https:\/\/www.facet.unt.edu.ar\/maestriaelectronica\/wp-json\/wp\/v2\/pages"}],"about":[{"href":"https:\/\/www.facet.unt.edu.ar\/maestriaelectronica\/wp-json\/wp\/v2\/types\/page"}],"author":[{"embeddable":true,"href":"https:\/\/www.facet.unt.edu.ar\/maestriaelectronica\/wp-json\/wp\/v2\/users\/101025"}],"replies":[{"embeddable":true,"href":"https:\/\/www.facet.unt.edu.ar\/maestriaelectronica\/wp-json\/wp\/v2\/comments?post=346"}],"version-history":[{"count":2,"href":"https:\/\/www.facet.unt.edu.ar\/maestriaelectronica\/wp-json\/wp\/v2\/pages\/346\/revisions"}],"predecessor-version":[{"id":349,"href":"https:\/\/www.facet.unt.edu.ar\/maestriaelectronica\/wp-json\/wp\/v2\/pages\/346\/revisions\/349"}],"wp:attachment":[{"href":"https:\/\/www.facet.unt.edu.ar\/maestriaelectronica\/wp-json\/wp\/v2\/media?parent=346"}],"curies":[{"name":"wp","href":"https:\/\/api.w.org\/{rel}","templated":true}]}}