{"id":35,"date":"2021-11-05T18:19:26","date_gmt":"2021-11-05T18:19:26","guid":{"rendered":"https:\/\/www.facet.unt.edu.ar\/maestriaelectronica\/?page_id=35"},"modified":"2025-05-15T01:27:18","modified_gmt":"2025-05-15T01:27:18","slug":"admision","status":"publish","type":"page","link":"https:\/\/www.facet.unt.edu.ar\/maestriaelectronica\/admision\/","title":{"rendered":"Inscripci\u00f3n y Aranceles"},"content":{"rendered":"<p>Actualmente la <strong data-start=\"3490\" data-end=\"3547\">inscripci\u00f3n para la cohorte 2025 se encuentra cerrada<\/strong>. La pr\u00f3xima cohorte ser\u00e1 anunciada oportunamente.<\/p>\n<p>La <strong>Maestr\u00eda en Electr\u00f3nica<\/strong> ofrece un proceso de inscripci\u00f3n <strong>100% en l\u00ednea<\/strong>, accesible tanto para estudiantes nacionales como internacionales. Aqu\u00ed encontrar\u00e1s toda la informaci\u00f3n necesaria para completar tu inscripci\u00f3n de manera eficiente:<\/p>\n<ul>\n<li><a href=\"https:\/\/www.facet.unt.edu.ar\/maestriaelectronica\/requisitos-de-admision\/\" rel=\"noopener\"><strong>Requisitos de admisi\u00f3n<\/strong><\/a><\/li>\n<li><a href=\"https:\/\/www.facet.unt.edu.ar\/maestriaelectronica\/procedimiento-de-inscripcion\/\" rel=\"noopener\"><strong>Procedimiento de Inscripci\u00f3n<\/strong><\/a><\/li>\n<li><a href=\"https:\/\/www.facet.unt.edu.ar\/maestriaelectronica\/aranceles-y-forma-de-pago\/\" rel=\"noopener\"><strong>Aranceles y forma de pago<\/strong><\/a><\/li>\n<li><a href=\"https:\/\/www.facet.unt.edu.ar\/maestriaelectronica\/reglamento-de-inscripcion\/\" rel=\"noopener\"><strong>Reglamento de Inscripci\u00f3n<\/strong><\/a><\/li>\n<li><a href=\"https:\/\/docs.google.com\/forms\/d\/e\/1FAIpQLSd_xtNIJTW2NoZQn_FM9JyCcKcBJBpRDOkVmyYUn4oU37UJOg\/viewform\" rel=\"noopener\"><strong>Formulario de Inscripci\u00f3n<\/strong><\/a><\/li>\n<\/ul>\n<hr \/>\n<p><strong>Importante<\/strong>: Se recomienda leer detenidamente toda la informaci\u00f3n proporcionada en los enlaces antes de iniciar el proceso de inscripci\u00f3n. Esto ayudar\u00e1 a evitar errores y asegurar que se cumplan todos los requisitos establecidos.<\/p>\n<p>Para consultas o dudas, puedes escribirnos al correo: <a href=\"mailto:maestriaenelectronica@herrera.unt.edu.ar\">maestriaenelectronica@herrera.unt.edu.ar<\/a>.<\/p>\n","protected":false},"excerpt":{"rendered":"<p>Actualmente la inscripci\u00f3n para la cohorte 2025 se encuentra cerrada. La pr\u00f3xima cohorte ser\u00e1 anunciada oportunamente. La Maestr\u00eda en Electr\u00f3nica ofrece un proceso de inscripci\u00f3n 100% en l\u00ednea, accesible tanto para estudiantes nacionales como internacionales. Aqu\u00ed encontrar\u00e1s toda la informaci\u00f3n necesaria para completar tu inscripci\u00f3n de manera eficiente: Requisitos de admisi\u00f3n Procedimiento de Inscripci\u00f3n Aranceles [&hellip;]<\/p>\n","protected":false},"author":101025,"featured_media":0,"parent":0,"menu_order":0,"comment_status":"closed","ping_status":"closed","template":"","meta":[],"_links":{"self":[{"href":"https:\/\/www.facet.unt.edu.ar\/maestriaelectronica\/wp-json\/wp\/v2\/pages\/35"}],"collection":[{"href":"https:\/\/www.facet.unt.edu.ar\/maestriaelectronica\/wp-json\/wp\/v2\/pages"}],"about":[{"href":"https:\/\/www.facet.unt.edu.ar\/maestriaelectronica\/wp-json\/wp\/v2\/types\/page"}],"author":[{"embeddable":true,"href":"https:\/\/www.facet.unt.edu.ar\/maestriaelectronica\/wp-json\/wp\/v2\/users\/101025"}],"replies":[{"embeddable":true,"href":"https:\/\/www.facet.unt.edu.ar\/maestriaelectronica\/wp-json\/wp\/v2\/comments?post=35"}],"version-history":[{"count":14,"href":"https:\/\/www.facet.unt.edu.ar\/maestriaelectronica\/wp-json\/wp\/v2\/pages\/35\/revisions"}],"predecessor-version":[{"id":636,"href":"https:\/\/www.facet.unt.edu.ar\/maestriaelectronica\/wp-json\/wp\/v2\/pages\/35\/revisions\/636"}],"wp:attachment":[{"href":"https:\/\/www.facet.unt.edu.ar\/maestriaelectronica\/wp-json\/wp\/v2\/media?parent=35"}],"curies":[{"name":"wp","href":"https:\/\/api.w.org\/{rel}","templated":true}]}}