{"id":356,"date":"2021-11-18T00:25:07","date_gmt":"2021-11-18T00:25:07","guid":{"rendered":"https:\/\/www.facet.unt.edu.ar\/maestriaelectronica\/?page_id=356"},"modified":"2021-11-18T00:25:07","modified_gmt":"2021-11-18T00:25:07","slug":"diseno-de-sistemas-en-tiempo-real","status":"publish","type":"page","link":"https:\/\/www.facet.unt.edu.ar\/maestriaelectronica\/diseno-de-sistemas-en-tiempo-real\/","title":{"rendered":"DISE\u00d1O DE SISTEMAS EN TIEMPO REAL"},"content":{"rendered":"<p><b>Docente a cargo:<\/b><\/p>\n<p>Mag. Ing. Mar\u00eda de los Angeles G\u00f3mez L\u00f3pez<\/p>\n<p><b>Descripci\u00f3n<\/b><\/p>\n<p>Actualmente es importante para muchos sistemas la respuesta en un intervalo de tiempo determinado y m\u00ednimo, por lo que este curso discute las caracter\u00edsticas de los sistemas de tiempo real, tanto desde una perspectiva de hardware como de software, con orientaci\u00f3n en el dise\u00f1o, validaci\u00f3n e implementaci\u00f3n de estos sistemas.<\/p>\n<p><b>Objetivos<\/b><\/p>\n<p>Desarrollar competencias para:<\/p>\n<ul>\n<li aria-level=\"1\">Evaluar tecnolog\u00edas actuales de implementaci\u00f3n de sistemas en tiempo real, en particular microcontroladores de 32 bits.<\/li>\n<li aria-level=\"1\">Aplicar las mejores pr\u00e1cticas de Ingenier\u00eda de Software en el desarrollo de sistemas en tiempo real que sirvan para organizar el ciclo de vida de un proyecto y mejorar la eficiencia del trabajo en equipo.<\/li>\n<li aria-level=\"1\">Desarrollar aplicaciones embebidas en lenguaje C y utilizando un sistema operativo de tiempo real (RTOS), empleando t\u00e9cnicas de programaci\u00f3n espec\u00edficas para lograr eficiencia, confiabilidad y reusabilidad.<\/li>\n<\/ul>\n<p><b>Contenidos m\u00ednimos<\/b><\/p>\n<ul>\n<li>Tecnolog\u00edas y arquitecturas de sistemas embebidos y microcontroladores.<\/li>\n<li>Dise\u00f1o bare metal de sistemas digitales complejos.<\/li>\n<li>Definici\u00f3n, caracter\u00edsticas y clasificaci\u00f3n de los sistemas de tiempo real.<\/li>\n<li>Hardware para tiempo real.<\/li>\n<li>Programaci\u00f3n de sistemas de tiempo real.<\/li>\n<li>Recursos de sincronizaci\u00f3n y comunicaci\u00f3n entre tareas.<\/li>\n<li>Gesti\u00f3n de interrupciones de hardware y Cambio de contexto.<\/li>\n<li>Multitarea cooperativa y expropiativa.<\/li>\n<\/ul>\n","protected":false},"excerpt":{"rendered":"<p>Docente a cargo: Mag. Ing. Mar\u00eda de los Angeles G\u00f3mez L\u00f3pez Descripci\u00f3n Actualmente es importante para muchos sistemas la respuesta en un intervalo de tiempo determinado y m\u00ednimo, por lo que este curso discute las caracter\u00edsticas de los sistemas de tiempo real, tanto desde una perspectiva de hardware como de software, con orientaci\u00f3n en el [&hellip;]<\/p>\n","protected":false},"author":101025,"featured_media":0,"parent":0,"menu_order":0,"comment_status":"closed","ping_status":"closed","template":"","meta":[],"_links":{"self":[{"href":"https:\/\/www.facet.unt.edu.ar\/maestriaelectronica\/wp-json\/wp\/v2\/pages\/356"}],"collection":[{"href":"https:\/\/www.facet.unt.edu.ar\/maestriaelectronica\/wp-json\/wp\/v2\/pages"}],"about":[{"href":"https:\/\/www.facet.unt.edu.ar\/maestriaelectronica\/wp-json\/wp\/v2\/types\/page"}],"author":[{"embeddable":true,"href":"https:\/\/www.facet.unt.edu.ar\/maestriaelectronica\/wp-json\/wp\/v2\/users\/101025"}],"replies":[{"embeddable":true,"href":"https:\/\/www.facet.unt.edu.ar\/maestriaelectronica\/wp-json\/wp\/v2\/comments?post=356"}],"version-history":[{"count":1,"href":"https:\/\/www.facet.unt.edu.ar\/maestriaelectronica\/wp-json\/wp\/v2\/pages\/356\/revisions"}],"predecessor-version":[{"id":358,"href":"https:\/\/www.facet.unt.edu.ar\/maestriaelectronica\/wp-json\/wp\/v2\/pages\/356\/revisions\/358"}],"wp:attachment":[{"href":"https:\/\/www.facet.unt.edu.ar\/maestriaelectronica\/wp-json\/wp\/v2\/media?parent=356"}],"curies":[{"name":"wp","href":"https:\/\/api.w.org\/{rel}","templated":true}]}}