{"id":363,"date":"2021-11-18T00:32:05","date_gmt":"2021-11-18T00:32:05","guid":{"rendered":"https:\/\/www.facet.unt.edu.ar\/maestriaelectronica\/?page_id=363"},"modified":"2021-11-18T00:33:30","modified_gmt":"2021-11-18T00:33:30","slug":"laboratorio-remoto-de-fpga","status":"publish","type":"page","link":"https:\/\/www.facet.unt.edu.ar\/maestriaelectronica\/laboratorio-remoto-de-fpga\/","title":{"rendered":"LABORATORIO REMOTO DE FPGA"},"content":{"rendered":"<p><b>Docente a cargo:<\/b><\/p>\n<p>Mag. Ing. Mar\u00eda de los Angeles G\u00f3mez L\u00f3pez<\/p>\n<p><b>Descripci\u00f3n General<\/b><\/p>\n<p>Se desarrollar\u00e1 de manera remota. La experiencia de laboratorio se lleva a cabo con uno o m\u00e1s dispositivos o sistemas que constituyen el objeto de trabajo y que se encuentran en una ubicaci\u00f3n diferente a la de los estudiantes. Adem\u00e1s del experimento existen dispositivos y equipos de instrumentaci\u00f3n que permiten tanto el control del experimento, como la adquisici\u00f3n de resultados de la experimentaci\u00f3n.<\/p>\n<p>Una computadora funcionando como servidor de laboratorio asegura el control y monitoreo del experi-mento, a trav\u00e9s de los dispositivos y equipos de instrumentaci\u00f3n. Finalmente, un servidor asegura el enlace entre el servidor de laboratorio y el usuario a trav\u00e9s de Internet, gestionando diversas tareas tales como la seguridad y el control de acceso, asignaci\u00f3n y gesti\u00f3n de recursos, presentaci\u00f3n de material de aprendizaje, entre otras.<\/p>\n<p><b>Objetivos del experimento<\/b><\/p>\n<ul>\n<li aria-level=\"1\">Desarrollar habilidades t\u00e9cnicas y competencias para el manejo de herramientas concretas para el dise\u00f1o, implementaci\u00f3n y verificaci\u00f3n de sistemas digitales modernos en FPGAs.<\/li>\n<li aria-level=\"1\">Complementar los conocimientos te\u00f3ricos con la especificaci\u00f3n funcional de dispositivos y herramientas utilizados en el LR, mediante la experimentaci\u00f3n remota con la tecnolog\u00eda concreta que se utilizar\u00e1.<\/li>\n<\/ul>\n<p><b>Metodolog\u00eda de trabajo<\/b><\/p>\n<ul>\n<li aria-level=\"1\">Implementar tareas sobre una FPGA recreando contenidos de teor\u00eda y resolviendo una actividad pr\u00e1ctica de manera remota sobre una FPGA.<\/li>\n<li aria-level=\"1\">Realizar experimentos con herramientas concretas para la tecnolog\u00eda que se dispone, esto es, utilizando documentaci\u00f3n del fabricante que orienta el procedimiento, para programar depurar, etc.<\/li>\n<li aria-level=\"1\">Implementar la instrumentaci\u00f3n del dise\u00f1o usando m\u00f3dulos IP provistos por el fabricante para poder verificar el mismo de manera remota.<\/li>\n<\/ul>\n<p><b>Experiencias a desarrollar<\/b><\/p>\n<ul>\n<li aria-level=\"1\">Implementaci\u00f3n de tareas basadas en sistemas operativos en tiempo real: Nivel de prioridades y sincro-nizaci\u00f3n de tareas mediante sem\u00e1foro binario.\u00a0 Utilizaci\u00f3n de leds y teclas.<\/li>\n<li aria-level=\"1\">Temporizaci\u00f3n: Medici\u00f3n de tiempos transcurridos entre tareas. Implementaci\u00f3n de anti-rebote. Delay bloqueante y no bloqueante. Utilizaci\u00f3n de leds y teclas.<\/li>\n<li aria-level=\"1\">Manejo de estructuras e implementaci\u00f3n de colas. Utilizaci\u00f3n de leds y teclas.<\/li>\n<li aria-level=\"1\">Uart: Implementaci\u00f3n de tareas para transmitir y recibir bytes a una cierta tasa de transmisi\u00f3n a trav\u00e9s de un GPIO. Implementaci\u00f3n de interrupci\u00f3n utilizando sem\u00e1foro. Configuraci\u00f3n de m\u00f3dulos Bluetooth (HC-05) y Wi-Fi (ESP8266).<\/li>\n<li aria-level=\"1\">Implementaci\u00f3n de PWM por software. Manejo de Servomotores y leds de potencia<\/li>\n<\/ul>\n","protected":false},"excerpt":{"rendered":"<p>Docente a cargo: Mag. Ing. Mar\u00eda de los Angeles G\u00f3mez L\u00f3pez Descripci\u00f3n General Se desarrollar\u00e1 de manera remota. La experiencia de laboratorio se lleva a cabo con uno o m\u00e1s dispositivos o sistemas que constituyen el objeto de trabajo y que se encuentran en una ubicaci\u00f3n diferente a la de los estudiantes. Adem\u00e1s del experimento [&hellip;]<\/p>\n","protected":false},"author":101025,"featured_media":0,"parent":0,"menu_order":0,"comment_status":"closed","ping_status":"closed","template":"","meta":[],"_links":{"self":[{"href":"https:\/\/www.facet.unt.edu.ar\/maestriaelectronica\/wp-json\/wp\/v2\/pages\/363"}],"collection":[{"href":"https:\/\/www.facet.unt.edu.ar\/maestriaelectronica\/wp-json\/wp\/v2\/pages"}],"about":[{"href":"https:\/\/www.facet.unt.edu.ar\/maestriaelectronica\/wp-json\/wp\/v2\/types\/page"}],"author":[{"embeddable":true,"href":"https:\/\/www.facet.unt.edu.ar\/maestriaelectronica\/wp-json\/wp\/v2\/users\/101025"}],"replies":[{"embeddable":true,"href":"https:\/\/www.facet.unt.edu.ar\/maestriaelectronica\/wp-json\/wp\/v2\/comments?post=363"}],"version-history":[{"count":1,"href":"https:\/\/www.facet.unt.edu.ar\/maestriaelectronica\/wp-json\/wp\/v2\/pages\/363\/revisions"}],"predecessor-version":[{"id":364,"href":"https:\/\/www.facet.unt.edu.ar\/maestriaelectronica\/wp-json\/wp\/v2\/pages\/363\/revisions\/364"}],"wp:attachment":[{"href":"https:\/\/www.facet.unt.edu.ar\/maestriaelectronica\/wp-json\/wp\/v2\/media?parent=363"}],"curies":[{"name":"wp","href":"https:\/\/api.w.org\/{rel}","templated":true}]}}