{"id":366,"date":"2021-11-18T00:36:12","date_gmt":"2021-11-18T00:36:12","guid":{"rendered":"https:\/\/www.facet.unt.edu.ar\/maestriaelectronica\/?page_id=366"},"modified":"2021-11-18T00:36:12","modified_gmt":"2021-11-18T00:36:12","slug":"sistemas-avanzados-de-telecomunicaciones","status":"publish","type":"page","link":"https:\/\/www.facet.unt.edu.ar\/maestriaelectronica\/sistemas-avanzados-de-telecomunicaciones\/","title":{"rendered":"SISTEMAS AVANZADOS DE TELECOMUNICACIONES"},"content":{"rendered":"<p><b>Docente a cargo:<\/b><\/p>\n<p>Dr. Ing. Marcos D. Katz<\/p>\n<p><b>Descripci\u00f3n<\/b><\/p>\n<p>Se presenta la evoluci\u00f3n, estado actual y perspectivas futuras de las redes de comunicaciones inal\u00e1mbricas de \u00e1rea personal, local y extendida. Tecnolog\u00edas celulares de segunda, tercera, cuarta y quinta generaci\u00f3n. Segmentaci\u00f3n de red y perfiles de servicio. Servicios en la nube y en el borde, internet de las cosas y su aplicaci\u00f3n a sistemas ciberf\u00edsicos.<\/p>\n<p><b>Objetivos<\/b><\/p>\n<ul>\n<li aria-level=\"1\">La asignatura proporciona al estudiante conocimientos avanzados en materia de redes de comunicacio-nes modernas, redes inal\u00e1mbricas, redes celulares, servicios en la nube e internet de las cosas.<\/li>\n<li aria-level=\"1\">Competencias para el desarrollo de redes inal\u00e1mbricas, aplicaciones distribuidas, redes de sensores y sistemas ciberf\u00edsicos en \u00e1mbitos tales como industria 4.0, ciudades inteligentes y agricultura de precisi\u00f3n entre otros<\/li>\n<\/ul>\n<p><b>Contenidos m\u00ednimos<\/b><\/p>\n<ul>\n<li>Redes m\u00f3viles de segunda y tercera generaci\u00f3n.<\/li>\n<li>Redes m\u00f3viles de cuarta y quinta generaci\u00f3n.<\/li>\n<li>Redes WiFi y Bluetooth.<\/li>\n<li>Segmentaci\u00f3n de red y redes virtuales.<\/li>\n<li>C\u00f3mputo en la nube y c\u00f3mputo en el borde.<\/li>\n<li>Internet de las cosas.<\/li>\n<li>Aplicaciones de tiempo real e internet t\u00e1ctil.<\/li>\n<\/ul>\n","protected":false},"excerpt":{"rendered":"<p>Docente a cargo: Dr. Ing. Marcos D. Katz Descripci\u00f3n Se presenta la evoluci\u00f3n, estado actual y perspectivas futuras de las redes de comunicaciones inal\u00e1mbricas de \u00e1rea personal, local y extendida. Tecnolog\u00edas celulares de segunda, tercera, cuarta y quinta generaci\u00f3n. Segmentaci\u00f3n de red y perfiles de servicio. Servicios en la nube y en el borde, internet [&hellip;]<\/p>\n","protected":false},"author":101025,"featured_media":0,"parent":0,"menu_order":0,"comment_status":"closed","ping_status":"closed","template":"","meta":[],"_links":{"self":[{"href":"https:\/\/www.facet.unt.edu.ar\/maestriaelectronica\/wp-json\/wp\/v2\/pages\/366"}],"collection":[{"href":"https:\/\/www.facet.unt.edu.ar\/maestriaelectronica\/wp-json\/wp\/v2\/pages"}],"about":[{"href":"https:\/\/www.facet.unt.edu.ar\/maestriaelectronica\/wp-json\/wp\/v2\/types\/page"}],"author":[{"embeddable":true,"href":"https:\/\/www.facet.unt.edu.ar\/maestriaelectronica\/wp-json\/wp\/v2\/users\/101025"}],"replies":[{"embeddable":true,"href":"https:\/\/www.facet.unt.edu.ar\/maestriaelectronica\/wp-json\/wp\/v2\/comments?post=366"}],"version-history":[{"count":1,"href":"https:\/\/www.facet.unt.edu.ar\/maestriaelectronica\/wp-json\/wp\/v2\/pages\/366\/revisions"}],"predecessor-version":[{"id":367,"href":"https:\/\/www.facet.unt.edu.ar\/maestriaelectronica\/wp-json\/wp\/v2\/pages\/366\/revisions\/367"}],"wp:attachment":[{"href":"https:\/\/www.facet.unt.edu.ar\/maestriaelectronica\/wp-json\/wp\/v2\/media?parent=366"}],"curies":[{"name":"wp","href":"https:\/\/api.w.org\/{rel}","templated":true}]}}