{"id":368,"date":"2021-11-18T00:37:55","date_gmt":"2021-11-18T00:37:55","guid":{"rendered":"https:\/\/www.facet.unt.edu.ar\/maestriaelectronica\/?page_id=368"},"modified":"2021-11-18T00:37:55","modified_gmt":"2021-11-18T00:37:55","slug":"sistemas-de-sensado-por-ondas-de-radio","status":"publish","type":"page","link":"https:\/\/www.facet.unt.edu.ar\/maestriaelectronica\/sistemas-de-sensado-por-ondas-de-radio\/","title":{"rendered":"SISTEMAS DE SENSADO POR ONDAS DE RADIO"},"content":{"rendered":"<p><b>Docente a cargo:<\/b><\/p>\n<p>Dr. Ing. Zen\u00f3n Saavedra<\/p>\n<p><b>Descripci\u00f3n<\/b><\/p>\n<p>Se presentar\u00e1n conceptos avanzados involucrados en el dise\u00f1o y desarrollo de sistemas de sensado remoto por ondas de radio. Se estudian los efectos del medio de propagaci\u00f3n. Se estudian de manera aplicada diferentes t\u00e9cnicas de procesamiento digital sobre las se\u00f1ales recibidas por radar, con la finali-dad de mitigar los efectos no deseados presentes durante la b\u00fasqueda de objetivos y lograr la detecci\u00f3n positiva de un objetivo. Se analizan fortalezas y debilidades de diferentes sistemas de radar operativos en la actualidad.<\/p>\n<p><b>Objetivos<\/b><\/p>\n<ul>\n<li aria-level=\"1\">La asignatura proporciona al estudiante conocimientos necesarios y competencias para el dise\u00f1o y desa-rrollo de sistemas de sensado remoto en el \u00e1rea de las tecnolog\u00edas de radar.<\/li>\n<li aria-level=\"1\">Se adquieren competencias para el dise\u00f1o de sistemas de detecci\u00f3n y procesamiento de se\u00f1ales de radar.<\/li>\n<\/ul>\n<p><b>Contenidos m\u00ednimos<\/b><\/p>\n<ul>\n<li>Conceptos b\u00e1sicos de radar. Principio de funcionamiento.<\/li>\n<li>Clasificaci\u00f3n de sistemas de radar.<\/li>\n<li>Efectos del medio sobre las ondas electromagn\u00e9ticas.<\/li>\n<li>T\u00e9cnicas de mitigaci\u00f3n de ruido e interferencias. Resoluci\u00f3n de Clutter.<\/li>\n<li>Modelado del blanco, secci\u00f3n eficaz de Radar, efecto Doppler.<\/li>\n<li>T\u00e9cnicas de detecci\u00f3n de se\u00f1ales de radar.<\/li>\n<li>T\u00e9cnicas de modulaci\u00f3n para se\u00f1ales de radar.<\/li>\n<\/ul>\n","protected":false},"excerpt":{"rendered":"<p>Docente a cargo: Dr. Ing. Zen\u00f3n Saavedra Descripci\u00f3n Se presentar\u00e1n conceptos avanzados involucrados en el dise\u00f1o y desarrollo de sistemas de sensado remoto por ondas de radio. Se estudian los efectos del medio de propagaci\u00f3n. Se estudian de manera aplicada diferentes t\u00e9cnicas de procesamiento digital sobre las se\u00f1ales recibidas por radar, con la finali-dad de [&hellip;]<\/p>\n","protected":false},"author":101025,"featured_media":0,"parent":0,"menu_order":0,"comment_status":"closed","ping_status":"closed","template":"","meta":[],"_links":{"self":[{"href":"https:\/\/www.facet.unt.edu.ar\/maestriaelectronica\/wp-json\/wp\/v2\/pages\/368"}],"collection":[{"href":"https:\/\/www.facet.unt.edu.ar\/maestriaelectronica\/wp-json\/wp\/v2\/pages"}],"about":[{"href":"https:\/\/www.facet.unt.edu.ar\/maestriaelectronica\/wp-json\/wp\/v2\/types\/page"}],"author":[{"embeddable":true,"href":"https:\/\/www.facet.unt.edu.ar\/maestriaelectronica\/wp-json\/wp\/v2\/users\/101025"}],"replies":[{"embeddable":true,"href":"https:\/\/www.facet.unt.edu.ar\/maestriaelectronica\/wp-json\/wp\/v2\/comments?post=368"}],"version-history":[{"count":1,"href":"https:\/\/www.facet.unt.edu.ar\/maestriaelectronica\/wp-json\/wp\/v2\/pages\/368\/revisions"}],"predecessor-version":[{"id":369,"href":"https:\/\/www.facet.unt.edu.ar\/maestriaelectronica\/wp-json\/wp\/v2\/pages\/368\/revisions\/369"}],"wp:attachment":[{"href":"https:\/\/www.facet.unt.edu.ar\/maestriaelectronica\/wp-json\/wp\/v2\/media?parent=368"}],"curies":[{"name":"wp","href":"https:\/\/api.w.org\/{rel}","templated":true}]}}