{"id":37,"date":"2021-11-05T18:34:59","date_gmt":"2021-11-05T18:34:59","guid":{"rendered":"https:\/\/www.facet.unt.edu.ar\/maestriaelectronica\/?page_id=37"},"modified":"2021-12-15T01:51:05","modified_gmt":"2021-12-15T01:51:05","slug":"contacto","status":"publish","type":"page","link":"https:\/\/www.facet.unt.edu.ar\/maestriaelectronica\/contacto\/","title":{"rendered":"Contacto"},"content":{"rendered":"<div id=\"pl-37\"  class=\"panel-layout\" ><div id=\"pg-37-0\"  class=\"panel-grid panel-no-style\" ><div id=\"pgc-37-0-0\"  class=\"panel-grid-cell\" ><div id=\"panel-37-0-0-0\" class=\"so-panel widget widget_sow-contact-form panel-first-child panel-last-child\" data-index=\"0\" ><div\n\t\t\t\n\t\t\tclass=\"so-widget-sow-contact-form so-widget-sow-contact-form-default-51739e81be19-37\"\n\t\t\t\n\t\t>\t<form\n\t\taction=\"\/maestriaelectronica\/wp-json\/wp\/v2\/pages\/37\"\n\t\tmethod=\"POST\"\n\t\tclass=\"sow-contact-form\"\n\t\tid=\"contact-form-e662\"\n\t>\n\n\t\t\n\t\t            <p><em>Los campos marcados con * son obligatorios<\/em><\/p>\n\t\t\t            <div class=\"sow-form-field sow-form-field-name\"><label class=\"sow-form-field-label-above\" for=\"sow-contact-form-field-apellido-y-nombre-141896731661b947f141037233878761\">\n\t\t\t\t<strong>\n\t\t\t\t\tApellido y Nombre\t\t\t\t\t\t\t\t\t\t\t<span class=\"sow-form-field-required\">*<\/span>\n\t\t\t\t\t\t\t\t\t<\/strong>\n\t\t\t<\/label>\n\t\t\t<span class=\"sow-field-container\">\t\t<input\n\t\t\ttype=\"text\"\n\t\t\tname=\"apellido-y-nombre-141896731661b947f141037233878761\"\n\t\t\tid=\"sow-contact-form-field-apellido-y-nombre-141896731661b947f141037233878761\"\n\t\t\tvalue=\"\"\n\t\t\tclass=\"sow-text-field\"\n\t\t\t\t\t\/>\n\t\t<\/span><\/div>            <div class=\"sow-form-field sow-form-field-email\"><label class=\"sow-form-field-label-above\" for=\"sow-contact-form-field-correo-electrnico-141896731661b947f141037233878761\">\n\t\t\t\t<strong>\n\t\t\t\t\tCorreo electr\u00f3nico\t\t\t\t\t\t\t\t\t\t\t<span class=\"sow-form-field-required\">*<\/span>\n\t\t\t\t\t\t\t\t\t<\/strong>\n\t\t\t<\/label>\n\t\t\t<span class=\"sow-field-container\">\t\t<input\n\t\t\ttype=\"email\"\n\t\t\tname=\"correo-electrnico-141896731661b947f141037233878761\"\n\t\t\tid=\"sow-contact-form-field-correo-electrnico-141896731661b947f141037233878761\"\n\t\t\tvalue=\"\"\n\t\t\tclass=\"sow-text-field\"\t\t\t\t\t\/>\n\t\t<\/span><\/div>            <div class=\"sow-form-field sow-form-field-subject\"><label class=\"sow-form-field-label-above\" for=\"sow-contact-form-field-asunto-141896731661b947f141037233878761\">\n\t\t\t\t<strong>\n\t\t\t\t\tAsunto\t\t\t\t\t\t\t\t\t\t\t<span class=\"sow-form-field-required\">*<\/span>\n\t\t\t\t\t\t\t\t\t<\/strong>\n\t\t\t<\/label>\n\t\t\t<span class=\"sow-field-container\">\t\t<input\n\t\t\ttype=\"text\"\n\t\t\tname=\"asunto-141896731661b947f141037233878761\"\n\t\t\tid=\"sow-contact-form-field-asunto-141896731661b947f141037233878761\"\n\t\t\tvalue=\"\"\n\t\t\tclass=\"sow-text-field\"\n\t\t\t\t\t\t\t\t\/>\n\t\t<\/span><\/div>            <div class=\"sow-form-field sow-form-field-textarea\"><label class=\"sow-form-field-label-above\" for=\"sow-contact-form-field-mensaje-141896731661b947f141037233878761\">\n\t\t\t\t<strong>\n\t\t\t\t\tMensaje\t\t\t\t\t\t\t\t\t\t\t<span class=\"sow-form-field-required\">*<\/span>\n\t\t\t\t\t\t\t\t\t<\/strong>\n\t\t\t<\/label>\n\t\t\t<span class=\"sow-field-container\">\t\t<textarea\n\t\t\tname=\"mensaje-141896731661b947f141037233878761\"\n\t\t\tid=\"sow-contact-form-field-mensaje-141896731661b947f141037233878761\"\n\t\t\trows=\"10\"\n\t\t\t\t\t\t\t\t><\/textarea>\n\t\t<\/span><\/div>\t\t\n\t\t\n\t\t\n\t\t<input type=\"hidden\" name=\"instance_hash\" value=\"e6621c4502c9a32bcf4a97c9dc66bbfb\" \/>\n\t\t<input type=\"hidden\" id=\"_wpnonce\" name=\"_wpnonce\" value=\"e93b69c884\" \/><input type=\"hidden\" name=\"_wp_http_referer\" value=\"\/maestriaelectronica\/wp-json\/wp\/v2\/pages\/37\" \/>\t\t<div class=\"sow-submit-wrapper sow-submit-styled\">\n\n\t\t<button class=\"sow-submit\"\n\t\t\t\t\t\t\t\t>\n\t\t\tEnviar\t\t<\/button>\n\n\t\t<\/div>\n\t<\/form>\n\t<\/div><\/div><\/div><div id=\"pgc-37-0-1\"  class=\"panel-grid-cell\" ><div id=\"panel-37-0-1-0\" class=\"so-panel widget widget_text panel-first-child panel-last-child\" data-index=\"1\" >\t\t\t<div class=\"textwidget\"><p><strong>Correo Electr\u00f3nico:\u00a0<\/strong><a href=\"mailto:maestriaenelectronica@herrera.unt.edu.ar\" target=\"_blank\" rel=\"noopener\">maestriaenelectronica@herrera.unt.edu.ar<\/a><\/p>\n<p><strong>Director Acad\u00e9mico\u00a0<\/strong>(Mag Ing. Mar\u00eda de los Angeles G\u00f3mez L\u00f3pez):\u00a0<a href=\"mailto:mgomezlopez@herrera.unt.edu.ar\" target=\"_blank\" rel=\"noopener\">mgomezlopez@herrera.unt.edu.ar<\/a><\/p>\n<\/div>\n\t\t<\/div><\/div><\/div><\/div>","protected":false},"excerpt":{"rendered":"<p>Correo Electr\u00f3nico:\u00a0maestriaenelectronica@herrera.unt.edu.ar Director Acad\u00e9mico\u00a0(Mag Ing. Mar\u00eda de los Angeles G\u00f3mez L\u00f3pez):\u00a0mgomezlopez@herrera.unt.edu.ar<\/p>\n","protected":false},"author":101025,"featured_media":0,"parent":0,"menu_order":0,"comment_status":"closed","ping_status":"closed","template":"","meta":[],"_links":{"self":[{"href":"https:\/\/www.facet.unt.edu.ar\/maestriaelectronica\/wp-json\/wp\/v2\/pages\/37"}],"collection":[{"href":"https:\/\/www.facet.unt.edu.ar\/maestriaelectronica\/wp-json\/wp\/v2\/pages"}],"about":[{"href":"https:\/\/www.facet.unt.edu.ar\/maestriaelectronica\/wp-json\/wp\/v2\/types\/page"}],"author":[{"embeddable":true,"href":"https:\/\/www.facet.unt.edu.ar\/maestriaelectronica\/wp-json\/wp\/v2\/users\/101025"}],"replies":[{"embeddable":true,"href":"https:\/\/www.facet.unt.edu.ar\/maestriaelectronica\/wp-json\/wp\/v2\/comments?post=37"}],"version-history":[{"count":11,"href":"https:\/\/www.facet.unt.edu.ar\/maestriaelectronica\/wp-json\/wp\/v2\/pages\/37\/revisions"}],"predecessor-version":[{"id":453,"href":"https:\/\/www.facet.unt.edu.ar\/maestriaelectronica\/wp-json\/wp\/v2\/pages\/37\/revisions\/453"}],"wp:attachment":[{"href":"https:\/\/www.facet.unt.edu.ar\/maestriaelectronica\/wp-json\/wp\/v2\/media?parent=37"}],"curies":[{"name":"wp","href":"https:\/\/api.w.org\/{rel}","templated":true}]}}