{"id":370,"date":"2021-11-18T00:40:22","date_gmt":"2021-11-18T00:40:22","guid":{"rendered":"https:\/\/www.facet.unt.edu.ar\/maestriaelectronica\/?page_id=370"},"modified":"2021-11-18T00:40:22","modified_gmt":"2021-11-18T00:40:22","slug":"laboratorio-remoto-de-telecomunicaciones","status":"publish","type":"page","link":"https:\/\/www.facet.unt.edu.ar\/maestriaelectronica\/laboratorio-remoto-de-telecomunicaciones\/","title":{"rendered":"LABORATORIO REMOTO DE TELECOMUNICACIONES"},"content":{"rendered":"<p><b>Docente a cargo:<\/b><\/p>\n<p>Dr. Ing. Fernando Alberto Miranda Bonomi<\/p>\n<p><b>Descripci\u00f3n<\/b><\/p>\n<p>Este laboratorio se desarrollar\u00e1 de manera remota. La experiencia de laboratorio se lleva a cabo con uno o m\u00e1s dispositivos o sistemas que constituyen el objeto de trabajo y que se encuentran en una ubicaci\u00f3n diferente a la de los estudiantes. Adem\u00e1s del experimento existen dispositivos y equipos de instrumentaci\u00f3n que permiten tanto el control del experimento, como la adquisici\u00f3n de resultados de la experimen-taci\u00f3n.<\/p>\n<p>Una computadora funcionando como servidor de laboratorio asegura el control y monitoreo del experimento, a trav\u00e9s de los dispositivos y equipos de instrumentaci\u00f3n. Finalmente, un servidor asegura el enlace entre el servidor de laboratorio y el usuario a trav\u00e9s de Internet, gestionando diversas tareas tales como la seguridad y el control de acceso, asignaci\u00f3n y gesti\u00f3n de recursos, presentaci\u00f3n de material de aprendizaje, entre otras.<\/p>\n<p><b>Objetivos<\/b><\/p>\n<ul>\n<li aria-level=\"1\">Desarrollar habilidades t\u00e9cnicas y competencias para el manejo de herramientas concretas para el dise\u00f1o, implementaci\u00f3n y verificaci\u00f3n sobre Radio Definida por Software (RDS).<\/li>\n<li aria-level=\"1\">Complementar los conocimientos te\u00f3ricos con la especificaci\u00f3n funcional de dispositivos y herramientas utilizados en el LR, mediante la experimentaci\u00f3n remota con la tecnolog\u00eda concreta que se utilizar\u00e1 para las RDS.<\/li>\n<\/ul>\n<p><b>Metodolog\u00eda de trabajo<\/b><\/p>\n<ul>\n<li aria-level=\"1\">Implementar tareas sobre una RDS recreando contenidos de teor\u00eda y resolviendo una actividad pr\u00e1ctica de manera remota.<\/li>\n<li aria-level=\"1\">Utilizar documentaci\u00f3n del fabricante que orienta el procedimiento, para programar placas de RDSs.<\/li>\n<li aria-level=\"1\">Implementar la instrumentaci\u00f3n empleando librer\u00edas provistas por el fabricante para poder verificar el desempe\u00f1o del dise\u00f1o de acuerdo a pautas planificadas para la experiencia.<\/li>\n<\/ul>\n<p><b>Experiencias a desarrollar<\/b><\/p>\n<ul>\n<li aria-level=\"1\">Experimentaci\u00f3n sobre placas de RDS.<\/li>\n<li aria-level=\"1\">Implementaci\u00f3n de librer\u00edas mediante GNU Radio Companion (Herramienta Libre).<\/li>\n<li aria-level=\"1\">An\u00e1lisis remoto de configuraciones de esquemas de modulaci\u00f3n, diagramas de constelaci\u00f3n, fuentes de ruido, archivos de texto y audio.<\/li>\n<li aria-level=\"1\">Experimento de transmisi\u00f3n\/recepci\u00f3n punto a punto con dos placas de RDS.<\/li>\n<li aria-level=\"1\">Dise\u00f1o de configuraciones y an\u00e1lisis desempe\u00f1o de enlaces por fibra \u00f3ptica y v\u00eda radio.<\/li>\n<li aria-level=\"1\">Dise\u00f1o de librer\u00edas a medida para configuraciones avanzadas de transmisi\u00f3n y recepci\u00f3n.<\/li>\n<\/ul>\n","protected":false},"excerpt":{"rendered":"<p>Docente a cargo: Dr. Ing. Fernando Alberto Miranda Bonomi Descripci\u00f3n Este laboratorio se desarrollar\u00e1 de manera remota. La experiencia de laboratorio se lleva a cabo con uno o m\u00e1s dispositivos o sistemas que constituyen el objeto de trabajo y que se encuentran en una ubicaci\u00f3n diferente a la de los estudiantes. Adem\u00e1s del experimento existen [&hellip;]<\/p>\n","protected":false},"author":101025,"featured_media":0,"parent":0,"menu_order":0,"comment_status":"closed","ping_status":"closed","template":"","meta":[],"_links":{"self":[{"href":"https:\/\/www.facet.unt.edu.ar\/maestriaelectronica\/wp-json\/wp\/v2\/pages\/370"}],"collection":[{"href":"https:\/\/www.facet.unt.edu.ar\/maestriaelectronica\/wp-json\/wp\/v2\/pages"}],"about":[{"href":"https:\/\/www.facet.unt.edu.ar\/maestriaelectronica\/wp-json\/wp\/v2\/types\/page"}],"author":[{"embeddable":true,"href":"https:\/\/www.facet.unt.edu.ar\/maestriaelectronica\/wp-json\/wp\/v2\/users\/101025"}],"replies":[{"embeddable":true,"href":"https:\/\/www.facet.unt.edu.ar\/maestriaelectronica\/wp-json\/wp\/v2\/comments?post=370"}],"version-history":[{"count":1,"href":"https:\/\/www.facet.unt.edu.ar\/maestriaelectronica\/wp-json\/wp\/v2\/pages\/370\/revisions"}],"predecessor-version":[{"id":372,"href":"https:\/\/www.facet.unt.edu.ar\/maestriaelectronica\/wp-json\/wp\/v2\/pages\/370\/revisions\/372"}],"wp:attachment":[{"href":"https:\/\/www.facet.unt.edu.ar\/maestriaelectronica\/wp-json\/wp\/v2\/media?parent=370"}],"curies":[{"name":"wp","href":"https:\/\/api.w.org\/{rel}","templated":true}]}}