{"id":374,"date":"2021-11-18T00:53:10","date_gmt":"2021-11-18T00:53:10","guid":{"rendered":"https:\/\/www.facet.unt.edu.ar\/maestriaelectronica\/?page_id=374"},"modified":"2021-11-18T00:57:01","modified_gmt":"2021-11-18T00:57:01","slug":"actividades-relacionadas-al-ejercicio-de-la-profesion","status":"publish","type":"page","link":"https:\/\/www.facet.unt.edu.ar\/maestriaelectronica\/actividades-relacionadas-al-ejercicio-de-la-profesion\/","title":{"rendered":"Actividades relacionadas al ejercicio de la profesi\u00f3n"},"content":{"rendered":"<p>Se prev\u00e9 la realizaci\u00f3n de 60 horas de actividades de actividades relacionadas al ejercicio de la profesi\u00f3n\u00a0 que deben distribuirse en:<\/p>\n<ul>\n<li aria-level=\"1\">Participaci\u00f3n en proyectos de I+D.<\/li>\n<li aria-level=\"1\">Actividades relacionadas al ejercicio de la profesi\u00f3n.<\/li>\n<\/ul>\n<p>Se espera que las actividades complementarias de formaci\u00f3n pr\u00e1ctica impacten en los estudiantes de la siguiente manera:<\/p>\n<ul>\n<li aria-level=\"1\">Incorporen saberes y competencias para mejorar su desempe\u00f1o profesional.<\/li>\n<li aria-level=\"1\">Adquieran herramientas que contribuyan a mejorar sus posibilidades de inserci\u00f3n en el \u00e1mbito la-boral relacionado con la electr\u00f3nica.<\/li>\n<li aria-level=\"1\">Aumenten el conocimiento y manejo de la Ingenier\u00eda Electr\u00f3nica y las innovaciones posibles en ese \u00e1mbito.<\/li>\n<li aria-level=\"1\">Favorezcan el mejoramiento de la propuesta formativa, a partir del v\u00ednculo entre las instituciones educativas, los organismos p\u00fablicos y empresas.<\/li>\n<li aria-level=\"1\">Progresen en el proceso de orientaci\u00f3n profesional futura en los posibles campos espec\u00edficos de desempe\u00f1o laboral.<\/li>\n<\/ul>\n","protected":false},"excerpt":{"rendered":"<p>Se prev\u00e9 la realizaci\u00f3n de 60 horas de actividades de actividades relacionadas al ejercicio de la profesi\u00f3n\u00a0 que deben distribuirse en: Participaci\u00f3n en proyectos de I+D. Actividades relacionadas al ejercicio de la profesi\u00f3n. Se espera que las actividades complementarias de formaci\u00f3n pr\u00e1ctica impacten en los estudiantes de la siguiente manera: Incorporen saberes y competencias para [&hellip;]<\/p>\n","protected":false},"author":101025,"featured_media":0,"parent":0,"menu_order":0,"comment_status":"closed","ping_status":"closed","template":"","meta":[],"_links":{"self":[{"href":"https:\/\/www.facet.unt.edu.ar\/maestriaelectronica\/wp-json\/wp\/v2\/pages\/374"}],"collection":[{"href":"https:\/\/www.facet.unt.edu.ar\/maestriaelectronica\/wp-json\/wp\/v2\/pages"}],"about":[{"href":"https:\/\/www.facet.unt.edu.ar\/maestriaelectronica\/wp-json\/wp\/v2\/types\/page"}],"author":[{"embeddable":true,"href":"https:\/\/www.facet.unt.edu.ar\/maestriaelectronica\/wp-json\/wp\/v2\/users\/101025"}],"replies":[{"embeddable":true,"href":"https:\/\/www.facet.unt.edu.ar\/maestriaelectronica\/wp-json\/wp\/v2\/comments?post=374"}],"version-history":[{"count":3,"href":"https:\/\/www.facet.unt.edu.ar\/maestriaelectronica\/wp-json\/wp\/v2\/pages\/374\/revisions"}],"predecessor-version":[{"id":378,"href":"https:\/\/www.facet.unt.edu.ar\/maestriaelectronica\/wp-json\/wp\/v2\/pages\/374\/revisions\/378"}],"wp:attachment":[{"href":"https:\/\/www.facet.unt.edu.ar\/maestriaelectronica\/wp-json\/wp\/v2\/media?parent=374"}],"curies":[{"name":"wp","href":"https:\/\/api.w.org\/{rel}","templated":true}]}}