{"id":379,"date":"2021-11-18T00:59:01","date_gmt":"2021-11-18T00:59:01","guid":{"rendered":"https:\/\/www.facet.unt.edu.ar\/maestriaelectronica\/?page_id=379"},"modified":"2021-11-18T01:02:50","modified_gmt":"2021-11-18T01:02:50","slug":"realizacion-del-trabajo-de-tesis","status":"publish","type":"page","link":"https:\/\/www.facet.unt.edu.ar\/maestriaelectronica\/realizacion-del-trabajo-de-tesis\/","title":{"rendered":"Realizaci\u00f3n del trabajo de tesis"},"content":{"rendered":"<p>El trabajo de tesis podr\u00e1 consistir en:<\/p>\n<ul>\n<li aria-level=\"1\">Proponer soluciones a problemas en \u00e1reas espec\u00edficas de la industria, empresa o proyecto de I+D.<\/li>\n<li aria-level=\"1\">Implementar evaluaciones tecnol\u00f3gicas que aporten criterios de decisi\u00f3n a la industria, empresa o proyecto de I+D.<\/li>\n<li aria-level=\"1\">Implementar desarrollos tecnol\u00f3gicos en electr\u00f3nica teniendo en cuenta las necesidades puntua-les de la industria, empresa o proyecto de I+D.<\/li>\n<li aria-level=\"1\">Participar en proyectos de adaptaci\u00f3n tecnol\u00f3gica y desarrollos en electr\u00f3nica teniendo en cuen-ta los mercados globalizados de la Ingenier\u00eda Electr\u00f3nica.<\/li>\n<li aria-level=\"1\">Proponer nuevos servicios de ingenier\u00eda como una actividad econ\u00f3mica y empresarial conside-rando los aspectos sociales, \u00e9ticos y de sostenibilidad.<\/li>\n<li aria-level=\"1\">Concebir, dise\u00f1ar, implementar y realizar procedimientos de desarrollo e innovaci\u00f3n tecnol\u00f3gica y de investigaci\u00f3n con seriedad, calidad y eficiencia.<\/li>\n<\/ul>\n","protected":false},"excerpt":{"rendered":"<p>El trabajo de tesis podr\u00e1 consistir en: Proponer soluciones a problemas en \u00e1reas espec\u00edficas de la industria, empresa o proyecto de I+D. Implementar evaluaciones tecnol\u00f3gicas que aporten criterios de decisi\u00f3n a la industria, empresa o proyecto de I+D. Implementar desarrollos tecnol\u00f3gicos en electr\u00f3nica teniendo en cuenta las necesidades puntua-les de la industria, empresa o proyecto [&hellip;]<\/p>\n","protected":false},"author":101025,"featured_media":0,"parent":0,"menu_order":0,"comment_status":"closed","ping_status":"closed","template":"","meta":[],"_links":{"self":[{"href":"https:\/\/www.facet.unt.edu.ar\/maestriaelectronica\/wp-json\/wp\/v2\/pages\/379"}],"collection":[{"href":"https:\/\/www.facet.unt.edu.ar\/maestriaelectronica\/wp-json\/wp\/v2\/pages"}],"about":[{"href":"https:\/\/www.facet.unt.edu.ar\/maestriaelectronica\/wp-json\/wp\/v2\/types\/page"}],"author":[{"embeddable":true,"href":"https:\/\/www.facet.unt.edu.ar\/maestriaelectronica\/wp-json\/wp\/v2\/users\/101025"}],"replies":[{"embeddable":true,"href":"https:\/\/www.facet.unt.edu.ar\/maestriaelectronica\/wp-json\/wp\/v2\/comments?post=379"}],"version-history":[{"count":3,"href":"https:\/\/www.facet.unt.edu.ar\/maestriaelectronica\/wp-json\/wp\/v2\/pages\/379\/revisions"}],"predecessor-version":[{"id":383,"href":"https:\/\/www.facet.unt.edu.ar\/maestriaelectronica\/wp-json\/wp\/v2\/pages\/379\/revisions\/383"}],"wp:attachment":[{"href":"https:\/\/www.facet.unt.edu.ar\/maestriaelectronica\/wp-json\/wp\/v2\/media?parent=379"}],"curies":[{"name":"wp","href":"https:\/\/api.w.org\/{rel}","templated":true}]}}