{"id":386,"date":"2021-11-18T01:22:08","date_gmt":"2021-11-18T01:22:08","guid":{"rendered":"https:\/\/www.facet.unt.edu.ar\/maestriaelectronica\/?page_id=386"},"modified":"2021-11-18T19:52:10","modified_gmt":"2021-11-18T19:52:10","slug":"historia","status":"publish","type":"page","link":"https:\/\/www.facet.unt.edu.ar\/maestriaelectronica\/historia\/","title":{"rendered":"Historia"},"content":{"rendered":"<p>El Programa de Maestr\u00eda en Electr\u00f3nica surge a partir de la experiencia en la formaci\u00f3n de RRHH y actividades de los grupos de investigaci\u00f3n del Departamento de Electricidad, Electr\u00f3nica y Computaci\u00f3n (DEEC) de la Facultad de Ciencias Exactas y Tecnolog\u00eda (FACET) de la Universidad Nacional de Tucum\u00e1n (UNT) y en la necesidad de dar soluci\u00f3n a la gesti\u00f3n de la tecnolog\u00eda electr\u00f3nica en el sector industrial de la regi\u00f3n y el Pa\u00eds.<\/p>\n<p>La carrera de grado Ingenier\u00eda Electr\u00f3nica tiene su primer plan de estudios del a\u00f1o 1961. En el a\u00f1o 1992, la carrera se acredita por primera vez. En 2004 se modifica el plan de Estudios, incorporando los m\u00e1s modernos avances en una disciplina que se encuentra en una acelerada actualizaci\u00f3n.<\/p>\n<p>A la par de la oferta de grado, se vienen realizando actividades de capacitaci\u00f3n de posgrado generando una demanda constante, el antecedente m\u00e1s directo de esta propuesta. Entre las capacitaciones se destacan dos trayectos de posgrado internacionales en Telecomunicaciones y en Sistemas Embebidos. Ambos con varias ediciones, organizados, coordinados y dictados parcialmente o totalmente\u00a0 por docentes de la carrera que se presenta.<\/p>\n","protected":false},"excerpt":{"rendered":"<p>El Programa de Maestr\u00eda en Electr\u00f3nica surge a partir de la experiencia en la formaci\u00f3n de RRHH y actividades de los grupos de investigaci\u00f3n del Departamento de Electricidad, Electr\u00f3nica y Computaci\u00f3n (DEEC) de la Facultad de Ciencias Exactas y Tecnolog\u00eda (FACET) de la Universidad Nacional de Tucum\u00e1n (UNT) y en la necesidad de dar soluci\u00f3n [&hellip;]<\/p>\n","protected":false},"author":101025,"featured_media":0,"parent":0,"menu_order":0,"comment_status":"closed","ping_status":"closed","template":"","meta":[],"_links":{"self":[{"href":"https:\/\/www.facet.unt.edu.ar\/maestriaelectronica\/wp-json\/wp\/v2\/pages\/386"}],"collection":[{"href":"https:\/\/www.facet.unt.edu.ar\/maestriaelectronica\/wp-json\/wp\/v2\/pages"}],"about":[{"href":"https:\/\/www.facet.unt.edu.ar\/maestriaelectronica\/wp-json\/wp\/v2\/types\/page"}],"author":[{"embeddable":true,"href":"https:\/\/www.facet.unt.edu.ar\/maestriaelectronica\/wp-json\/wp\/v2\/users\/101025"}],"replies":[{"embeddable":true,"href":"https:\/\/www.facet.unt.edu.ar\/maestriaelectronica\/wp-json\/wp\/v2\/comments?post=386"}],"version-history":[{"count":4,"href":"https:\/\/www.facet.unt.edu.ar\/maestriaelectronica\/wp-json\/wp\/v2\/pages\/386\/revisions"}],"predecessor-version":[{"id":407,"href":"https:\/\/www.facet.unt.edu.ar\/maestriaelectronica\/wp-json\/wp\/v2\/pages\/386\/revisions\/407"}],"wp:attachment":[{"href":"https:\/\/www.facet.unt.edu.ar\/maestriaelectronica\/wp-json\/wp\/v2\/media?parent=386"}],"curies":[{"name":"wp","href":"https:\/\/api.w.org\/{rel}","templated":true}]}}