{"id":399,"date":"2021-11-18T01:39:55","date_gmt":"2021-11-18T01:39:55","guid":{"rendered":"https:\/\/www.facet.unt.edu.ar\/maestriaelectronica\/?page_id=399"},"modified":"2021-11-18T19:53:56","modified_gmt":"2021-11-18T19:53:56","slug":"objetivos-2","status":"publish","type":"page","link":"https:\/\/www.facet.unt.edu.ar\/maestriaelectronica\/objetivos-2\/","title":{"rendered":"Objetivos"},"content":{"rendered":"<p><b>Objetivo general<\/b><\/p>\n<p>La Formaci\u00f3n de recursos humanos de alto nivel profesional, tanto para el desarrollo de productos y servicios, como para la investigaci\u00f3n cient\u00edfico-tecnol\u00f3gica en \u00e1mbitos universitarios y empresas del sector privado y p\u00fablico.<\/p>\n<p><b>Objetivos espec\u00edficos<\/b><\/p>\n<ul>\n<li aria-level=\"1\">Formaci\u00f3n de Posgrado con un enfoque profesional a trav\u00e9s de la profundizaci\u00f3n de conocimientos en las disciplinas de la Ingenier\u00eda Electr\u00f3nica, ofrecidas por este programa de Maestr\u00eda en Electr\u00f3nica.<\/li>\n<li aria-level=\"1\">Completar la formaci\u00f3n de los docentes de grado\/posgrado del \u00e1rea y profesionales del medio en general.<\/li>\n<li aria-level=\"1\">Efectuar un aporte al desarrollo cient\u00edfico y t\u00e9cnico de la sociedad.<\/li>\n<li aria-level=\"1\">Fomentar un pensamiento s\u00f3lidamente fundado, actualizado y cr\u00edtico en esta \u00e1rea del conocimiento.<\/li>\n<\/ul>\n<p>Estos objetivos se logran mediante la realizaci\u00f3n de cursos de estudio, trabajo en equipo, formaci\u00f3n pr\u00e1ctica mediada por Laboratorios Remotos (LRs), experiencias en empresas, seminarios y elaboraci\u00f3n de tesis de posgrado.<\/p>\n","protected":false},"excerpt":{"rendered":"<p>Objetivo general La Formaci\u00f3n de recursos humanos de alto nivel profesional, tanto para el desarrollo de productos y servicios, como para la investigaci\u00f3n cient\u00edfico-tecnol\u00f3gica en \u00e1mbitos universitarios y empresas del sector privado y p\u00fablico. Objetivos espec\u00edficos Formaci\u00f3n de Posgrado con un enfoque profesional a trav\u00e9s de la profundizaci\u00f3n de conocimientos en las disciplinas de la [&hellip;]<\/p>\n","protected":false},"author":101025,"featured_media":0,"parent":0,"menu_order":0,"comment_status":"closed","ping_status":"closed","template":"","meta":[],"_links":{"self":[{"href":"https:\/\/www.facet.unt.edu.ar\/maestriaelectronica\/wp-json\/wp\/v2\/pages\/399"}],"collection":[{"href":"https:\/\/www.facet.unt.edu.ar\/maestriaelectronica\/wp-json\/wp\/v2\/pages"}],"about":[{"href":"https:\/\/www.facet.unt.edu.ar\/maestriaelectronica\/wp-json\/wp\/v2\/types\/page"}],"author":[{"embeddable":true,"href":"https:\/\/www.facet.unt.edu.ar\/maestriaelectronica\/wp-json\/wp\/v2\/users\/101025"}],"replies":[{"embeddable":true,"href":"https:\/\/www.facet.unt.edu.ar\/maestriaelectronica\/wp-json\/wp\/v2\/comments?post=399"}],"version-history":[{"count":2,"href":"https:\/\/www.facet.unt.edu.ar\/maestriaelectronica\/wp-json\/wp\/v2\/pages\/399\/revisions"}],"predecessor-version":[{"id":408,"href":"https:\/\/www.facet.unt.edu.ar\/maestriaelectronica\/wp-json\/wp\/v2\/pages\/399\/revisions\/408"}],"wp:attachment":[{"href":"https:\/\/www.facet.unt.edu.ar\/maestriaelectronica\/wp-json\/wp\/v2\/media?parent=399"}],"curies":[{"name":"wp","href":"https:\/\/api.w.org\/{rel}","templated":true}]}}