{"id":472,"date":"2024-11-07T18:24:54","date_gmt":"2024-11-07T18:24:54","guid":{"rendered":"https:\/\/www.facet.unt.edu.ar\/maestriaelectronica\/?page_id=472"},"modified":"2025-03-18T19:42:41","modified_gmt":"2025-03-18T19:42:41","slug":"requisitos-de-admision","status":"publish","type":"page","link":"https:\/\/www.facet.unt.edu.ar\/maestriaelectronica\/requisitos-de-admision\/","title":{"rendered":"Requisitos de Admisi\u00f3n"},"content":{"rendered":"<div id=\"pl-472\"  class=\"panel-layout\" ><div id=\"pg-472-0\"  class=\"panel-grid panel-no-style\" ><div id=\"pgc-472-0-0\"  class=\"panel-grid-cell\" ><div id=\"panel-472-0-0-0\" class=\"so-panel widget widget_sow-editor panel-first-child panel-last-child\" data-index=\"0\" ><div\n\t\t\t\n\t\t\tclass=\"so-widget-sow-editor so-widget-sow-editor-base\"\n\t\t\t\n\t\t>\n<div class=\"siteorigin-widget-tinymce textwidget\">\n\t<div class=\"flex-shrink-0 flex flex-col relative items-end\">\n<div>\n<div class=\"pt-0\">\n<div class=\"gizmo-bot-avatar flex h-8 w-8 items-center justify-center overflow-hidden rounded-full\">\n<div class=\"relative p-1 rounded-sm flex items-center justify-center bg-token-main-surface-primary text-token-text-primary h-8 w-8\">Para m\u00e1s informaci\u00f3n sobre los requisitos de admisi\u00f3n, consulta el <a href=\"https:\/\/www.facet.unt.edu.ar\/maestriaelectronica\/wp-content\/uploads\/sites\/78\/2024\/11\/Reglamento-Inscripcion-ME-UNT-Arg.pdf\"><strong>Reglamento de Inscripci\u00f3n \u2013 Maestr\u00eda en Electr\u00f3nica<\/strong><\/a>\u00a0o comun\u00edcate con la administraci\u00f3n de la maestr\u00eda.<\/div>\n<\/div>\n<\/div>\n<\/div>\n<\/div>\n<div class=\"group\/conversation-turn relative flex w-full min-w-0 flex-col agent-turn\">\n<div class=\"flex-col gap-1 md:gap-3\">\n<div class=\"flex max-w-full flex-col flex-grow\">\n<div class=\"min-h-8 text-message flex w-full flex-col items-end gap-2 whitespace-normal break-words [.text-message+&amp;]:mt-5\" dir=\"auto\" data-message-author-role=\"assistant\" data-message-id=\"3656b30f-f05b-4ecb-b8f5-b9096216c705\" data-message-model-slug=\"gpt-4o\">\n<div class=\"flex w-full flex-col gap-1 empty:hidden first:pt-[3px]\">\n<div class=\"markdown prose w-full break-words dark:prose-invert dark\">\n<p>Para ser admitido en la Maestr\u00eda en Electr\u00f3nica de la Universidad Nacional de Tucum\u00e1n, los postulantes deben cumplir con los siguientes requisitos:<\/p>\n<h4><strong>Requisitos Acad\u00e9micos:<\/strong><\/h4>\n<ul>\n<li>Poseer un t\u00edtulo de grado en \u00e1reas afines a la Electr\u00f3nica, Ingenier\u00eda (en cualquiera de sus ramas) o disciplinas relacionadas.<\/li>\n<li>Para postulantes extranjeros: el t\u00edtulo debe estar legalizado mediante <strong>apostilla de La Haya<\/strong> y, si est\u00e1 en otro idioma, acompa\u00f1ado de una <strong>traducci\u00f3n oficial al espa\u00f1ol<\/strong> realizada por un traductor p\u00fablico certificado.<\/li>\n<\/ul>\n<h4><strong>Documentaci\u00f3n Obligatoria:<\/strong><\/h4>\n<p>A trav\u00e9s del formulario de inscripci\u00f3n en l\u00ednea, los postulantes deber\u00e1n adjuntar:<\/p>\n<ol>\n<li><strong>Copia del documento de identidad:<\/strong> DNI o pasaporte.<\/li>\n<li><strong>T\u00edtulo de grado:<\/strong>\n<ul>\n<li>Para residentes en Argentina: copia legalizada por la instituci\u00f3n de origen.<\/li>\n<li>Para residentes fuera de Argentina: copia con apostilla de La Haya y, de ser necesario, traducci\u00f3n oficial.<\/li>\n<\/ul>\n<\/li>\n<li><strong>Curriculum Vitae actualizado:<\/strong> M\u00e1ximo 5 p\u00e1ginas, con lugar de residencia, email y tel\u00e9fono celular. Firmado en la \u00faltima p\u00e1gina.<\/li>\n<li><strong>Foto digital tipo carnet:<\/strong> Tama\u00f1o 4x4.<\/li>\n<li><strong>R\u00fabrica de firma digitalizada.<\/strong><\/li>\n<\/ol>\n<h4><strong>Pasos para la Inscripci\u00f3n:<\/strong><\/h4>\n<ol>\n<li><strong>Completar el formulario de inscripci\u00f3n en l\u00ednea:<\/strong> Disponible en el sitio oficial de la maestr\u00eda.<\/li>\n<li><strong>Subir la documentaci\u00f3n solicitada:<\/strong> Aseg\u00farese de que los archivos sean claros y legibles.<\/li>\n<li><strong>Esperar la revisi\u00f3n del Comit\u00e9 Acad\u00e9mico:<\/strong> El comit\u00e9 verificar\u00e1 el cumplimiento de los requisitos.<\/li>\n<li><strong>Recibir notificaci\u00f3n:<\/strong> Los postulantes aprobados recibir\u00e1n un correo con las instrucciones para realizar el pago de la matr\u00edcula y formalizar la inscripci\u00f3n.<\/li>\n<\/ol>\n<p>Para consultas o dudas, puedes escribirnos al correo: <a href=\"mailto:maestriaenelectronica@herrera.unt.edu.ar\">maestriaenelectronica@herrera.unt.edu.ar<\/a>.<\/p>\n<\/div>\n<\/div>\n<\/div>\n<\/div>\n<\/div>\n<\/div>\n<\/div>\n<\/div><\/div><\/div><\/div><div id=\"pg-472-1\"  class=\"panel-grid panel-no-style\" ><div id=\"pgc-472-1-0\"  class=\"panel-grid-cell\" ><div id=\"panel-472-1-0-0\" class=\"so-panel widget widget_sow-editor panel-first-child panel-last-child\" data-index=\"1\" ><div\n\t\t\t\n\t\t\tclass=\"so-widget-sow-editor so-widget-sow-editor-base\"\n\t\t\t\n\t\t>\n<div class=\"siteorigin-widget-tinymce textwidget\">\n\t<h2><strong><a href=\"https:\/\/www.facet.unt.edu.ar\/maestriaelectronica\/procedimiento-de-inscripcion\/\">Procedimiento de Inscripci\u00f3n<\/a><\/strong><\/h2>\n<\/div>\n<\/div><\/div><\/div><\/div><\/div>","protected":false},"excerpt":{"rendered":"<p>Para m\u00e1s informaci\u00f3n sobre los requisitos de admisi\u00f3n, consulta el Reglamento de Inscripci\u00f3n \u2013 Maestr\u00eda en Electr\u00f3nica\u00a0o comun\u00edcate con la administraci\u00f3n de la maestr\u00eda.Para ser admitido en la Maestr\u00eda en Electr\u00f3nica de la Universidad Nacional de Tucum\u00e1n, los postulantes deben cumplir con los siguientes requisitos:Requisitos Acad\u00e9micos:Poseer un t\u00edtulo de grado en \u00e1reas afines a la [&hellip;]<\/p>\n","protected":false},"author":101025,"featured_media":0,"parent":0,"menu_order":0,"comment_status":"closed","ping_status":"closed","template":"","meta":[],"_links":{"self":[{"href":"https:\/\/www.facet.unt.edu.ar\/maestriaelectronica\/wp-json\/wp\/v2\/pages\/472"}],"collection":[{"href":"https:\/\/www.facet.unt.edu.ar\/maestriaelectronica\/wp-json\/wp\/v2\/pages"}],"about":[{"href":"https:\/\/www.facet.unt.edu.ar\/maestriaelectronica\/wp-json\/wp\/v2\/types\/page"}],"author":[{"embeddable":true,"href":"https:\/\/www.facet.unt.edu.ar\/maestriaelectronica\/wp-json\/wp\/v2\/users\/101025"}],"replies":[{"embeddable":true,"href":"https:\/\/www.facet.unt.edu.ar\/maestriaelectronica\/wp-json\/wp\/v2\/comments?post=472"}],"version-history":[{"count":10,"href":"https:\/\/www.facet.unt.edu.ar\/maestriaelectronica\/wp-json\/wp\/v2\/pages\/472\/revisions"}],"predecessor-version":[{"id":488,"href":"https:\/\/www.facet.unt.edu.ar\/maestriaelectronica\/wp-json\/wp\/v2\/pages\/472\/revisions\/488"}],"wp:attachment":[{"href":"https:\/\/www.facet.unt.edu.ar\/maestriaelectronica\/wp-json\/wp\/v2\/media?parent=472"}],"curies":[{"name":"wp","href":"https:\/\/api.w.org\/{rel}","templated":true}]}}