{"id":475,"date":"2024-11-07T18:26:14","date_gmt":"2024-11-07T18:26:14","guid":{"rendered":"https:\/\/www.facet.unt.edu.ar\/maestriaelectronica\/?page_id=475"},"modified":"2026-02-04T17:55:48","modified_gmt":"2026-02-04T17:55:48","slug":"aranceles-y-forma-de-pago","status":"publish","type":"page","link":"https:\/\/www.facet.unt.edu.ar\/maestriaelectronica\/aranceles-y-forma-de-pago\/","title":{"rendered":"Aranceles y Forma de Pago"},"content":{"rendered":"<p>Los aranceles para la <strong>Maestr\u00eda en Electr\u00f3nica (FACET-UNT)<\/strong> est\u00e1n dise\u00f1ados con un esquema de pago distribuido a lo largo de dos a\u00f1os.<\/p>\n<h3>Aranceles<\/h3>\n<table>\n<thead>\n<tr style=\"background-color: #f0f0f0;\"><!-- Fondo para t\u00edtulos de columnas --><\/p>\n<th style=\"text-align: left;\"><strong>Concepto<\/strong><\/th>\n<th><strong>Docentes FACET-UNT (ARS)<\/strong><\/th>\n<th><strong>Nacionales (Argentina, ARS)<\/strong><\/th>\n<th><strong>Extranjeros (USD)<\/strong><\/th>\n<\/tr>\n<\/thead>\n<tbody>\n<tr style=\"background-color: #e6f7ff;\"><!-- Fondo para la fila Matr\u00edcula --><\/p>\n<td><strong>Matr\u00edcula<\/strong><\/td>\n<td>$150.000,00<\/td>\n<td>$240.000,00<\/td>\n<td>USD 1.000,00<\/td>\n<\/tr>\n<tr style=\"background-color: #e6f7ff;\"><!-- Fondo para la fila Cuota Mensual --><\/p>\n<td><strong>Cuota Mensual<\/strong><\/td>\n<td>$100.000,00<\/td>\n<td>$160.000,00<\/td>\n<td>USD 500,00<\/td>\n<\/tr>\n<\/tbody>\n<\/table>\n<p><strong>Nota<\/strong>:<\/p>\n<ul>\n<li>La matr\u00edcula se abona en el mes de febrero de cada a\u00f1o (o antes de la fecha de inicio de clases de la cohorte)<\/li>\n<li>Las cuotas mensuales se abonan de marzo a noviembre durante dos a\u00f1os (o desde la fecha de inicio de clases de la cohorte, durante nueve cuotas consecutivas a excepci\u00f3n de enero)<\/li>\n<li>Los valores en pesos argentinos est\u00e1n sujetos a ajustes anuales seg\u00fan \u00edndices inflacionarios (<strong>INDEC<\/strong>), y los valores en d\u00f3lares se ajustar\u00e1n seg\u00fan el tipo de cambio vigente.<\/li>\n<\/ul>\n<h4>Recargo por Mora<\/h4>\n<ul>\n<li>Los pagos realizados fuera de los plazos establecidos tendr\u00e1n un recargo del <strong>10%<\/strong> sobre el monto adeudado.<\/li>\n<li>La acumulaci\u00f3n de dos conceptos impagos resultar\u00e1 en la <strong>suspensi\u00f3n de acceso a clases<\/strong> y la <strong>retenci\u00f3n de certificados<\/strong> hasta regularizar la situaci\u00f3n.<\/li>\n<\/ul>\n<h4>Importante<\/h4>\n<p>El pago de la matr\u00edcula es un requisito indispensable para confirmar la inscripci\u00f3n y garantizar la plaza en el programa. Recuerda que todos los pagos son definitivos y no se realizan reembolsos bajo ninguna circunstancia.<\/p>\n<p>Para m\u00e1s informaci\u00f3n sobre el proceso de pago, consulta el <a href=\"https:\/\/www.facet.unt.edu.ar\/maestriaelectronica\/wp-content\/uploads\/sites\/78\/2024\/11\/Reglamento-Inscripcion-ME-UNT-Arg.pdf\"><strong>Reglamento de Inscripci\u00f3n &#8211; Maestr\u00eda en Electr\u00f3nica<\/strong><\/a> o comun\u00edcate con la administraci\u00f3n de la maestr\u00eda.<\/p>\n<p>Para consultas o dudas, puedes escribirnos al correo: <a href=\"mailto:maestriaenelectronica@herrera.unt.edu.ar\">maestriaenelectronica@herrera.unt.edu.ar<\/a>.<\/p>\n<p><span class=\"hljs-tag\">\u00a0<\/span><\/p>\n","protected":false},"excerpt":{"rendered":"<p>Los aranceles para la Maestr\u00eda en Electr\u00f3nica (FACET-UNT) est\u00e1n dise\u00f1ados con un esquema de pago distribuido a lo largo de dos a\u00f1os. Aranceles Concepto Docentes FACET-UNT (ARS) Nacionales (Argentina, ARS) Extranjeros (USD) Matr\u00edcula $150.000,00 $240.000,00 USD 1.000,00 Cuota Mensual $100.000,00 $160.000,00 USD 500,00 Nota: La matr\u00edcula se abona en el mes de febrero de cada [&hellip;]<\/p>\n","protected":false},"author":101025,"featured_media":0,"parent":0,"menu_order":0,"comment_status":"closed","ping_status":"closed","template":"","meta":[],"_links":{"self":[{"href":"https:\/\/www.facet.unt.edu.ar\/maestriaelectronica\/wp-json\/wp\/v2\/pages\/475"}],"collection":[{"href":"https:\/\/www.facet.unt.edu.ar\/maestriaelectronica\/wp-json\/wp\/v2\/pages"}],"about":[{"href":"https:\/\/www.facet.unt.edu.ar\/maestriaelectronica\/wp-json\/wp\/v2\/types\/page"}],"author":[{"embeddable":true,"href":"https:\/\/www.facet.unt.edu.ar\/maestriaelectronica\/wp-json\/wp\/v2\/users\/101025"}],"replies":[{"embeddable":true,"href":"https:\/\/www.facet.unt.edu.ar\/maestriaelectronica\/wp-json\/wp\/v2\/comments?post=475"}],"version-history":[{"count":18,"href":"https:\/\/www.facet.unt.edu.ar\/maestriaelectronica\/wp-json\/wp\/v2\/pages\/475\/revisions"}],"predecessor-version":[{"id":642,"href":"https:\/\/www.facet.unt.edu.ar\/maestriaelectronica\/wp-json\/wp\/v2\/pages\/475\/revisions\/642"}],"wp:attachment":[{"href":"https:\/\/www.facet.unt.edu.ar\/maestriaelectronica\/wp-json\/wp\/v2\/media?parent=475"}],"curies":[{"name":"wp","href":"https:\/\/api.w.org\/{rel}","templated":true}]}}