{"id":478,"date":"2024-11-07T18:29:27","date_gmt":"2024-11-07T18:29:27","guid":{"rendered":"https:\/\/www.facet.unt.edu.ar\/maestriaelectronica\/?page_id=478"},"modified":"2025-03-18T15:26:11","modified_gmt":"2025-03-18T15:26:11","slug":"procedimiento-de-inscripcion","status":"publish","type":"page","link":"https:\/\/www.facet.unt.edu.ar\/maestriaelectronica\/procedimiento-de-inscripcion\/","title":{"rendered":"Procedimiento de Inscripci\u00f3n"},"content":{"rendered":"<p>Para m\u00e1s informaci\u00f3n sobre el procedimiento de inscripci\u00f3n, consulta el <a href=\"https:\/\/www.facet.unt.edu.ar\/maestriaelectronica\/wp-content\/uploads\/sites\/78\/2024\/11\/Reglamento-Inscripcion-ME-UNT-Arg.pdf\"><strong>Reglamento de Inscripci\u00f3n \u2013 Maestr\u00eda en Electr\u00f3nica<\/strong><\/a>\u00a0o comun\u00edcate con la administraci\u00f3n de la maestr\u00eda.<\/p>\n<p>El proceso de inscripci\u00f3n a la Maestr\u00eda en Electr\u00f3nica es completamente en l\u00ednea y consta de las siguientes etapas:<\/p>\n<h4><strong>1. Completar el Formulario de Inscripci\u00f3n<\/strong><\/h4>\n<ul>\n<li>Accede al <strong>Formulario de Inscripci\u00f3n en L\u00ednea<\/strong>\u00a0 y proporciona los datos personales, acad\u00e9micos y de contacto requeridos.<\/li>\n<li>Adjunta los documentos obligatorios en formato digital:\n<ul>\n<li>DNI o Pasaporte.<\/li>\n<li>T\u00edtulo de grado legalizado (apostilla de La Haya para t\u00edtulos extranjeros).<\/li>\n<li>Curr\u00edculum Vitae actualizado y firmado.<\/li>\n<li>Foto digital tipo carnet (4&#215;4).<\/li>\n<li>R\u00fabrica de firma digitalizada.<\/li>\n<\/ul>\n<\/li>\n<\/ul>\n<h4><strong>2. Revisi\u00f3n del Comit\u00e9 Acad\u00e9mico<\/strong><\/h4>\n<ul>\n<li>Una vez enviado el formulario, la documentaci\u00f3n ser\u00e1 revisada por el Comit\u00e9 Acad\u00e9mico de la maestr\u00eda.<\/li>\n<li>El comit\u00e9 evaluar\u00e1 si se cumplen los requisitos de admisi\u00f3n y si la documentaci\u00f3n es v\u00e1lida y completa.<\/li>\n<\/ul>\n<h4><strong>3. Notificaci\u00f3n de Admisi\u00f3n<\/strong><\/h4>\n<ul>\n<li>Los postulantes recibir\u00e1n una notificaci\u00f3n por correo electr\u00f3nico indicando:\n<ul>\n<li>La aprobaci\u00f3n de su inscripci\u00f3n.<\/li>\n<li>Los pasos para realizar el pago de la matr\u00edcula.<\/li>\n<li>Fechas importantes y detalles del inicio del programa.<\/li>\n<\/ul>\n<\/li>\n<\/ul>\n<h4><strong>4. Formalizaci\u00f3n de la Inscripci\u00f3n<\/strong><\/h4>\n<ul>\n<li>La inscripci\u00f3n quedar\u00e1 formalizada una vez acreditado el pago de la matr\u00edcula.<\/li>\n<li>Se enviar\u00e1 una confirmaci\u00f3n final con acceso a la plataforma virtual y recursos del programa.<\/li>\n<\/ul>\n<p>Para consultas o dudas, puedes escribirnos al correo: <a href=\"mailto:maestriaenelectronica@herrera.unt.edu.ar\">maestriaenelectronica@herrera.unt.edu.ar<\/a>.<\/p>\n","protected":false},"excerpt":{"rendered":"<p>Para m\u00e1s informaci\u00f3n sobre el procedimiento de inscripci\u00f3n, consulta el Reglamento de Inscripci\u00f3n \u2013 Maestr\u00eda en Electr\u00f3nica\u00a0o comun\u00edcate con la administraci\u00f3n de la maestr\u00eda. El proceso de inscripci\u00f3n a la Maestr\u00eda en Electr\u00f3nica es completamente en l\u00ednea y consta de las siguientes etapas: 1. Completar el Formulario de Inscripci\u00f3n Accede al Formulario de Inscripci\u00f3n en [&hellip;]<\/p>\n","protected":false},"author":101025,"featured_media":0,"parent":0,"menu_order":0,"comment_status":"closed","ping_status":"closed","template":"","meta":[],"_links":{"self":[{"href":"https:\/\/www.facet.unt.edu.ar\/maestriaelectronica\/wp-json\/wp\/v2\/pages\/478"}],"collection":[{"href":"https:\/\/www.facet.unt.edu.ar\/maestriaelectronica\/wp-json\/wp\/v2\/pages"}],"about":[{"href":"https:\/\/www.facet.unt.edu.ar\/maestriaelectronica\/wp-json\/wp\/v2\/types\/page"}],"author":[{"embeddable":true,"href":"https:\/\/www.facet.unt.edu.ar\/maestriaelectronica\/wp-json\/wp\/v2\/users\/101025"}],"replies":[{"embeddable":true,"href":"https:\/\/www.facet.unt.edu.ar\/maestriaelectronica\/wp-json\/wp\/v2\/comments?post=478"}],"version-history":[{"count":7,"href":"https:\/\/www.facet.unt.edu.ar\/maestriaelectronica\/wp-json\/wp\/v2\/pages\/478\/revisions"}],"predecessor-version":[{"id":508,"href":"https:\/\/www.facet.unt.edu.ar\/maestriaelectronica\/wp-json\/wp\/v2\/pages\/478\/revisions\/508"}],"wp:attachment":[{"href":"https:\/\/www.facet.unt.edu.ar\/maestriaelectronica\/wp-json\/wp\/v2\/media?parent=478"}],"curies":[{"name":"wp","href":"https:\/\/api.w.org\/{rel}","templated":true}]}}