{"id":53,"date":"2021-11-05T19:39:03","date_gmt":"2021-11-05T19:39:03","guid":{"rendered":"https:\/\/www.facet.unt.edu.ar\/maestriaelectronica\/?page_id=53"},"modified":"2026-02-04T18:18:06","modified_gmt":"2026-02-04T18:18:06","slug":"inicio","status":"publish","type":"page","link":"https:\/\/www.facet.unt.edu.ar\/maestriaelectronica\/inicio\/","title":{"rendered":"Inicio"},"content":{"rendered":"<div id=\"pl-53\"  class=\"panel-layout\" ><div id=\"pg-53-0\"  class=\"panel-grid panel-no-style\" ><div id=\"pgc-53-0-0\"  class=\"panel-grid-cell\" ><div id=\"panel-53-0-0-0\" class=\"so-panel widget widget_sow-editor panel-first-child panel-last-child\" data-index=\"0\" ><div\n\t\t\t\n\t\t\tclass=\"so-widget-sow-editor so-widget-sow-editor-base\"\n\t\t\t\n\t\t>\n<div class=\"siteorigin-widget-tinymce textwidget\">\n\t<div class=\"banner-inscripciones\">\n<h1 data-start=\"280\" data-end=\"329\">Maestr\u00eda en Electr\u00f3nica \u2013 FACET-UNT<\/h1>\n<p class=\"\" data-start=\"395\" data-end=\"649\">La <strong data-start=\"415\" data-end=\"442\">Maestr\u00eda en Electr\u00f3nica<\/strong> es una propuesta acad\u00e9mica de posgrado de la <strong data-start=\"488\" data-end=\"501\">FACET-UNT<\/strong>, orientada a la profundizaci\u00f3n de conocimientos en \u00e1reas estrat\u00e9gicas como <strong data-start=\"577\" data-end=\"646\">Telecomunicaciones, Sistemas Embebidos y Automatizaci\u00f3n y Control<\/strong>.<\/p>\n<p class=\"\" data-start=\"651\" data-end=\"744\">\u2714 Modalidad 100% Virtual<br data-start=\"675\" data-end=\"678\" \/>\u2714 Dictada por docentes especialistas<br data-start=\"714\" data-end=\"717\" \/>\u2714 Federal e internacional<\/p>\n<p class=\"\" data-start=\"746\" data-end=\"905\">\ud83d\udc49 Actualmente, la <strong data-start=\"765\" data-end=\"812\">cohorte 2025 ya ha iniciado sus actividades<\/strong>. Las inscripciones para la p<strong>r\u00f3xima cohorte ser\u00e1n anunciadas oportunamente<\/strong> en este sitio.<\/p>\n<p class=\"\" data-start=\"907\" data-end=\"1002\">\ud83d\udd17 Consult\u00e1 el cronograma acad\u00e9mico actualizado <a href=\"https:\/\/www.facet.unt.edu.ar\/maestriaelectronica\/cronograma\/\">aqu\u00ed<\/a>.<br data-start=\"960\" data-end=\"963\" \/>\ud83d\udd17 Acced\u00e9 a las aulas virtuales <a href=\"https:\/\/www.facet.unt.edu.ar\/maestriaelectronica\/aulas-virtuales\/\">aqu\u00ed<\/a>.<\/p>\n<\/div>\n<\/div>\n<\/div><\/div><\/div><\/div><div id=\"pg-53-1\"  class=\"panel-grid panel-no-style\" ><div id=\"pgc-53-1-0\"  class=\"panel-grid-cell panel-grid-cell-empty\" ><\/div><\/div><\/div>","protected":false},"excerpt":{"rendered":"<p>Maestr\u00eda en Electr\u00f3nica \u2013 FACET-UNT La Maestr\u00eda en Electr\u00f3nica es una propuesta acad\u00e9mica de posgrado de la FACET-UNT, orientada a la profundizaci\u00f3n de conocimientos en \u00e1reas estrat\u00e9gicas como Telecomunicaciones, Sistemas Embebidos y Automatizaci\u00f3n y Control. \u2714 Modalidad 100% Virtual\u2714 Dictada por docentes especialistas\u2714 Federal e internacional \ud83d\udc49 Actualmente, la cohorte 2025 ya ha iniciado sus [&hellip;]<\/p>\n","protected":false},"author":101025,"featured_media":0,"parent":0,"menu_order":0,"comment_status":"closed","ping_status":"closed","template":"home-panels.php","meta":[],"_links":{"self":[{"href":"https:\/\/www.facet.unt.edu.ar\/maestriaelectronica\/wp-json\/wp\/v2\/pages\/53"}],"collection":[{"href":"https:\/\/www.facet.unt.edu.ar\/maestriaelectronica\/wp-json\/wp\/v2\/pages"}],"about":[{"href":"https:\/\/www.facet.unt.edu.ar\/maestriaelectronica\/wp-json\/wp\/v2\/types\/page"}],"author":[{"embeddable":true,"href":"https:\/\/www.facet.unt.edu.ar\/maestriaelectronica\/wp-json\/wp\/v2\/users\/101025"}],"replies":[{"embeddable":true,"href":"https:\/\/www.facet.unt.edu.ar\/maestriaelectronica\/wp-json\/wp\/v2\/comments?post=53"}],"version-history":[{"count":40,"href":"https:\/\/www.facet.unt.edu.ar\/maestriaelectronica\/wp-json\/wp\/v2\/pages\/53\/revisions"}],"predecessor-version":[{"id":651,"href":"https:\/\/www.facet.unt.edu.ar\/maestriaelectronica\/wp-json\/wp\/v2\/pages\/53\/revisions\/651"}],"wp:attachment":[{"href":"https:\/\/www.facet.unt.edu.ar\/maestriaelectronica\/wp-json\/wp\/v2\/media?parent=53"}],"curies":[{"name":"wp","href":"https:\/\/api.w.org\/{rel}","templated":true}]}}