{"id":543,"date":"2024-11-19T21:26:31","date_gmt":"2024-11-19T21:26:31","guid":{"rendered":"https:\/\/www.facet.unt.edu.ar\/maestriaelectronica\/?page_id=543"},"modified":"2024-11-19T21:31:39","modified_gmt":"2024-11-19T21:31:39","slug":"formulario-de-inscripcion","status":"publish","type":"page","link":"https:\/\/www.facet.unt.edu.ar\/maestriaelectronica\/formulario-de-inscripcion\/","title":{"rendered":"Formulario de Inscripci\u00f3n"},"content":{"rendered":"<section id=\"inscripcion\">\n<div class=\"container\">\n<h1>\u00a1<i class=\"fa fa-pencil-alt\"><\/i> Inscripciones Abiertas!<\/h1>\n<p>Completa el formulario de inscripci\u00f3n y comienza tu camino en la Maestr\u00eda en Electr\u00f3nica (FACET-UNT). Aseg\u00farate de revisar el <a href=\"https:\/\/www.facet.unt.edu.ar\/maestriaelectronica\/reglamento\" target=\"_blank\" rel=\"noopener\">Reglamento de inscripci\u00f3n<\/a> y el <a href=\"https:\/\/www.facet.unt.edu.ar\/maestriaelectronica\/cronograma\" target=\"_blank\" rel=\"noopener\">Cronograma Acad\u00e9mico<\/a> antes de completar tus datos.<\/p>\n<p><a class=\"btn btn-primary\" href=\"https:\/\/forms.gle\/9tD3Wg4qKJsVt7M69\" target=\"_blank\" rel=\"noopener\">Acceder al Formulario de Inscripci\u00f3n<\/a><\/p>\n<\/div>\n<\/section>\n","protected":false},"excerpt":{"rendered":"<p>\u00a1 Inscripciones Abiertas! Completa el formulario de inscripci\u00f3n y comienza tu camino en la Maestr\u00eda en Electr\u00f3nica (FACET-UNT). Aseg\u00farate de revisar el Reglamento de inscripci\u00f3n y el Cronograma Acad\u00e9mico antes de completar tus datos. Acceder al Formulario de Inscripci\u00f3n<\/p>\n","protected":false},"author":101025,"featured_media":0,"parent":0,"menu_order":0,"comment_status":"closed","ping_status":"closed","template":"","meta":[],"_links":{"self":[{"href":"https:\/\/www.facet.unt.edu.ar\/maestriaelectronica\/wp-json\/wp\/v2\/pages\/543"}],"collection":[{"href":"https:\/\/www.facet.unt.edu.ar\/maestriaelectronica\/wp-json\/wp\/v2\/pages"}],"about":[{"href":"https:\/\/www.facet.unt.edu.ar\/maestriaelectronica\/wp-json\/wp\/v2\/types\/page"}],"author":[{"embeddable":true,"href":"https:\/\/www.facet.unt.edu.ar\/maestriaelectronica\/wp-json\/wp\/v2\/users\/101025"}],"replies":[{"embeddable":true,"href":"https:\/\/www.facet.unt.edu.ar\/maestriaelectronica\/wp-json\/wp\/v2\/comments?post=543"}],"version-history":[{"count":6,"href":"https:\/\/www.facet.unt.edu.ar\/maestriaelectronica\/wp-json\/wp\/v2\/pages\/543\/revisions"}],"predecessor-version":[{"id":551,"href":"https:\/\/www.facet.unt.edu.ar\/maestriaelectronica\/wp-json\/wp\/v2\/pages\/543\/revisions\/551"}],"wp:attachment":[{"href":"https:\/\/www.facet.unt.edu.ar\/maestriaelectronica\/wp-json\/wp\/v2\/media?parent=543"}],"curies":[{"name":"wp","href":"https:\/\/api.w.org\/{rel}","templated":true}]}}