{"id":107,"date":"2018-03-17T15:35:22","date_gmt":"2018-03-17T18:35:22","guid":{"rendered":"https:\/\/www.facet.unt.edu.ar\/maestriamatematica\/?page_id=107"},"modified":"2025-11-25T18:07:45","modified_gmt":"2025-11-25T21:07:45","slug":"autoridades","status":"publish","type":"page","link":"https:\/\/www.facet.unt.edu.ar\/maestriamatematica\/autoridades\/","title":{"rendered":"Autoridades y Claustro"},"content":{"rendered":"<p><strong><a href=\"https:\/\/www.facet.unt.edu.ar\/maestriamatematica\/wp-content\/uploads\/sites\/30\/2018\/11\/Marcela-150x131.jpg\">\u00a0<\/a>Directora :<\/strong> Dra. Mar\u00eda Emilia Castillo.<\/p>\n<p><strong><a href=\"https:\/\/www.facet.unt.edu.ar\/maestriamatematica\/wp-content\/uploads\/sites\/30\/2018\/11\/Silvi-1.jpg\"><img decoding=\"async\" loading=\"lazy\" class=\"alignnone wp-image-459\" src=\"https:\/\/www.facet.unt.edu.ar\/maestriamatematica\/wp-content\/uploads\/sites\/30\/2018\/11\/Silvi-1.jpg\" alt=\"\" width=\"74\" height=\"91\" \/><\/a>Co- Director:<\/strong> Mg. Silvina Ruth G\u00f3mez<\/p>\n<p><strong>Asesores externos:<\/strong><\/p>\n<p><a href=\"https:\/\/www.facet.unt.edu.ar\/maestriamatematica\/wp-content\/uploads\/sites\/30\/2018\/11\/carlos.olmos_.jpg\"><img decoding=\"async\" loading=\"lazy\" class=\"alignnone wp-image-461\" src=\"https:\/\/www.facet.unt.edu.ar\/maestriamatematica\/wp-content\/uploads\/sites\/30\/2018\/11\/carlos.olmos_.jpg\" alt=\"\" width=\"80\" height=\"104\" \/><\/a><\/p>\n<p>Dr. Carlos Olmos- FAMAF &#8211; Universidad Nacional de C\u00f3rdoba<\/p>\n<p>&nbsp;<\/p>\n<p><strong>Comit\u00e9 Acad\u00e9mico:<\/strong><\/p>\n<p>Dra. Amelia del Valle Barrionuevo<\/p>\n<p>Dra. Mg. Estela F\u00e1tima Fern\u00e1ndez<\/p>\n<p>Dr. Mg. V\u00edctor Fabio Lazarte<\/p>\n<p><strong>Cuerpo\u00a0 Docente:<\/strong><\/p>\n<p>Dr. Juan Carlos Abril<br \/>\nDra. Amelia del Valle Barrionuevo<br \/>\nDr. Oscar Humberto Bustos<br \/>\nDr. Leandro Roberto Cagliero<br \/>\nDra. Mar\u00eda Emilia Castillo<br \/>\nMg. Estela F\u00e1tima Fern\u00e1ndez<br \/>\nDr. Edison Alberto Fern\u00e1ndez-Culma<br \/>\nDra. Esther Galina<br \/>\nDr. Eduardo Garau<br \/>\nMS. Mar\u00eda Isabel Giannini<br \/>\nMg. Silvina Ruth G\u00f3mez<br \/>\nMg. Ana Cecilia Larr\u00e1n<br \/>\nMg. Mar\u00eda Marcela Lazarte<br \/>\nMg. V\u00edctor Fabio Lazarte<br \/>\nMg. Isabel del Valle Lomas<br \/>\nDr. Facundo Adri\u00e1n Lucianna<br \/>\nDr. Fernando Menzaque<br \/>\nMg. Paula Lorena Naidicz<br \/>\nDr \u00c1lvaro Gabriel Piz\u00e1<br \/>\nDra. Nadina Elizabeth Rojas<br \/>\nMg. Cecilia Elizabeth Saavedra Fresia<br \/>\nDr. Marcos Salvai<br \/>\nDra. Ana Mar\u00eda Sfer<br \/>\nDr. Rub\u00e9n Daniel Spies<\/p>\n","protected":false},"excerpt":{"rendered":"<p>\u00a0Directora : Dra. Mar\u00eda Emilia Castillo. Co- Director: Mg. Silvina Ruth G\u00f3mez Asesores externos: Dr. Carlos Olmos- FAMAF &#8211; Universidad Nacional de C\u00f3rdoba &nbsp; Comit\u00e9 Acad\u00e9mico: Dra. Amelia del Valle Barrionuevo Dra. Mg. Estela F\u00e1tima Fern\u00e1ndez Dr. Mg. V\u00edctor Fabio Lazarte Cuerpo\u00a0 Docente: Dr. Juan Carlos Abril Dra. Amelia del Valle Barrionuevo Dr. Oscar Humberto [&hellip;]<\/p>\n","protected":false},"author":101011,"featured_media":0,"parent":0,"menu_order":10,"comment_status":"closed","ping_status":"closed","template":"","meta":[],"_links":{"self":[{"href":"https:\/\/www.facet.unt.edu.ar\/maestriamatematica\/wp-json\/wp\/v2\/pages\/107"}],"collection":[{"href":"https:\/\/www.facet.unt.edu.ar\/maestriamatematica\/wp-json\/wp\/v2\/pages"}],"about":[{"href":"https:\/\/www.facet.unt.edu.ar\/maestriamatematica\/wp-json\/wp\/v2\/types\/page"}],"author":[{"embeddable":true,"href":"https:\/\/www.facet.unt.edu.ar\/maestriamatematica\/wp-json\/wp\/v2\/users\/101011"}],"replies":[{"embeddable":true,"href":"https:\/\/www.facet.unt.edu.ar\/maestriamatematica\/wp-json\/wp\/v2\/comments?post=107"}],"version-history":[{"count":24,"href":"https:\/\/www.facet.unt.edu.ar\/maestriamatematica\/wp-json\/wp\/v2\/pages\/107\/revisions"}],"predecessor-version":[{"id":777,"href":"https:\/\/www.facet.unt.edu.ar\/maestriamatematica\/wp-json\/wp\/v2\/pages\/107\/revisions\/777"}],"wp:attachment":[{"href":"https:\/\/www.facet.unt.edu.ar\/maestriamatematica\/wp-json\/wp\/v2\/media?parent=107"}],"curies":[{"name":"wp","href":"https:\/\/api.w.org\/{rel}","templated":true}]}}