{"id":132,"date":"2015-10-30T21:28:15","date_gmt":"2015-10-31T00:28:15","guid":{"rendered":"https:\/\/www.facet.unt.edu.ar\/maestriamatematica\/?page_id=132"},"modified":"2019-05-06T13:08:17","modified_gmt":"2019-05-06T16:08:17","slug":"horas-de-tutoria","status":"publish","type":"page","link":"https:\/\/www.facet.unt.edu.ar\/maestriamatematica\/plan-y-reglamentos-2\/horas-de-tutoria\/","title":{"rendered":"Horas de tutor\u00eda"},"content":{"rendered":"<p>Para aprobar las 160 hs de tutor\u00eda e investigaci\u00f3n:<\/p>\n<p>1) Se computar\u00e1n como horas de tutor\u00eda las siguientes actividades:<br \/>\n&#8211; producci\u00f3n lograda mediante la colaboraci\u00f3n en el dictado de cursos obligatorios u optativos del programa de maestr\u00eda,<br \/>\n&#8211; con la participaci\u00f3n en los Seminarios de Divulgaci\u00f3n Cient\u00edfica organizados por la Maestr\u00eda, ya sea con asistencia o con exposici\u00f3n de trabajos o t\u00f3picos estudiados.<br \/>\n&#8211; aprobaci\u00f3n de Seminario de Latex, seminario de MATLAB, seminario de MAPLE u otro seminario o curso breve que contribuya a la formaci\u00f3n del Maestrando.<br \/>\n&#8211; con presentaciones en reuniones cient\u00edficas del \u00e1rea,<br \/>\n&#8211; con otra actividad de investigaci\u00f3n y\/o estudio que los correspondientes directores avalen.<\/p>\n<p>2) Se requiere realizar al menos dos tipos diferentes de las actividades antes mencionadas.<\/p>\n<p>3) Una vez completadas las horas y antes de pedir la designaci\u00f3n del tribunal para defensa de tesis el Director de Tesis deber\u00e1 elevar una nota a la Direcci\u00f3n de la Maestr\u00eda certificando la actividad y pidiendo su aprobaci\u00f3n.<\/p>\n<p>4) El Director de la Maestr\u00eda emitir\u00e1 un Acta de Aprobaci\u00f3n de Horas de Tutor\u00eda que deber\u00e1 incluir en el expediente del maestrando al momento de solicitar la designaci\u00f3n del tribunal para la defensa de tesis.<\/p>\n","protected":false},"excerpt":{"rendered":"<p>Para aprobar las 160 hs de tutor\u00eda e investigaci\u00f3n: 1) Se computar\u00e1n como horas de tutor\u00eda las siguientes actividades: &#8211; producci\u00f3n lograda mediante la colaboraci\u00f3n en el dictado de cursos obligatorios u optativos del programa de maestr\u00eda, &#8211; con la participaci\u00f3n en los Seminarios de Divulgaci\u00f3n Cient\u00edfica organizados por la Maestr\u00eda, ya sea con asistencia [&hellip;]<\/p>\n","protected":false},"author":101011,"featured_media":0,"parent":243,"menu_order":40,"comment_status":"closed","ping_status":"closed","template":"","meta":[],"_links":{"self":[{"href":"https:\/\/www.facet.unt.edu.ar\/maestriamatematica\/wp-json\/wp\/v2\/pages\/132"}],"collection":[{"href":"https:\/\/www.facet.unt.edu.ar\/maestriamatematica\/wp-json\/wp\/v2\/pages"}],"about":[{"href":"https:\/\/www.facet.unt.edu.ar\/maestriamatematica\/wp-json\/wp\/v2\/types\/page"}],"author":[{"embeddable":true,"href":"https:\/\/www.facet.unt.edu.ar\/maestriamatematica\/wp-json\/wp\/v2\/users\/101011"}],"replies":[{"embeddable":true,"href":"https:\/\/www.facet.unt.edu.ar\/maestriamatematica\/wp-json\/wp\/v2\/comments?post=132"}],"version-history":[{"count":3,"href":"https:\/\/www.facet.unt.edu.ar\/maestriamatematica\/wp-json\/wp\/v2\/pages\/132\/revisions"}],"predecessor-version":[{"id":142,"href":"https:\/\/www.facet.unt.edu.ar\/maestriamatematica\/wp-json\/wp\/v2\/pages\/132\/revisions\/142"}],"up":[{"embeddable":true,"href":"https:\/\/www.facet.unt.edu.ar\/maestriamatematica\/wp-json\/wp\/v2\/pages\/243"}],"wp:attachment":[{"href":"https:\/\/www.facet.unt.edu.ar\/maestriamatematica\/wp-json\/wp\/v2\/media?parent=132"}],"curies":[{"name":"wp","href":"https:\/\/api.w.org\/{rel}","templated":true}]}}