{"id":134,"date":"2015-10-30T21:37:11","date_gmt":"2015-10-31T00:37:11","guid":{"rendered":"https:\/\/www.facet.unt.edu.ar\/maestriamatematica\/?page_id=134"},"modified":"2019-05-06T13:08:42","modified_gmt":"2019-05-06T16:08:42","slug":"admision-en-la-carrera","status":"publish","type":"page","link":"https:\/\/www.facet.unt.edu.ar\/maestriamatematica\/plan-y-reglamentos-2\/admision-en-la-carrera\/","title":{"rendered":"Admisi\u00f3n en la Carrera"},"content":{"rendered":"<p><span style=\"color: #ff0000;\">A PARTIR DEL A\u00d1O 2019 POSGRADO DE LA UNT HA CAMBIADO LA REGLAMENTACI\u00d3N DE INGRESO A LAS CARRERAS DE POSGRADO. DEJ\u00d3 SIN EFECTO LA ADMISI\u00d3N.\u00a0 PARA VER LA RESOLUCI\u00d3N QUE REALIZA LA MODIFICACI\u00d3N HAGA <a href=\"https:\/\/www.facet.unt.edu.ar\/maestriamatematica\/plan-y-reglamentos-2\/plan-y-reglamentos\/\">CLICK<\/a><\/span><\/p>\n<p>&nbsp;<\/p>\n<p>&nbsp;<\/p>\n","protected":false},"excerpt":{"rendered":"<p>A PARTIR DEL A\u00d1O 2019 POSGRADO DE LA UNT HA CAMBIADO LA REGLAMENTACI\u00d3N DE INGRESO A LAS CARRERAS DE POSGRADO. DEJ\u00d3 SIN EFECTO LA ADMISI\u00d3N.\u00a0 PARA VER LA RESOLUCI\u00d3N QUE REALIZA LA MODIFICACI\u00d3N HAGA CLICK &nbsp; &nbsp;<\/p>\n","protected":false},"author":101011,"featured_media":0,"parent":243,"menu_order":20,"comment_status":"closed","ping_status":"closed","template":"","meta":[],"_links":{"self":[{"href":"https:\/\/www.facet.unt.edu.ar\/maestriamatematica\/wp-json\/wp\/v2\/pages\/134"}],"collection":[{"href":"https:\/\/www.facet.unt.edu.ar\/maestriamatematica\/wp-json\/wp\/v2\/pages"}],"about":[{"href":"https:\/\/www.facet.unt.edu.ar\/maestriamatematica\/wp-json\/wp\/v2\/types\/page"}],"author":[{"embeddable":true,"href":"https:\/\/www.facet.unt.edu.ar\/maestriamatematica\/wp-json\/wp\/v2\/users\/101011"}],"replies":[{"embeddable":true,"href":"https:\/\/www.facet.unt.edu.ar\/maestriamatematica\/wp-json\/wp\/v2\/comments?post=134"}],"version-history":[{"count":15,"href":"https:\/\/www.facet.unt.edu.ar\/maestriamatematica\/wp-json\/wp\/v2\/pages\/134\/revisions"}],"predecessor-version":[{"id":552,"href":"https:\/\/www.facet.unt.edu.ar\/maestriamatematica\/wp-json\/wp\/v2\/pages\/134\/revisions\/552"}],"up":[{"embeddable":true,"href":"https:\/\/www.facet.unt.edu.ar\/maestriamatematica\/wp-json\/wp\/v2\/pages\/243"}],"wp:attachment":[{"href":"https:\/\/www.facet.unt.edu.ar\/maestriamatematica\/wp-json\/wp\/v2\/media?parent=134"}],"curies":[{"name":"wp","href":"https:\/\/api.w.org\/{rel}","templated":true}]}}