{"id":160,"date":"2015-10-31T01:12:18","date_gmt":"2015-10-31T04:12:18","guid":{"rendered":"https:\/\/www.facet.unt.edu.ar\/maestriamatematica\/?page_id=160"},"modified":"2019-05-06T13:15:57","modified_gmt":"2019-05-06T16:15:57","slug":"formato-de-la-tesis","status":"publish","type":"page","link":"https:\/\/www.facet.unt.edu.ar\/maestriamatematica\/plan-y-reglamentos-2\/formato-de-la-tesis\/","title":{"rendered":"Formato de la tesis"},"content":{"rendered":"<p>-La car\u00e1tula debe tener los logos de la FACET y de la UNT; el nombre de la Tesis, del tesista, del Director y de la Comisi\u00f3n de Supervisi\u00f3n; la fecha y la unidad acad\u00e9mica.<br \/>\n&#8211; Se aconseja imprimir a doble faz en un papel bueno (90g por lo menos) y anillado.<\/p>\n<p>-Una tesis de maestr\u00eda se espera que contenga entre 50 y 100 p\u00e1ginas, en texto normal (arial 10 o similar) y espaciado no mayor que 1,5.<\/p>\n<p>-Debe contener al comienzo el resumen de 500 palabras y el \u00edndice detallado de cap\u00edtulos y subcap\u00edtulos con las p\u00e1ginas correctas en que se encuentran en el texto. El nro. de cap\u00edtulos lo deciden el tesista y el director.<\/p>\n<p>&#8211; Al final debe tener un cap\u00edtulo de conclusiones y l\u00edneas futuras de investigaci\u00f3n.<\/p>\n<p>&#8211; Luego las referencias bibliogr\u00e1ficas,<\/p>\n<p>-Es importante que se destaquen al final, el listado de publicaciones propias referidas al tema de la tesis. Se pueden agregar al final, anexos con desarrollos secundarios.<\/p>\n","protected":false},"excerpt":{"rendered":"<p>-La car\u00e1tula debe tener los logos de la FACET y de la UNT; el nombre de la Tesis, del tesista, del Director y de la Comisi\u00f3n de Supervisi\u00f3n; la fecha y la unidad acad\u00e9mica. &#8211; Se aconseja imprimir a doble faz en un papel bueno (90g por lo menos) y anillado. -Una tesis de maestr\u00eda [&hellip;]<\/p>\n","protected":false},"author":101011,"featured_media":0,"parent":243,"menu_order":13,"comment_status":"closed","ping_status":"closed","template":"","meta":[],"_links":{"self":[{"href":"https:\/\/www.facet.unt.edu.ar\/maestriamatematica\/wp-json\/wp\/v2\/pages\/160"}],"collection":[{"href":"https:\/\/www.facet.unt.edu.ar\/maestriamatematica\/wp-json\/wp\/v2\/pages"}],"about":[{"href":"https:\/\/www.facet.unt.edu.ar\/maestriamatematica\/wp-json\/wp\/v2\/types\/page"}],"author":[{"embeddable":true,"href":"https:\/\/www.facet.unt.edu.ar\/maestriamatematica\/wp-json\/wp\/v2\/users\/101011"}],"replies":[{"embeddable":true,"href":"https:\/\/www.facet.unt.edu.ar\/maestriamatematica\/wp-json\/wp\/v2\/comments?post=160"}],"version-history":[{"count":3,"href":"https:\/\/www.facet.unt.edu.ar\/maestriamatematica\/wp-json\/wp\/v2\/pages\/160\/revisions"}],"predecessor-version":[{"id":249,"href":"https:\/\/www.facet.unt.edu.ar\/maestriamatematica\/wp-json\/wp\/v2\/pages\/160\/revisions\/249"}],"up":[{"embeddable":true,"href":"https:\/\/www.facet.unt.edu.ar\/maestriamatematica\/wp-json\/wp\/v2\/pages\/243"}],"wp:attachment":[{"href":"https:\/\/www.facet.unt.edu.ar\/maestriamatematica\/wp-json\/wp\/v2\/media?parent=160"}],"curies":[{"name":"wp","href":"https:\/\/api.w.org\/{rel}","templated":true}]}}