{"id":207,"date":"2018-04-10T10:00:50","date_gmt":"2018-04-10T13:00:50","guid":{"rendered":"https:\/\/www.facet.unt.edu.ar\/maestriamatematica\/?page_id=207"},"modified":"2023-08-24T09:44:41","modified_gmt":"2023-08-24T12:44:41","slug":"cursos","status":"publish","type":"page","link":"https:\/\/www.facet.unt.edu.ar\/maestriamatematica\/actividades-programadas\/cursos\/","title":{"rendered":"Cursos"},"content":{"rendered":"<p><em><strong>El dictado de los cursos est\u00e1 sujeto a que se cumpla el cupo m\u00ednimo exigido.<\/strong><\/em><\/p>\n<p><strong>Segundo Cuatrimestre de 2023:\u00a0<\/strong><\/p>\n<ul>\n<li>En la FACET-UNT se dictar\u00e1 la materia optativa <strong>&#8220;Optimizaci\u00f3n Matem\u00e1tica\u201d<\/strong>, a cargo del <strong>Dr. Elvio Pilotta <\/strong>(<a href=\"https:\/\/drive.google.com\/file\/d\/1oBXpTx6YkBsAXkDZKUQkXPxFv_lEvwWN\/view?usp=sharing\">m\u00e1s informaci\u00f3n<\/a>)<\/li>\n<\/ul>\n<p><strong>Primer Cuatrimestre de 2023:\u00a0<\/strong><\/p>\n<ul>\n<li>En la FACET-UNT se dictar\u00e1 la materia optativa <strong>&#8220;T\u00f3picos de \u00c1lgebra&#8221;<\/strong>, a cargo de Mg<strong>. Estela F. Fernandez <\/strong>y<strong> Mg. Isabel del V. Lomas.<\/strong><\/li>\n<li>En la FACET-UNT se dictar\u00e1 la materia obligatoria <strong>\u201cIntroducci\u00f3n al An\u00e1lisis Funcional\u201d<\/strong>, a cargo de la <strong>Dra. Maria Emilia Castillo.<\/strong><\/li>\n<\/ul>\n<p><b>Segundo Cuatrimestre de 2022:\u00a0<\/b><\/p>\n<ul>\n<li>En la FACET-UNT se dictar\u00e1 la materia optativa <strong>&#8220;Ciencia de datos aplicada:<\/strong> <b>Fundamentos, t\u00e9cnicas y herramientas\u201d<\/b>, a cargo del <b>Dr. Facundo Lucianna <\/b>(<a href=\"https:\/\/www.facet.unt.edu.ar\/maestriamatematica\/wp-content\/uploads\/sites\/30\/2022\/04\/Programa-Ciencia-de-datos-aplicada.pdf\">m\u00e1s informaci\u00f3n<\/a>)<\/li>\n<li>En la FACET-UNT se dictar\u00e1 la materia optativa <strong>&#8220;\u00c1lgebra Lineal Avanzada<\/strong><b>\u201d<\/b>, a cargo de la <b>Dra. Amelia Barrionuevo <\/b>(<a href=\"https:\/\/drive.google.com\/file\/d\/1mDBAICD18nTgWKZkhepXgFBuNejXUHmv\/view?usp=sharing\" target=\"_blank\" rel=\"noopener\">m\u00e1s informaci\u00f3n<\/a>)<\/li>\n<\/ul>\n<p><b>Primer Cuatrimestre de 2022:\u00a0<\/b><\/p>\n<ul>\n<li>En la FACET-UNT se dictar\u00e1 la materia obligatoria <strong>&#8220;An\u00e1lisis Real&#8221;<\/strong>, a cargo del <b>Dr. V\u00edctor F. Lazarte.<\/b><\/li>\n<li>En la FACET-UNT se dictar\u00e1 la materia optativa <strong>\u201cIntroducci\u00f3n a la Teor\u00eda de M\u00f3dulos y Teor\u00eda de Galois\u201d<\/strong>, a cargo de la <b>Dra. Nadina Rojas.<\/b>(<a href=\"https:\/\/www.facet.unt.edu.ar\/maestriamatematica\/wp-content\/uploads\/sites\/30\/2022\/04\/Propuesta-del-curso.pdf\">m\u00e1s informaci\u00f3n<\/a>)<\/li>\n<\/ul>\n<p><b>Segundo Cuatrimestre de 2021:\u00a0<\/b><\/p>\n<ul>\n<li>En la FACET-UNT se dictar\u00e1 la materia optativa <b>\u201cGeometr\u00eda Riemanniana I\u201d<\/b>, a cargo del <b>Dr. Marcos Salvai <\/b>(<a href=\"https:\/\/www.facet.unt.edu.ar\/maestriamatematica\/wp-content\/uploads\/sites\/30\/2021\/07\/Poster-Geom-Riem-I-web.pdf\">m\u00e1s informaci\u00f3n<\/a>) si desea cursarla enviar un mail a <a class=\"Yh1nIb asUmFb AL18ce\" target=\"_blank\" rel=\"noopener noreferrer\" data-tooltip=\"Del perfil de la organizaci\u00f3n del usuario\" data-tooltip-position=\"top\">efernandez@herrera.unt.edu.ar<\/a> (Debido a la cuarentena se dictar\u00e1 en forma virtual) por procedimiento para abonar el arancel enviar un mail a sgomez@herrera.un.edu.ar<\/li>\n<\/ul>\n<ul>\n<li>En la FACET-UNT se dictar\u00e1 la materia obligatoria <b>\u201cC\u00e1lculo Superior\u201d<\/b>, a cargo de la <b>Mg. Mar\u00eda Marcela Lazarte <\/b>(<a href=\"https:\/\/www.facet.unt.edu.ar\/maestriamatematica\/wp-content\/uploads\/sites\/30\/2021\/07\/Poster-Calc-Sup-2021.pdf\">m\u00e1s informaci\u00f3n)<\/a> si desea cursarla enviar un mail a efernandez@herrera.unt.edu.ar (Debido a la cuarentena se dictar\u00e1 en forma virtual) por procedimiento para abonar el arancel enviar un mail a sgomez@herrera.un.edu.ar<\/li>\n<\/ul>\n<p>&nbsp;<\/p>\n<p><b>Primer Cuatrimestre de 2021:\u00a0<\/b><\/p>\n<ul>\n<li>En la FACET-UNT se dictar\u00e1 la materia optativa <b>\u201cSplines Fundamentos y Teor\u00eda de aproximaci\u00f3n\u201d<\/b>, a cargo del <b>Dr. Eduardo Garau <\/b>(<a href=\"https:\/\/www.facet.unt.edu.ar\/maestriamatematica\/wp-content\/uploads\/sites\/30\/2021\/03\/posterSplines.pdf\">m\u00e1s informaci\u00f3n<\/a>) si desea cursarla enviar un mail a <a class=\"Yh1nIb asUmFb AL18ce\" target=\"_blank\" rel=\"noopener noreferrer\" data-tooltip=\"Del perfil de la organizaci\u00f3n del usuario\" data-tooltip-position=\"top\">efernandez@herrera.unt.edu.ar<\/a> (Debido a la cuarentena se dictar\u00e1 en forma virtual) por procedimiento para abonar el arancel enviar un mail a sgomez@herrera.un.edu.ar<\/li>\n<\/ul>\n<ul>\n<li>En la FACET-UNT se dictar\u00e1 la materia obligatoria <b>\u201cEstructuras Algebraicas\u201d<\/b>, a cargo de la <b>Mg. Silvina Ruth G\u00f3mez <\/b>(<a href=\"https:\/\/www.facet.unt.edu.ar\/maestriamatematica\/wp-content\/uploads\/sites\/30\/2021\/03\/Poster-2021.pdf\">m\u00e1s informaci\u00f3n<\/a>) si desea cursarla enviar un mail a <a class=\"Yh1nIb asUmFb AL18ce\" target=\"_blank\" rel=\"noopener noreferrer\" data-tooltip=\"Del perfil de la organizaci\u00f3n del usuario\" data-tooltip-position=\"top\">efernandez@herrera.unt.edu.ar<\/a> (Debido a la cuarentena se dictar\u00e1 en forma virtual) por procedimiento para abonar el arancel enviar un mail a sgomez@herrera.un.edu.ar<\/li>\n<\/ul>\n<p>&nbsp;<\/p>\n<p>&nbsp;<\/p>\n<p>&nbsp;<\/p>\n","protected":false},"excerpt":{"rendered":"<p>El dictado de los cursos est\u00e1 sujeto a que se cumpla el cupo m\u00ednimo exigido. Segundo Cuatrimestre de 2023:\u00a0 En la FACET-UNT se dictar\u00e1 la materia optativa &#8220;Optimizaci\u00f3n Matem\u00e1tica\u201d, a cargo del Dr. Elvio Pilotta (m\u00e1s informaci\u00f3n) Primer Cuatrimestre de 2023:\u00a0 En la FACET-UNT se dictar\u00e1 la materia optativa &#8220;T\u00f3picos de \u00c1lgebra&#8221;, a cargo de [&hellip;]<\/p>\n","protected":false},"author":101011,"featured_media":0,"parent":205,"menu_order":90,"comment_status":"closed","ping_status":"closed","template":"","meta":[],"_links":{"self":[{"href":"https:\/\/www.facet.unt.edu.ar\/maestriamatematica\/wp-json\/wp\/v2\/pages\/207"}],"collection":[{"href":"https:\/\/www.facet.unt.edu.ar\/maestriamatematica\/wp-json\/wp\/v2\/pages"}],"about":[{"href":"https:\/\/www.facet.unt.edu.ar\/maestriamatematica\/wp-json\/wp\/v2\/types\/page"}],"author":[{"embeddable":true,"href":"https:\/\/www.facet.unt.edu.ar\/maestriamatematica\/wp-json\/wp\/v2\/users\/101011"}],"replies":[{"embeddable":true,"href":"https:\/\/www.facet.unt.edu.ar\/maestriamatematica\/wp-json\/wp\/v2\/comments?post=207"}],"version-history":[{"count":93,"href":"https:\/\/www.facet.unt.edu.ar\/maestriamatematica\/wp-json\/wp\/v2\/pages\/207\/revisions"}],"predecessor-version":[{"id":768,"href":"https:\/\/www.facet.unt.edu.ar\/maestriamatematica\/wp-json\/wp\/v2\/pages\/207\/revisions\/768"}],"up":[{"embeddable":true,"href":"https:\/\/www.facet.unt.edu.ar\/maestriamatematica\/wp-json\/wp\/v2\/pages\/205"}],"wp:attachment":[{"href":"https:\/\/www.facet.unt.edu.ar\/maestriamatematica\/wp-json\/wp\/v2\/media?parent=207"}],"curies":[{"name":"wp","href":"https:\/\/api.w.org\/{rel}","templated":true}]}}