{"id":229,"date":"2015-10-31T03:17:05","date_gmt":"2015-10-31T06:17:05","guid":{"rendered":"https:\/\/www.facet.unt.edu.ar\/maestriamatematica\/?page_id=229"},"modified":"2022-03-25T12:10:04","modified_gmt":"2022-03-25T15:10:04","slug":"descripcion-de-la-carrera","status":"publish","type":"page","link":"https:\/\/www.facet.unt.edu.ar\/maestriamatematica\/descripcion-de-la-carrera\/","title":{"rendered":"Descripci\u00f3n de la carrera"},"content":{"rendered":"<p><strong>Objetivos Generales<\/strong><\/p>\n<p>La Maestr\u00eda en Matem\u00e1tica tiene como principal objetivo impartir una formaci\u00f3n matem\u00e1tica avanzada tendiente al desarrollo del pensamiento aut\u00f3nomo, de la capacidad cr\u00edtica y de una visi\u00f3n integradora de la Matem\u00e1tica y sus aplicaciones, al perfeccionamiento de la formaci\u00f3n cient\u00edfica y profesional de la carrera de grado y asimismo capacitar al egresado para continuar estudios de doctorado y para proyectar nuevas l\u00edneas de desarrollo<em>. <\/em>As\u00ed tambi\u00e9n apoyar la investigaci\u00f3n y aplicaci\u00f3n de la Matem\u00e1tica para satisfacer las demandas que plantea el medio.<\/p>\n<p><strong>Objetivos Espec\u00edficos<\/strong><\/p>\n<ol>\n<li>Atender a la formaci\u00f3n de matem\u00e1ticos con mejores posibilidades de inserci\u00f3n en departamentos de matem\u00e1tica de carreras afines y en el sistema productivo.<\/li>\n<li>Contribuir al mejoramiento de la ense\u00f1anza de la Matem\u00e1tica, impartida en los numerosos cursos que el Departamento de Matem\u00e1tica ofrece en el \u00e1mbito de la Facultad, a trav\u00e9s del perfeccionamiento del Cuerpo Docente del Departamento.<\/li>\n<li>Promover la investigaci\u00f3n dentro del Departamento de Matem\u00e1tica.<\/li>\n<li>Ofrecer a graduados de la Licenciatura en Matem\u00e1tica y carreras afines la posibilidad de perfeccionar sus conocimientos en Matem\u00e1tica, formando as\u00ed recursos humanos de excelencia para integrar grupos de investigaci\u00f3n interdisciplinarios en las diversas aplicaciones de la Matem\u00e1tica.<\/li>\n<\/ol>\n<p><strong>Perfil del Egresado<\/strong><\/p>\n<p>El Mag\u00edster en Matem\u00e1tica alcanzar\u00e1 una formaci\u00f3n avanzada en Matem\u00e1tica; ser\u00e1 capaz de crear y mantener nuevas l\u00edneas de investigaci\u00f3n en Matem\u00e1tica y de desempe\u00f1arse con solvencia como docente universitario y como miembro de grupos interdisciplinarios de investigaci\u00f3n en la Universidad y en empresas p\u00fablicas y privadas.<\/p>\n<p><strong>Destinatarios<\/strong><\/p>\n<p>La Maestr\u00eda en Matem\u00e1tica est\u00e1 dirigida a profesionales universitarios que en su carrera de grado tuvieron una amplia formaci\u00f3n matem\u00e1tica. Los postulantes deben ser Licenciados en Matem\u00e1tica o tener t\u00edtulo af\u00edn de carreras universitarias de no menos de cuatro a\u00f1os.<\/p>\n<p>Los postulantes deber\u00e1n aprobar el proceso de selecci\u00f3n a que ser\u00e1n sometidos. A estos efectos se constituir\u00e1 la Comisi\u00f3n de Inscripci\u00f3n.<\/p>\n<p>El cupo m\u00ednimo requerido para el funcionamiento de la carrera es de 10 alumnos, siendo de 20 el m\u00e1ximo de alumnos que se puede admitir.<\/p>\n<p><strong>Sede de la Carrera:<\/strong><\/p>\n<p>Facultad de Ciencias Exactas y Tecnolog\u00eda. Universidad Nacional de Tucum\u00e1n. Departamento de Matem\u00e1tica.<\/p>\n","protected":false},"excerpt":{"rendered":"<p>Objetivos Generales La Maestr\u00eda en Matem\u00e1tica tiene como principal objetivo impartir una formaci\u00f3n matem\u00e1tica avanzada tendiente al desarrollo del pensamiento aut\u00f3nomo, de la capacidad cr\u00edtica y de una visi\u00f3n integradora de la Matem\u00e1tica y sus aplicaciones, al perfeccionamiento de la formaci\u00f3n cient\u00edfica y profesional de la carrera de grado y asimismo capacitar al egresado para [&hellip;]<\/p>\n","protected":false},"author":101011,"featured_media":0,"parent":0,"menu_order":2,"comment_status":"closed","ping_status":"closed","template":"","meta":[],"_links":{"self":[{"href":"https:\/\/www.facet.unt.edu.ar\/maestriamatematica\/wp-json\/wp\/v2\/pages\/229"}],"collection":[{"href":"https:\/\/www.facet.unt.edu.ar\/maestriamatematica\/wp-json\/wp\/v2\/pages"}],"about":[{"href":"https:\/\/www.facet.unt.edu.ar\/maestriamatematica\/wp-json\/wp\/v2\/types\/page"}],"author":[{"embeddable":true,"href":"https:\/\/www.facet.unt.edu.ar\/maestriamatematica\/wp-json\/wp\/v2\/users\/101011"}],"replies":[{"embeddable":true,"href":"https:\/\/www.facet.unt.edu.ar\/maestriamatematica\/wp-json\/wp\/v2\/comments?post=229"}],"version-history":[{"count":3,"href":"https:\/\/www.facet.unt.edu.ar\/maestriamatematica\/wp-json\/wp\/v2\/pages\/229\/revisions"}],"predecessor-version":[{"id":739,"href":"https:\/\/www.facet.unt.edu.ar\/maestriamatematica\/wp-json\/wp\/v2\/pages\/229\/revisions\/739"}],"wp:attachment":[{"href":"https:\/\/www.facet.unt.edu.ar\/maestriamatematica\/wp-json\/wp\/v2\/media?parent=229"}],"curies":[{"name":"wp","href":"https:\/\/api.w.org\/{rel}","templated":true}]}}