{"id":243,"date":"2016-10-31T20:25:13","date_gmt":"2016-10-31T23:25:13","guid":{"rendered":"https:\/\/www.facet.unt.edu.ar\/maestriamatematica\/?page_id=243"},"modified":"2018-08-03T09:11:01","modified_gmt":"2018-08-03T12:11:01","slug":"plan-y-reglamentos-2","status":"publish","type":"page","link":"https:\/\/www.facet.unt.edu.ar\/maestriamatematica\/plan-y-reglamentos-2\/","title":{"rendered":"Reglamentos, Plan, Instructivos"},"content":{"rendered":"<p><a href=\"https:\/\/www.facet.unt.edu.ar\/maestriamatematica\/plan-y-reglamentos-2\/plan-y-reglamentos\/\" target=\"_blank\" rel=\"noopener\">Reglamentos Generales<\/a><\/p>\n<p><a href=\"https:\/\/www.facet.unt.edu.ar\/maestriamatematica\/plan-y-reglamentos-2\/plan-de-estudios\/\" target=\"_blank\" rel=\"noopener\">Plan de Estudios<\/a><\/p>\n<p><a href=\"https:\/\/www.facet.unt.edu.ar\/maestriamatematica\/plan-y-reglamentos-2\/admision-en-la-carrera\/\" target=\"_blank\" rel=\"noopener\">Admisi\u00f3n en la carrera<\/a><\/p>\n<p><a href=\"https:\/\/www.facet.unt.edu.ar\/maestriamatematica\/plan-y-reglamentos-2\/horas-de-tutoria\/\" target=\"_blank\" rel=\"noopener\">Horas de tutor\u00eda<\/a><\/p>\n<p><a href=\"https:\/\/www.facet.unt.edu.ar\/maestriamatematica\/plan-y-reglamentos-2\/inscripcion-en-la-carrera\/\" target=\"_blank\" rel=\"noopener\">Inscripci\u00f3n en la carrera<\/a><\/p>\n<p><a href=\"https:\/\/www.facet.unt.edu.ar\/maestriamatematica\/plan-y-reglamentos-2\/informes\/\" target=\"_blank\" rel=\"noopener\">Informes<\/a><\/p>\n<p><a href=\"https:\/\/www.facet.unt.edu.ar\/maestriamatematica\/plan-y-reglamentos-2\/formato-de-la-tesis\/\" target=\"_blank\" rel=\"noopener\">Formato de tesis<\/a><\/p>\n<p><a href=\"https:\/\/www.facet.unt.edu.ar\/maestriamatematica\/plan-y-reglamentos-2\/defensa-de-tesis\/\">Defensa de tesis<\/a><\/p>\n<p><a href=\"https:\/\/www.facet.unt.edu.ar\/maestriamatematica\/wp-content\/uploads\/sites\/30\/2018\/08\/Resoluci\u00f3n-CP-N\u00ba-59-14.pdf\" target=\"_blank\" rel=\"noopener\">Resoluci\u00f3n para admisi\u00f3n y\/o inscripci\u00f3n sin tener el t\u00edtulo<\/a><\/p>\n<p>&nbsp;<\/p>\n<p>&nbsp;<\/p>\n","protected":false},"excerpt":{"rendered":"<p>Reglamentos Generales Plan de Estudios Admisi\u00f3n en la carrera Horas de tutor\u00eda Inscripci\u00f3n en la carrera Informes Formato de tesis Defensa de tesis Resoluci\u00f3n para admisi\u00f3n y\/o inscripci\u00f3n sin tener el t\u00edtulo &nbsp; &nbsp;<\/p>\n","protected":false},"author":101011,"featured_media":0,"parent":0,"menu_order":30,"comment_status":"closed","ping_status":"closed","template":"","meta":[],"_links":{"self":[{"href":"https:\/\/www.facet.unt.edu.ar\/maestriamatematica\/wp-json\/wp\/v2\/pages\/243"}],"collection":[{"href":"https:\/\/www.facet.unt.edu.ar\/maestriamatematica\/wp-json\/wp\/v2\/pages"}],"about":[{"href":"https:\/\/www.facet.unt.edu.ar\/maestriamatematica\/wp-json\/wp\/v2\/types\/page"}],"author":[{"embeddable":true,"href":"https:\/\/www.facet.unt.edu.ar\/maestriamatematica\/wp-json\/wp\/v2\/users\/101011"}],"replies":[{"embeddable":true,"href":"https:\/\/www.facet.unt.edu.ar\/maestriamatematica\/wp-json\/wp\/v2\/comments?post=243"}],"version-history":[{"count":12,"href":"https:\/\/www.facet.unt.edu.ar\/maestriamatematica\/wp-json\/wp\/v2\/pages\/243\/revisions"}],"predecessor-version":[{"id":414,"href":"https:\/\/www.facet.unt.edu.ar\/maestriamatematica\/wp-json\/wp\/v2\/pages\/243\/revisions\/414"}],"wp:attachment":[{"href":"https:\/\/www.facet.unt.edu.ar\/maestriamatematica\/wp-json\/wp\/v2\/media?parent=243"}],"curies":[{"name":"wp","href":"https:\/\/api.w.org\/{rel}","templated":true}]}}