{"id":555,"date":"2019-05-06T12:52:49","date_gmt":"2019-05-06T15:52:49","guid":{"rendered":"https:\/\/www.facet.unt.edu.ar\/maestriamatematica\/?page_id=555"},"modified":"2019-05-06T13:12:49","modified_gmt":"2019-05-06T16:12:49","slug":"555-2","status":"publish","type":"page","link":"https:\/\/www.facet.unt.edu.ar\/maestriamatematica\/plan-y-reglamentos-2\/555-2\/","title":{"rendered":"Plan de Trabajo de Tesis"},"content":{"rendered":"<p style=\"text-align: center;\"><strong>PRESENTACI\u00d3N DEL TEMA Y PLAN DE TRABAJO DE TESIS<\/strong><\/p>\n<p><strong><em>Al momento de iniciar la presentaci\u00f3n del Plan de trabajo de tesis el maestrando debe tener su <a href=\"https:\/\/www.facet.unt.edu.ar\/maestriamatematica\/plan-y-reglamentos-2\/inscripcion-en-la-carrera\/\">inscripci\u00f3n<\/a> aprobada por el Consejo Directivo de la FACET y tener aprobadas las cuatro materias obligatorias del <a href=\"https:\/\/www.facet.unt.edu.ar\/maestriamatematica\/wp-content\/uploads\/sites\/30\/2018\/07\/Plan-de-estudios-con-2-logos-3.doc\" target=\"_blank\" rel=\"noopener noreferrer\">plan de estudios<\/a>. Para la elecci\u00f3n del Director de tesis y de la Comisi\u00f3n de seguimiento se debe tener en cuenta lo establecido en el Art. 10 del <a href=\"http:\/\/www.posgrado.unt.edu.ar\/reglamentos\/\" target=\"_blank\" rel=\"noopener noreferrer\">Reglamento de posgrado de la UNT<\/a><\/em><br \/>\n<\/strong><\/p>\n<p><strong>Para concretar la presentaci\u00f3n del Plan de trabajo de tesis el maestrando deber\u00e1 presentar ante el Director de la carrera:<\/strong><\/p>\n<p>&#8211; En caso de no haber presentado la copia autenticada del t\u00edtulo de grado tiene plazo hasta la presentaci\u00f3n del primer informe seg\u00fan lo permite la <a href=\"https:\/\/www.facet.unt.edu.ar\/maestriamatematica\/wp-content\/uploads\/sites\/30\/2018\/08\/Resoluci\u00f3n-CP-N\u00ba-59-14.pdf\" target=\"_blank\" rel=\"noopener noreferrer\">Resol. CP 59-14<\/a><br \/>\n-Constancia de aprobaci\u00f3n del examen de lecto-comprensi\u00f3n para graduados &#8211; idioma ingl\u00e9s &#8211; expedida por universidades nacionales. Puede solicitar en la c\u00e1tedra de Ingl\u00e9s de la FACET(oficina 2-4-10) la evaluaci\u00f3n para obtener este requisito.<br \/>\n-Tema y plan de trabajo de tesis firmados por el candidato y el director de tesis en todas sus hojas.<br \/>\n-Curriculum Vitae del Director de tesis firmados en todas sus hojas.(no m\u00e1s de 5 p\u00e1ginas)<br \/>\n-Curriculum Vitae del Director asociado (si corresponde) firmados en todas sus hojas. .(no m\u00e1s de 5 p\u00e1ginas)<br \/>\n-Nota firmada por el Director de tesis en la que acepta dirigir la tesis y declara que no tiene m\u00e1s de 5 tesistas<br \/>\n-Nota firmada por el Director asociado (si corresponde) en la que acepta co-dirigir la tesis<br \/>\n-Aceptaci\u00f3n del director del Departamento donde se llevar\u00e1 a cabo la investigaci\u00f3n<br \/>\n-Nota del candidato, dirigida al director de la carrera, solicitando la aceptaci\u00f3n del plan de trabajo y tema.<br \/>\n<strong>A continuaci\u00f3n el director de la Maestr\u00eda deber\u00e1 elevar lo presentado por el maestrando m\u00e1s:<\/strong><br \/>\n-Nota del director de carrera dirigida al Decano elevando la nota del alumno y sugiriendo los miembros restantes de la Comisi\u00f3n de Supervisi\u00f3n.<br \/>\n-Curr\u00edculum vitae &#8211; Miembro N\u00ba 1 propuesto Com. de Sup. Con fecha y firmado en todas sus hojas. .(no m\u00e1s de 5 hojas)<br \/>\n-Curr\u00edculum vitae &#8211; Miembro N\u00ba 2 propuesto Com. de Sup. Con fecha y firmado en todas sus hojas. .(no m\u00e1s de 5 hojas)<br \/>\n-Aceptaci\u00f3n Miembro N\u00ba 1 Comis. Superv.<br \/>\n-Aceptaci\u00f3n Miembro N\u00ba 2 Comis. Superv.<br \/>\n-Detalle parcial de materias aprobadas firmada por el director de la Maestr\u00eda, el Secretario de posgrado de la FACET, Secretario Acad\u00e9mico de la FACET y el Decano de la FACET.<\/p>\n<p><strong>El tr\u00e1mite contin\u00faa con:<\/strong><\/p>\n<p>-Aceptaci\u00f3n de la presentaci\u00f3n del Plan de trabajo de tesis por el Consejo Directivo de la FACET.<\/p>\n<p>&nbsp;<\/p>\n","protected":false},"excerpt":{"rendered":"<p>PRESENTACI\u00d3N DEL TEMA Y PLAN DE TRABAJO DE TESIS Al momento de iniciar la presentaci\u00f3n del Plan de trabajo de tesis el maestrando debe tener su inscripci\u00f3n aprobada por el Consejo Directivo de la FACET y tener aprobadas las cuatro materias obligatorias del plan de estudios. Para la elecci\u00f3n del Director de tesis y de [&hellip;]<\/p>\n","protected":false},"author":101011,"featured_media":0,"parent":243,"menu_order":11,"comment_status":"closed","ping_status":"closed","template":"","meta":[],"_links":{"self":[{"href":"https:\/\/www.facet.unt.edu.ar\/maestriamatematica\/wp-json\/wp\/v2\/pages\/555"}],"collection":[{"href":"https:\/\/www.facet.unt.edu.ar\/maestriamatematica\/wp-json\/wp\/v2\/pages"}],"about":[{"href":"https:\/\/www.facet.unt.edu.ar\/maestriamatematica\/wp-json\/wp\/v2\/types\/page"}],"author":[{"embeddable":true,"href":"https:\/\/www.facet.unt.edu.ar\/maestriamatematica\/wp-json\/wp\/v2\/users\/101011"}],"replies":[{"embeddable":true,"href":"https:\/\/www.facet.unt.edu.ar\/maestriamatematica\/wp-json\/wp\/v2\/comments?post=555"}],"version-history":[{"count":5,"href":"https:\/\/www.facet.unt.edu.ar\/maestriamatematica\/wp-json\/wp\/v2\/pages\/555\/revisions"}],"predecessor-version":[{"id":563,"href":"https:\/\/www.facet.unt.edu.ar\/maestriamatematica\/wp-json\/wp\/v2\/pages\/555\/revisions\/563"}],"up":[{"embeddable":true,"href":"https:\/\/www.facet.unt.edu.ar\/maestriamatematica\/wp-json\/wp\/v2\/pages\/243"}],"wp:attachment":[{"href":"https:\/\/www.facet.unt.edu.ar\/maestriamatematica\/wp-json\/wp\/v2\/media?parent=555"}],"curies":[{"name":"wp","href":"https:\/\/api.w.org\/{rel}","templated":true}]}}