{"id":618,"date":"2020-07-28T11:46:50","date_gmt":"2020-07-28T14:46:50","guid":{"rendered":"https:\/\/www.facet.unt.edu.ar\/maestriamatematica\/?page_id=618"},"modified":"2020-07-28T11:48:14","modified_gmt":"2020-07-28T14:48:14","slug":"monografias-presentadas","status":"publish","type":"page","link":"https:\/\/www.facet.unt.edu.ar\/maestriamatematica\/monografias-presentadas\/","title":{"rendered":"Monograf\u00edas presentadas"},"content":{"rendered":"<p><a href=\"https:\/\/www.facet.unt.edu.ar\/maestriamatematica\/wp-content\/uploads\/sites\/30\/2020\/07\/Monograf\u00eda-final-de-alumnos.pdf\">Monograf\u00eda de alumnos del curso &#8220;Introducci\u00f3n al \u00e1lgebra homol\u00f3gica&#8221; A\u00f1o 2020<\/a><\/p>\n","protected":false},"excerpt":{"rendered":"<p>Monograf\u00eda de alumnos del curso &#8220;Introducci\u00f3n al \u00e1lgebra homol\u00f3gica&#8221; A\u00f1o 2020<\/p>\n","protected":false},"author":101011,"featured_media":0,"parent":0,"menu_order":90,"comment_status":"closed","ping_status":"closed","template":"","meta":[],"_links":{"self":[{"href":"https:\/\/www.facet.unt.edu.ar\/maestriamatematica\/wp-json\/wp\/v2\/pages\/618"}],"collection":[{"href":"https:\/\/www.facet.unt.edu.ar\/maestriamatematica\/wp-json\/wp\/v2\/pages"}],"about":[{"href":"https:\/\/www.facet.unt.edu.ar\/maestriamatematica\/wp-json\/wp\/v2\/types\/page"}],"author":[{"embeddable":true,"href":"https:\/\/www.facet.unt.edu.ar\/maestriamatematica\/wp-json\/wp\/v2\/users\/101011"}],"replies":[{"embeddable":true,"href":"https:\/\/www.facet.unt.edu.ar\/maestriamatematica\/wp-json\/wp\/v2\/comments?post=618"}],"version-history":[{"count":3,"href":"https:\/\/www.facet.unt.edu.ar\/maestriamatematica\/wp-json\/wp\/v2\/pages\/618\/revisions"}],"predecessor-version":[{"id":621,"href":"https:\/\/www.facet.unt.edu.ar\/maestriamatematica\/wp-json\/wp\/v2\/pages\/618\/revisions\/621"}],"wp:attachment":[{"href":"https:\/\/www.facet.unt.edu.ar\/maestriamatematica\/wp-json\/wp\/v2\/media?parent=618"}],"curies":[{"name":"wp","href":"https:\/\/api.w.org\/{rel}","templated":true}]}}