{"id":673,"date":"2021-07-27T08:28:30","date_gmt":"2021-07-27T11:28:30","guid":{"rendered":"https:\/\/www.facet.unt.edu.ar\/maestriamatematica\/?page_id=673"},"modified":"2021-08-02T17:49:17","modified_gmt":"2021-08-02T20:49:17","slug":"tesis","status":"publish","type":"page","link":"https:\/\/www.facet.unt.edu.ar\/maestriamatematica\/tesis\/","title":{"rendered":"Tesis"},"content":{"rendered":"<p><a href=\"https:\/\/www.facet.unt.edu.ar\/maestriamatematica\/wp-content\/uploads\/sites\/30\/2021\/07\/Tesis-Maestria-Saavedra-Fresia.pdf\">C. Saavedra Fresia, &#8220;<em><strong>Modelado del Flujo y la Presi\u00f3n en el Sistema Vascular<\/strong><\/em>&#8220;-A\u00f1o 2019<\/a><\/p>\n<p><a href=\"https:\/\/www.facet.unt.edu.ar\/maestriamatematica\/wp-content\/uploads\/sites\/30\/2021\/07\/Tesis-Maestria-Ganim.pdf\">M. Ganim, &#8220;<em><strong>Funciones el\u00edpticas y Curvas el\u00edpticas<\/strong><\/em>&#8221; &#8211; A\u00f1o 2015<\/a><\/p>\n<p><a href=\"https:\/\/www.facet.unt.edu.ar\/maestriamatematica\/wp-content\/uploads\/sites\/30\/2021\/07\/Tesis-de-Maestria-Lomas.pdf\">I. Lomas, &#8220;<em><strong>Cohomolog\u00eda de nilradicales de sub\u00e1lgebras parab\u00f3licas<\/strong><\/em>&#8220;- A\u00f1o 2014\u00a0<\/a><\/p>\n<p><a href=\"https:\/\/www.facet.unt.edu.ar\/maestriamatematica\/wp-content\/uploads\/sites\/30\/2021\/07\/Tesis-Maestria-Fernandez-Estela.pdf\">E. Fern\u00e1ndez, &#8220;<em><strong>Sobre la estructura de GL(V)-m\u00f3dulo de la Homolog\u00eda de extensiones de \u00c1lgebras de Lie 2-pasos nilpotentes libres por \u00c1lgebras de polinomios truncadas<\/strong><\/em>&#8220;- A\u00f1o 2011\u00a0<\/a><\/p>\n<p><a href=\"https:\/\/www.facet.unt.edu.ar\/maestriamatematica\/wp-content\/uploads\/sites\/30\/2021\/08\/Tesis-AnaCeciliaLarran-07-07-11.pdf\">C. Larr\u00e1n,<strong><em> &#8220;Regularizaci\u00f3n de problemas inversos mal condicionados: m\u00e9todos espectrales y de penalizaci\u00f3n por variaci\u00f3n total<\/em><\/strong><strong><em>&#8220;<\/em><\/strong>&#8211; A\u00f1o 2011<\/a><\/p>\n<p><a href=\"https:\/\/www.facet.unt.edu.ar\/maestriamatematica\/wp-content\/uploads\/sites\/30\/2021\/07\/Tesis-Maestria-SilvinaGomez.pdf\">S. G\u00f3mez, &#8220;<em><strong>Homolog\u00eda de \u00c1lgebras asociadas a un quiver c\u00edclico<\/strong><\/em>&#8220;- A\u00f1o 2011<\/a><\/p>\n<p><a href=\"https:\/\/www.facet.unt.edu.ar\/maestriamatematica\/wp-content\/uploads\/sites\/30\/2021\/07\/TesisMaestria-Rojas.pdf\">N. Rojas, &#8220;<strong><em>Representaciones de dimensi\u00f3n m\u00ednima de \u00e1lgebras de Lie de corrientes de Heisenberg<\/em><\/strong>&#8220;- A\u00f1o 2008<\/a><\/p>\n<p><a href=\"https:\/\/www.facet.unt.edu.ar\/maestriamatematica\/wp-content\/uploads\/sites\/30\/2021\/07\/Tesis-Maestria-RAMOS-ADRIANA.pdf\">A. Ramos, &#8220;<em><strong>Problemas Inversos Mal Condicionados: La inversa generalizada de Moore-Penrose, Operadores de Regularizaci\u00f3n y el M\u00e9todo de la Inversa Aproximada<\/strong><\/em>&#8220;- A\u00f1o 2008<\/a><\/p>\n<p><a href=\"https:\/\/www.facet.unt.edu.ar\/maestriamatematica\/wp-content\/uploads\/sites\/30\/2021\/07\/Tesis-de-Maestria-Lazarte.pdf\">M. Lazarte, &#8220;<strong><em>Movimientos proyectivos libres de fuerza en la esfera<\/em><\/strong>&#8220;- A\u00f1o 2007<\/a><\/p>\n","protected":false},"excerpt":{"rendered":"<p>C. Saavedra Fresia, &#8220;Modelado del Flujo y la Presi\u00f3n en el Sistema Vascular&#8220;-A\u00f1o 2019 M. Ganim, &#8220;Funciones el\u00edpticas y Curvas el\u00edpticas&#8221; &#8211; A\u00f1o 2015 I. Lomas, &#8220;Cohomolog\u00eda de nilradicales de sub\u00e1lgebras parab\u00f3licas&#8220;- A\u00f1o 2014\u00a0 E. Fern\u00e1ndez, &#8220;Sobre la estructura de GL(V)-m\u00f3dulo de la Homolog\u00eda de extensiones de \u00c1lgebras de Lie 2-pasos nilpotentes libres por \u00c1lgebras [&hellip;]<\/p>\n","protected":false},"author":101011,"featured_media":0,"parent":0,"menu_order":91,"comment_status":"closed","ping_status":"closed","template":"","meta":[],"_links":{"self":[{"href":"https:\/\/www.facet.unt.edu.ar\/maestriamatematica\/wp-json\/wp\/v2\/pages\/673"}],"collection":[{"href":"https:\/\/www.facet.unt.edu.ar\/maestriamatematica\/wp-json\/wp\/v2\/pages"}],"about":[{"href":"https:\/\/www.facet.unt.edu.ar\/maestriamatematica\/wp-json\/wp\/v2\/types\/page"}],"author":[{"embeddable":true,"href":"https:\/\/www.facet.unt.edu.ar\/maestriamatematica\/wp-json\/wp\/v2\/users\/101011"}],"replies":[{"embeddable":true,"href":"https:\/\/www.facet.unt.edu.ar\/maestriamatematica\/wp-json\/wp\/v2\/comments?post=673"}],"version-history":[{"count":17,"href":"https:\/\/www.facet.unt.edu.ar\/maestriamatematica\/wp-json\/wp\/v2\/pages\/673\/revisions"}],"predecessor-version":[{"id":725,"href":"https:\/\/www.facet.unt.edu.ar\/maestriamatematica\/wp-json\/wp\/v2\/pages\/673\/revisions\/725"}],"wp:attachment":[{"href":"https:\/\/www.facet.unt.edu.ar\/maestriamatematica\/wp-json\/wp\/v2\/media?parent=673"}],"curies":[{"name":"wp","href":"https:\/\/api.w.org\/{rel}","templated":true}]}}