{"id":86,"date":"2015-10-22T15:05:58","date_gmt":"2015-10-22T18:05:58","guid":{"rendered":"https:\/\/www.facet.unt.edu.ar\/maestriamatematica\/?page_id=86"},"modified":"2016-11-15T10:09:54","modified_gmt":"2016-11-15T13:09:54","slug":"inicio","status":"publish","type":"page","link":"https:\/\/www.facet.unt.edu.ar\/maestriamatematica\/","title":{"rendered":"Inicio"},"content":{"rendered":"<h1 style=\"text-align: center\"><span style=\"color: #000000\">MAESTR\u00cdA EN MATEM\u00c1TICA<\/span><\/h1>\n<h3 style=\"text-align: center\"><em>CATEGORIZADA A<\/em><\/h3>\n<h2 style=\"text-align: center\"><span style=\"color: #804600\"><a style=\"color: #804600\" href=\"https:\/\/www.facet.unt.edu.ar\/deptomatematica\" target=\"_blank\">DEPARTAMENTO DE MATEM\u00c1TICA<\/a><\/span><\/h2>\n<h2 style=\"text-align: center\"><span style=\"color: #00aaff\"><a style=\"color: #00aaff\" href=\"https:\/\/www.facet.unt.edu.ar\/\" target=\"_blank\">FACET<\/a> &#8211; <a style=\"color: #00aaff\" href=\"http:\/\/www.unt.edu.ar\/\" target=\"_blank\">UNT<\/a><\/span><\/h2>\n","protected":false},"excerpt":{"rendered":"<p>MAESTR\u00cdA EN MATEM\u00c1TICA CATEGORIZADA A DEPARTAMENTO DE MATEM\u00c1TICA FACET &#8211; UNT<\/p>\n","protected":false},"author":101011,"featured_media":94,"parent":0,"menu_order":0,"comment_status":"closed","ping_status":"closed","template":"","meta":[],"_links":{"self":[{"href":"https:\/\/www.facet.unt.edu.ar\/maestriamatematica\/wp-json\/wp\/v2\/pages\/86"}],"collection":[{"href":"https:\/\/www.facet.unt.edu.ar\/maestriamatematica\/wp-json\/wp\/v2\/pages"}],"about":[{"href":"https:\/\/www.facet.unt.edu.ar\/maestriamatematica\/wp-json\/wp\/v2\/types\/page"}],"author":[{"embeddable":true,"href":"https:\/\/www.facet.unt.edu.ar\/maestriamatematica\/wp-json\/wp\/v2\/users\/101011"}],"replies":[{"embeddable":true,"href":"https:\/\/www.facet.unt.edu.ar\/maestriamatematica\/wp-json\/wp\/v2\/comments?post=86"}],"version-history":[{"count":7,"href":"https:\/\/www.facet.unt.edu.ar\/maestriamatematica\/wp-json\/wp\/v2\/pages\/86\/revisions"}],"predecessor-version":[{"id":119,"href":"https:\/\/www.facet.unt.edu.ar\/maestriamatematica\/wp-json\/wp\/v2\/pages\/86\/revisions\/119"}],"wp:featuredmedia":[{"embeddable":true,"href":"https:\/\/www.facet.unt.edu.ar\/maestriamatematica\/wp-json\/wp\/v2\/media\/94"}],"wp:attachment":[{"href":"https:\/\/www.facet.unt.edu.ar\/maestriamatematica\/wp-json\/wp\/v2\/media?parent=86"}],"curies":[{"name":"wp","href":"https:\/\/api.w.org\/{rel}","templated":true}]}}