{"id":126,"date":"2017-10-29T23:46:03","date_gmt":"2017-10-30T02:46:03","guid":{"rendered":"https:\/\/www.facet.unt.edu.ar\/mag-mnci\/?page_id=126"},"modified":"2023-10-25T14:29:54","modified_gmt":"2023-10-25T17:29:54","slug":"https-www-facet-unt-edu-ar-mag-mnci-wp-content-uploads-sites-52-2023-10-ficha-de-inscripcion-mmnci-pdf","status":"publish","type":"page","link":"https:\/\/www.facet.unt.edu.ar\/mag-mnci\/https-www-facet-unt-edu-ar-mag-mnci-wp-content-uploads-sites-52-2023-10-ficha-de-inscripcion-mmnci-pdf\/","title":{"rendered":"Inscripci\u00f3n"},"content":{"rendered":"<div id=\"pl-126\"  class=\"panel-layout\" ><div id=\"pg-126-0\"  class=\"panel-grid panel-has-style\" ><div class=\"wide-grey panel-row-style panel-row-style-for-126-0\" ><div id=\"pgc-126-0-0\"  class=\"panel-grid-cell\" ><div id=\"panel-126-0-0-0\" class=\"so-panel widget widget_headline-widget panel-first-child panel-last-child\" data-index=\"0\" >\t\t<h1>Inscripci\u00f3n y reglamento de funcionamiento<\/h1>\n\t\t<div class=\"decoration\"><div class=\"decoration-inside\"><\/div><\/div>\n\t\t<h3><\/h3>\n\t\t<\/div><\/div><\/div><\/div><div id=\"pg-126-1\"  class=\"panel-grid panel-no-style\" ><div id=\"pgc-126-1-0\"  class=\"panel-grid-cell\" ><div id=\"panel-126-1-0-0\" class=\"so-panel widget widget_sow-editor panel-first-child panel-last-child\" data-index=\"1\" ><div\n\t\t\t\n\t\t\tclass=\"so-widget-sow-editor so-widget-sow-editor-base\"\n\t\t\t\n\t\t><h3 class=\"widget-title\">Requisitos de Admisi\u00f3n e Inscripci\u00f3n <\/h3>\n<div class=\"siteorigin-widget-tinymce textwidget\">\n\t<p>La Carrera de Maestr\u00eda est\u00e1 dirigida a graduados de Universidades Nacionales y Privadas argentinas o extranjeras en ramas afines al t\u00edtulo del posgrado, que tengan una duraci\u00f3n no menor a cinco a\u00f1os. Toda situaci\u00f3n particular de los aspirantes ser\u00e1 analizada por la Comisi\u00f3n Acad\u00e9mica.<br \/>\nPara poder completar la carrera, existen pasos a cumplimentar:<\/p>\n<ul>\n<li>Inscripci\u00f3n a la Maestr\u00eda<\/li>\n<li>Cursado y aprobaci\u00f3n de asignaturas obligatorias y optativas<\/li>\n<li>Horas de tutor\u00eda y trabajos de investigaci\u00f3n<\/li>\n<li>Presentaci\u00f3n y Defensa de Tesis de Magister<\/li>\n<\/ul>\n<\/div>\n<\/div><\/div><\/div><\/div><div id=\"pg-126-2\"  class=\"panel-grid panel-no-style\" ><div id=\"pgc-126-2-0\"  class=\"panel-grid-cell\" ><div id=\"panel-126-2-0-0\" class=\"so-panel widget widget_sow-editor panel-first-child panel-last-child\" data-index=\"2\" ><div\n\t\t\t\n\t\t\tclass=\"so-widget-sow-editor so-widget-sow-editor-base\"\n\t\t\t\n\t\t><h3 class=\"widget-title\">Inscripci\u00f3n<\/h3>\n<div class=\"siteorigin-widget-tinymce textwidget\">\n\t<p>El proceso de inscripci\u00f3n es el primer paso para cursar una carrera de Maestr\u00eda en la Universidad Nacional de Tucum\u00e1n.<br \/>\nPara solicitar inscripci\u00f3n en la carrera, se deber\u00e1 presentar:<\/p>\n<ul>\n<li>Copia Autenticada del T\u00edtulo de Grado y del Certificado Anal\u00edtico Acad\u00e9mico<\/li>\n<li>Curriculum Vitae del Candidato, con car\u00e1cter de Declaraci\u00f3n Jurada (firmado en todas las hojas)<\/li>\n<li>Carta de Solicitud de inscripci\u00f3n en la Carrera de Maestr\u00eda, dirigida al Sr. Decano de la Facultad de Ciencias Exactas e Ingenier\u00eda, firmada por el candidato.<\/li>\n<\/ul>\n<p>Para la aceptaci\u00f3n se valorar\u00e1n, entre otros, los siguientes aspectos:<\/p>\n<ul>\n<li>Promedio en los tres \u00faltimos a\u00f1os de la carrera de grado.<\/li>\n<li>Antecedentes de estudios, acad\u00e9micos y\/o cient\u00edficos.<\/li>\n<\/ul>\n<p>La inscripci\u00f3n al Posgrado est\u00e1 abierta permanentemente. Los candidatos pueden ingresar en cualquier momento del a\u00f1o y comenzar a cursar los cursos de posgrado habilidados del Mag\u00edster.<\/p>\n<p>Descargar Ficha de Inscripci\u00f3n: <a href=\"https:\/\/www.facet.unt.edu.ar\/mag-mnci\/wp-content\/uploads\/sites\/52\/2023\/10\/Ficha-de-Inscripcion-MMNCI.pdf\">https:\/\/www.facet.unt.edu.ar\/mag-mnci\/wp-content\/uploads\/sites\/52\/2023\/10\/Ficha-de-Inscripcion-MMNCI.pdf<\/a><\/p>\n<\/div>\n<\/div><\/div><\/div><\/div><div id=\"pg-126-3\"  class=\"panel-grid panel-no-style\" ><div id=\"pgc-126-3-0\"  class=\"panel-grid-cell\" ><div id=\"panel-126-3-0-0\" class=\"so-panel widget widget_sow-editor panel-first-child panel-last-child\" data-index=\"3\" ><div\n\t\t\t\n\t\t\tclass=\"so-widget-sow-editor so-widget-sow-editor-base\"\n\t\t\t\n\t\t><h3 class=\"widget-title\">Inscripci\u00f3n<\/h3>\n<div class=\"siteorigin-widget-tinymce textwidget\">\n\t<p>Una vez aprobadas las Materias Obligatorias y elegido el Director de Tesis, se puede proceder a la presentar un plan de tesis de Magister.\u00a0 Para ello, el alumno deber\u00e1 presentar:<\/p>\n<ol>\n<li>Constancia de Aprobaci\u00f3n del Examen de Ingl\u00e9s para Graduados<\/li>\n<li>Tema de Tesis y Plan de Trabajo firmados por el candidato y el Director en todas las hojas<\/li>\n<li>Nota firmada por el Director donde acepta dirigir al candidato en su Tesis<\/li>\n<li>Curriculum Vitae del Director<\/li>\n<li>Nota firmada por el Codirector donde acepta codirigir al candidato en su Tesis, si fuera necesario un Codirector<\/li>\n<li>Curriculum Vitae del Codirector, si fuera necesario un Codirector.<\/li>\n<li>Nota de aceptaci\u00f3n del Director del Lugar de Trabajo (Facultad, Instituto, etc.)<\/li>\n<li>Nota del Candidato solicitando aceptaci\u00f3n del plan de tesis en la carrera, incluyendo T\u00edtulo de la Tesis y nombre del Director<\/li>\n<\/ol>\n<p>Las notas deber\u00e1n ser dirigidas al Director de la Carrera, y presentadas por mesa de entradas de la Facultad de Ciencias Exactas y Tecnolog\u00eda de la U.N.T.<\/p>\n<\/div>\n<\/div><\/div><\/div><\/div><div id=\"pg-126-4\"  class=\"panel-grid panel-no-style\" ><div id=\"pgc-126-4-0\"  class=\"panel-grid-cell\" ><div id=\"panel-126-4-0-0\" class=\"so-panel widget widget_sow-editor panel-first-child panel-last-child\" data-index=\"4\" ><div\n\t\t\t\n\t\t\tclass=\"so-widget-sow-editor so-widget-sow-editor-base\"\n\t\t\t\n\t\t><h3 class=\"widget-title\">Cursos y Requisitos para la Aprobaci\u00f3n<\/h3>\n<div class=\"siteorigin-widget-tinymce textwidget\">\n\t<p>Para completar el posgrado de Magister en M\u00e9todos Num\u00e9ricos y Computacionales en Ingenier\u00eda los alumnos deber\u00e1n aprobar un m\u00ednimo de 540 horas de cursos de posgrado seg\u00fan el siguiente detalle:<\/p>\n<ul>\n<li>320 horas correspondientes a Cursos Obligatorios<\/li>\n<li>220 horas correspondientes a Cursos Optativos a ser seleccionados de la oferta disponible, seg\u00fan la orientaci\u00f3n del trabajo de Tesis y la especializaci\u00f3n elegida.<\/li>\n<li>Los alumnos del posgrado completar\u00e1n adem\u00e1s 160 hs. de tutor\u00edas y trabajos de investigaci\u00f3n.<\/li>\n<li>Aprobar el examen final de los Cursos con una nota igual o mayor a 6 (seis), en la escala 1 a 10.<\/li>\n<\/ul>\n<\/div>\n<\/div><\/div><\/div><\/div><div id=\"pg-126-5\"  class=\"panel-grid panel-no-style\" ><div id=\"pgc-126-5-0\"  class=\"panel-grid-cell\" ><div id=\"panel-126-5-0-0\" class=\"so-panel widget widget_sow-editor panel-first-child panel-last-child\" data-index=\"5\" ><div\n\t\t\t\n\t\t\tclass=\"so-widget-sow-editor so-widget-sow-editor-base\"\n\t\t\t\n\t\t><h3 class=\"widget-title\">Requisitos de Permanencia <\/h3>\n<div class=\"siteorigin-widget-tinymce textwidget\">\n\t<ul>\n<li>Aprobar los informes anuales presentados a la Comisi\u00f3n de Seguimiento<\/li>\n<li>Aprobar todas las materias rendidas<\/li>\n<\/ul>\n<\/div>\n<\/div><\/div><\/div><\/div><div id=\"pg-126-6\"  class=\"panel-grid panel-no-style\" ><div id=\"pgc-126-6-0\"  class=\"panel-grid-cell\" ><div id=\"panel-126-6-0-0\" class=\"so-panel widget widget_sow-editor panel-first-child panel-last-child\" data-index=\"6\" ><div\n\t\t\t\n\t\t\tclass=\"so-widget-sow-editor so-widget-sow-editor-base\"\n\t\t\t\n\t\t><h3 class=\"widget-title\">Trabajo de Tesis<\/h3>\n<div class=\"siteorigin-widget-tinymce textwidget\">\n\t<p>La Tesis de la Carrera de Maestr\u00eda en M\u00e9todos Num\u00e9ricos y Computacionales en Ingenier\u00eda deber\u00e1 demostrar la capacidad del candidato para aplicar m\u00e9todos y t\u00e9cnicas de investigaci\u00f3n cient\u00edfica y\/o tecnol\u00f3gica, aportando una contribuci\u00f3n al tema elegido.<br \/>\nLos trabajos se llevar\u00e1n a cabo en la U.N.T.. Su ejecuci\u00f3n en otras Universidades o centros de investigaci\u00f3n del pa\u00eds o del exterior deber\u00e1 ser aprobada\u00a0 por la Comisi\u00f3n Acad\u00e9mica de la Carrera.<\/p>\n<p>Para formalizar el Plan de Tesis de la Carrera de Maestr\u00eda en M\u00e9todos Num\u00e9ricos y Computacionales en Ingenier\u00eda se requiere que el candidato:<\/p>\n<ul>\n<li>Haya aprobado todos los Cursos Obligatorios.<\/li>\n<li>Proponga un Director de Tesis<\/li>\n<li>Elabore un Plan de Trabajo para el desarrollo de la Tesis y de formaci\u00f3n complementaria.<\/li>\n<li>Cumpla con todos los requisitos previstos en el Reglamento del Departamento de Graduados de la Univ. Nac. de Tucum\u00e1n .<\/li>\n<\/ul>\n<p>La Comisi\u00f3n Acad\u00e9mica valorar\u00e1 si el Plan de Tesis est\u00e1 de acuerdo con los objetivos del posgrado y si el Director de Tesis re\u00fane los antecedentes suficientes y propondr\u00e1 los miembros de la Comisi\u00f3n de Supervisi\u00f3n prevista en el Reglamento del Departamento de Graduados.<br \/>\nEl trabajo de Tesis no podr\u00e1 extenderse sobre un per\u00edodo de tiempo mayor a 3 (tres) semestres contados a partir del momento en que el Plan de Tesis es formalmente aceptado por la Comisi\u00f3n Acad\u00e9mica.<\/p>\n<\/div>\n<\/div><\/div><\/div><\/div><div id=\"pg-126-7\"  class=\"panel-grid panel-no-style\" ><div id=\"pgc-126-7-0\"  class=\"panel-grid-cell\" ><div id=\"panel-126-7-0-0\" class=\"so-panel widget widget_sow-editor panel-first-child panel-last-child\" data-index=\"7\" ><div\n\t\t\t\n\t\t\tclass=\"so-widget-sow-editor so-widget-sow-editor-base\"\n\t\t\t\n\t\t><h3 class=\"widget-title\">Direcci\u00f3n de Tesis<\/h3>\n<div class=\"siteorigin-widget-tinymce textwidget\">\n\t<p>El trabajo de tesis ser\u00e1 dirigido por un Director de Tesis. Podr\u00e1n ser Directores de Tesis:<\/p>\n<ul>\n<li>Profesores de la UNT, del resto del pa\u00eds y del extranjero o personalidades de\u00a0 reconocida trayectoria o prestigio en las especialidades relacionadas con M\u00e9todos Num\u00e9ricos y Computacionales.<\/li>\n<li>Investigadores del CONICET con categor\u00eda no inferior a Investigador Adjunto sin Director.<\/li>\n<\/ul>\n<p>En caso en que el director de tesis no pertenezca a la Universidad Nacional de Tucum\u00e1n, el candidato deber\u00e1 tambi\u00e9n proponer un co-director perteneciente a la Universidad Nacional de Tucum\u00e1n, que deber\u00e1 reunir id\u00e9nticos antecedentes que el director.<\/p>\n<\/div>\n<\/div><\/div><\/div><\/div><\/div>","protected":false},"excerpt":{"rendered":"<p>La Carrera de Maestr\u00eda est\u00e1 dirigida a graduados de Universidades Nacionales y Privadas argentinas o extranjeras en ramas afines al t\u00edtulo del posgrado, que tengan una duraci\u00f3n no menor a cinco a\u00f1os. Toda situaci\u00f3n particular de los aspirantes ser\u00e1 analizada por la Comisi\u00f3n Acad\u00e9mica. Para poder completar la carrera, existen pasos a cumplimentar: Inscripci\u00f3n a [&hellip;]<\/p>\n","protected":false},"author":17,"featured_media":0,"parent":0,"menu_order":0,"comment_status":"closed","ping_status":"closed","template":"templates\/template-full.php","meta":[],"_links":{"self":[{"href":"https:\/\/www.facet.unt.edu.ar\/mag-mnci\/wp-json\/wp\/v2\/pages\/126"}],"collection":[{"href":"https:\/\/www.facet.unt.edu.ar\/mag-mnci\/wp-json\/wp\/v2\/pages"}],"about":[{"href":"https:\/\/www.facet.unt.edu.ar\/mag-mnci\/wp-json\/wp\/v2\/types\/page"}],"author":[{"embeddable":true,"href":"https:\/\/www.facet.unt.edu.ar\/mag-mnci\/wp-json\/wp\/v2\/users\/17"}],"replies":[{"embeddable":true,"href":"https:\/\/www.facet.unt.edu.ar\/mag-mnci\/wp-json\/wp\/v2\/comments?post=126"}],"version-history":[{"count":39,"href":"https:\/\/www.facet.unt.edu.ar\/mag-mnci\/wp-json\/wp\/v2\/pages\/126\/revisions"}],"predecessor-version":[{"id":348,"href":"https:\/\/www.facet.unt.edu.ar\/mag-mnci\/wp-json\/wp\/v2\/pages\/126\/revisions\/348"}],"wp:attachment":[{"href":"https:\/\/www.facet.unt.edu.ar\/mag-mnci\/wp-json\/wp\/v2\/media?parent=126"}],"curies":[{"name":"wp","href":"https:\/\/api.w.org\/{rel}","templated":true}]}}