{"id":136,"date":"2017-10-29T23:56:54","date_gmt":"2017-10-30T02:56:54","guid":{"rendered":"https:\/\/www.facet.unt.edu.ar\/mag-mnci\/?page_id=136"},"modified":"2021-01-04T20:40:25","modified_gmt":"2021-01-04T23:40:25","slug":"autoridades","status":"publish","type":"page","link":"https:\/\/www.facet.unt.edu.ar\/mag-mnci\/autoridades\/","title":{"rendered":"Autoridades"},"content":{"rendered":"<div id=\"pl-136\"  class=\"panel-layout\" ><div id=\"pg-136-0\"  class=\"panel-grid panel-has-style\" ><div class=\"wide-grey panel-row-style panel-row-style-for-136-0\" ><div id=\"pgc-136-0-0\"  class=\"panel-grid-cell\" ><div id=\"panel-136-0-0-0\" class=\"so-panel widget widget_headline-widget panel-first-child panel-last-child\" data-index=\"0\" >\t\t<h1>Autoridades del Magister<\/h1>\n\t\t<div class=\"decoration\"><div class=\"decoration-inside\"><\/div><\/div>\n\t\t<h3><\/h3>\n\t\t<\/div><\/div><\/div><\/div><div id=\"pg-136-1\"  class=\"panel-grid panel-no-style\" ><div id=\"pgc-136-1-0\"  class=\"panel-grid-cell\" ><div id=\"panel-136-1-0-0\" class=\"so-panel widget widget_sow-editor panel-first-child panel-last-child\" data-index=\"1\" ><div\n\t\t\t\n\t\t\tclass=\"so-widget-sow-editor so-widget-sow-editor-base\"\n\t\t\t\n\t\t>\n<div class=\"siteorigin-widget-tinymce textwidget\">\n\t<p>Seg\u00fan el reglamento de Postgrado de la U.N.T., el Magister est\u00e1 bajo la direcci\u00f3n de un Director Acad\u00e9mico y un CoDirector, asesorados por una Comisi\u00f3n Acad\u00e9mica.<\/p>\n<p><strong>Director Acad\u00e9mico:<\/strong> Dr. Ing. Ricardo Diaz<br \/>\n<strong>CoDirector Acad\u00e9mico:<\/strong> Dr. Ing. Mario Cesca<\/p>\n<p><strong>Comisi\u00f3n Acad\u00e9mica:<\/strong><\/p>\n<ul>\n<li>Dr. Ing. Sonia Vrech<\/li>\n<li>Dr. Ing. Guillermo Etse<\/li>\n<li>Dr. Ing. Mario Cesca<\/li>\n<\/ul>\n<p>El <strong>Director Acad\u00e9mico<\/strong> dura 2 a\u00f1os en su mandato, renovables, y cumple las siguientes funciones:<\/p>\n<ul>\n<li>Ejercer la representaci\u00f3n de la Carrera en todos los actos acad\u00e9micos y administrativos.<\/li>\n<li>Realizar gestiones inherentes al financiamiento del posgrado.<\/li>\n<li>Supervisar toda la actividad de Secretar\u00eda del posgrado.<\/li>\n<li>Solicitar asesoramiento en cuestiones particulares al Cuerpo de Profesores.<\/li>\n<\/ul>\n<p>La <strong>Comisi\u00f3n Acad\u00e9mica<\/strong> dura 2 a\u00f1os en su mandato, renovables, y posee las siguientes atribuciones:<\/p>\n<ul>\n<li>Supervisar el ingreso y permanencia de los alumnos de posgrado.<\/li>\n<li>Fijar el calendario general del posgrado.<\/li>\n<li>Dise\u00f1ar y controlar el programa curricular.<\/li>\n<li>Proponer jurados y miembros de Comisiones de Supervisi\u00f3n de Tesis.<\/li>\n<\/ul>\n<p>La estructura organizativa del Magister en M\u00e9todos Num\u00e9ricos y Computacionales en Ingenier\u00eda se completa con el <strong>Cuerpo de Profesores<\/strong> a cargo de los cursos del posgrado y de la direcci\u00f3n de tesis.<\/p>\n<ul>\n<li>Dr. Ing Guillermo Etse<\/li>\n<li>Dr. Ing. Ricardo Diaz<\/li>\n<li>Dr. Ing. Mario Cesca<\/li>\n<li>Dr. Ing. Ferenando Mele<\/li>\n<li>Mg. Patricia Fernandez<\/li>\n<li>Dra. Ing. Sonia Vrech<\/li>\n<li>Dra. Marta Zossi<\/li>\n<li>Dra. Ana G. Elias<\/li>\n<\/ul>\n<\/div>\n<\/div><\/div><\/div><\/div><\/div>","protected":false},"excerpt":{"rendered":"<p>Seg\u00fan el reglamento de Postgrado de la U.N.T., el Magister est\u00e1 bajo la direcci\u00f3n de un Director Acad\u00e9mico y un CoDirector, asesorados por una Comisi\u00f3n Acad\u00e9mica. Director Acad\u00e9mico: Dr. Ing. Ricardo Diaz CoDirector Acad\u00e9mico: Dr. Ing. Mario Cesca Comisi\u00f3n Acad\u00e9mica: Dr. Ing. Sonia Vrech Dr. Ing. Guillermo Etse Dr. Ing. Mario Cesca El Director Acad\u00e9mico [&hellip;]<\/p>\n","protected":false},"author":17,"featured_media":0,"parent":0,"menu_order":0,"comment_status":"closed","ping_status":"closed","template":"templates\/template-full.php","meta":[],"_links":{"self":[{"href":"https:\/\/www.facet.unt.edu.ar\/mag-mnci\/wp-json\/wp\/v2\/pages\/136"}],"collection":[{"href":"https:\/\/www.facet.unt.edu.ar\/mag-mnci\/wp-json\/wp\/v2\/pages"}],"about":[{"href":"https:\/\/www.facet.unt.edu.ar\/mag-mnci\/wp-json\/wp\/v2\/types\/page"}],"author":[{"embeddable":true,"href":"https:\/\/www.facet.unt.edu.ar\/mag-mnci\/wp-json\/wp\/v2\/users\/17"}],"replies":[{"embeddable":true,"href":"https:\/\/www.facet.unt.edu.ar\/mag-mnci\/wp-json\/wp\/v2\/comments?post=136"}],"version-history":[{"count":11,"href":"https:\/\/www.facet.unt.edu.ar\/mag-mnci\/wp-json\/wp\/v2\/pages\/136\/revisions"}],"predecessor-version":[{"id":308,"href":"https:\/\/www.facet.unt.edu.ar\/mag-mnci\/wp-json\/wp\/v2\/pages\/136\/revisions\/308"}],"wp:attachment":[{"href":"https:\/\/www.facet.unt.edu.ar\/mag-mnci\/wp-json\/wp\/v2\/media?parent=136"}],"curies":[{"name":"wp","href":"https:\/\/api.w.org\/{rel}","templated":true}]}}