{"id":141,"date":"2017-11-02T01:23:07","date_gmt":"2017-11-02T04:23:07","guid":{"rendered":"https:\/\/www.facet.unt.edu.ar\/mag-mnci\/?page_id=141"},"modified":"2023-09-26T17:59:13","modified_gmt":"2023-09-26T20:59:13","slug":"cursos","status":"publish","type":"page","link":"https:\/\/www.facet.unt.edu.ar\/mag-mnci\/cursos\/","title":{"rendered":"Cursos"},"content":{"rendered":"<div id=\"pl-141\"  class=\"panel-layout\" ><div id=\"pg-141-0\"  class=\"panel-grid panel-has-style\" ><div class=\"wide-grey panel-row-style panel-row-style-for-141-0\" ><div id=\"pgc-141-0-0\"  class=\"panel-grid-cell\" ><div id=\"panel-141-0-0-0\" class=\"so-panel widget widget_headline-widget panel-first-child panel-last-child\" data-index=\"0\" >\t\t<h1>Cursos de la Carrera de Maestr\u00eda<\/h1>\n\t\t<div class=\"decoration\"><div class=\"decoration-inside\"><\/div><\/div>\n\t\t<h3><\/h3>\n\t\t<\/div><\/div><\/div><\/div><div id=\"pg-141-1\"  class=\"panel-grid panel-no-style\" ><div id=\"pgc-141-1-0\"  class=\"panel-grid-cell\" ><div id=\"panel-141-1-0-0\" class=\"so-panel widget widget_sow-editor panel-first-child panel-last-child\" data-index=\"1\" ><div\n\t\t\t\n\t\t\tclass=\"so-widget-sow-editor so-widget-sow-editor-base\"\n\t\t\t\n\t\t>\n<div class=\"siteorigin-widget-tinymce textwidget\">\n\t<p>La Maestr\u00eda cuenta con una serie de cursos Obligatorios y una amplia oferta de Cursos Optativos, que abarcan una amplia gama de ramas de la Ciencia y la Tecnolog\u00eda donde se aplican m\u00e9todos num\u00e9ricos.<\/p>\n<\/div>\n<\/div><\/div><\/div><\/div><div id=\"pg-141-2\"  class=\"panel-grid panel-no-style\" ><div id=\"pgc-141-2-0\"  class=\"panel-grid-cell\" ><div id=\"panel-141-2-0-0\" class=\"so-panel widget widget_sow-editor panel-first-child panel-last-child\" data-index=\"2\" ><div\n\t\t\t\n\t\t\tclass=\"so-widget-sow-editor so-widget-sow-editor-base\"\n\t\t\t\n\t\t><h3 class=\"widget-title\">MATERIAS OBLIGATORIAS<\/h3>\n<div class=\"siteorigin-widget-tinymce textwidget\">\n\t<ul>\n<li><a href=\"https:\/\/www.facet.unt.edu.ar\/mag-mnci\/wp-content\/uploads\/sites\/52\/2017\/12\/C\u00e1lculo-Vectorial-y-Tensorial.pdf\" target=\"_blank\" rel=\"noopener noreferrer\">C\u00e1lculo Vectorial y Tensorial<\/a><\/li>\n<li><a href=\"https:\/\/www.facet.unt.edu.ar\/mag-mnci\/wp-content\/uploads\/sites\/52\/2018\/04\/Programa-MATEMATICA-NUMERICA-2017.pdf\" target=\"_blank\" rel=\"noopener noreferrer\">Matem\u00e1tica Num\u00e9rica<\/a>\u00a0 Avanzada\u00a0 <a href=\"https:\/\/catedras.facet.unt.edu.ar\/matnum\/\">(catedras.facet.unt.edu.ar\/matnum)<\/a><\/li>\n<li><a href=\"https:\/\/www.facet.unt.edu.ar\/mag-mnci\/wp-content\/uploads\/sites\/52\/2017\/12\/Computaci\u00f3n-Avanzada.pdf\" target=\"_blank\" rel=\"noopener noreferrer\">Computaci\u00f3n Avanzada - Programaci\u00f3n Cient\u00edfica<\/a><\/li>\n<li><a href=\"https:\/\/www.facet.unt.edu.ar\/mag-mnci\/wp-content\/uploads\/sites\/52\/2017\/12\/Teor\u00eda-General-de-M\u00e9todos-Computacionales-en-Ingenier\u00eda.pdf\" target=\"_blank\" rel=\"noopener noreferrer\">Teor\u00eda General de M\u00e9todos Computacionales en Ingenier\u00eda<\/a><\/li>\n<\/ul>\n<\/div>\n<\/div><\/div><\/div><\/div><div id=\"pg-141-3\"  class=\"panel-grid panel-no-style\" ><div id=\"pgc-141-3-0\"  class=\"panel-grid-cell\" ><div id=\"panel-141-3-0-0\" class=\"so-panel widget widget_sow-editor panel-first-child panel-last-child\" data-index=\"3\" ><div\n\t\t\t\n\t\t\tclass=\"so-widget-sow-editor so-widget-sow-editor-base\"\n\t\t\t\n\t\t><h3 class=\"widget-title\">MATERIAS OPTATIVAS<\/h3>\n<div class=\"siteorigin-widget-tinymce textwidget\">\n\t<ul>\n<li><a href=\"https:\/\/www.facet.unt.edu.ar\/mag-mnci\/wp-content\/uploads\/sites\/52\/2018\/03\/Mec\u00e1nica-del-Continuo.pdf\" target=\"_blank\" rel=\"noopener noreferrer\">Mec\u00e1nica del Continuo<\/a><\/li>\n<li><a href=\"https:\/\/www.facet.unt.edu.ar\/mag-mnci\/wp-content\/uploads\/sites\/52\/2018\/03\/Complementos-de-Matem\u00e1tica-Num\u00e9rica.pdf\" target=\"_blank\" rel=\"noopener noreferrer\">Complementos de Matem\u00e1tica Num\u00e9rica<\/a><\/li>\n<li><a href=\"https:\/\/www.facet.unt.edu.ar\/mag-mnci\/wp-content\/uploads\/sites\/52\/2018\/03\/Optimizaci\u00f3n-Heur\u00edstica.pdf\" target=\"_blank\" rel=\"noopener noreferrer\">Optimizaci\u00f3n Heur\u00edstica<\/a><\/li>\n<li><a href=\"https:\/\/www.facet.unt.edu.ar\/mag-mnci\/wp-content\/uploads\/sites\/52\/2018\/03\/\u00c1lgebra-Lineal-Aplicada-y-Manejo-de-Datos.pdf\" target=\"_blank\" rel=\"noopener noreferrer\">Algebra Lineal Aplicada y Manejo de Datos<\/a><\/li>\n<li><a href=\"https:\/\/www.facet.unt.edu.ar\/mag-mnci\/wp-content\/uploads\/sites\/52\/2018\/03\/Electromagnetismo-Computacional.pdf\" target=\"_blank\" rel=\"noopener noreferrer\">Electromagnetismo Computacional<\/a><\/li>\n<li><a href=\"https:\/\/www.facet.unt.edu.ar\/mag-mnci\/wp-content\/uploads\/sites\/52\/2018\/03\/Simulaci\u00f3n-de-Dispositivos-en-Sistemas-de-Suministro-de-Energ\u00eda-El\u00e9ctrica-SSEE.pdf\" target=\"_blank\" rel=\"noopener noreferrer\">Simulaci\u00f3n de Dispositivos en Sistemas de Suministro de Energ\u00eda El\u00e9ctrica (Ssee)<\/a><\/li>\n<li><a href=\"https:\/\/www.facet.unt.edu.ar\/mag-mnci\/wp-content\/uploads\/sites\/52\/2018\/03\/Redes-Neuronales-Artificiales.pdf\" target=\"_blank\" rel=\"noopener noreferrer\">Redes Neuronales Artificiales<\/a><\/li>\n<li><a href=\"https:\/\/www.facet.unt.edu.ar\/mag-mnci\/wp-content\/uploads\/sites\/52\/2018\/03\/Oscilaciones-del-Viento-de-la-Estrat\u00f3sfera-Ecuatorial_QBO.pdf\" target=\"_blank\" rel=\"noopener noreferrer\">Oscilaciones del Viento de la Estratosfera Ecuatorial: Qbo<\/a><\/li>\n<li><a href=\"https:\/\/www.facet.unt.edu.ar\/mag-mnci\/wp-content\/uploads\/sites\/52\/2018\/03\/M\u00e9todos-de-Optimizaci\u00f3n-Aplicados-a-Procesos.pdf\">M\u00e9todos de Optimizaci\u00f3n Aplicados a Procesos<\/a><\/li>\n<li><a href=\"https:\/\/www.facet.unt.edu.ar\/mag-mnci\/wp-content\/uploads\/sites\/52\/2018\/03\/Procesos-Solares-y-su-Influencia-en-el-Medio-Terrestre.pdf\" target=\"_blank\" rel=\"noopener noreferrer\">Procesos Solares y su Influencia en el Medio Terrestre<\/a><\/li>\n<li><a href=\"https:\/\/www.facet.unt.edu.ar\/mag-mnci\/wp-content\/uploads\/sites\/52\/2018\/03\/F\u00edsica-de-Plasmas.pdf\" target=\"_blank\" rel=\"noopener noreferrer\">F\u00edsica de Plasmas<\/a><\/li>\n<li><a href=\"https:\/\/www.facet.unt.edu.ar\/mag-mnci\/wp-content\/uploads\/sites\/52\/2018\/03\/Introducci\u00f3n-a-los-Sistemas-No-Lineales-y-Caos.pdf\" target=\"_blank\" rel=\"noopener noreferrer\">Sistemas Din\u00e1micos No Lineales y Caos<\/a><\/li>\n<\/ul>\n<\/div>\n<\/div><\/div><\/div><\/div><\/div>","protected":false},"excerpt":{"rendered":"<p>La Maestr\u00eda cuenta con una serie de cursos Obligatorios y una amplia oferta de Cursos Optativos, que abarcan una amplia gama de ramas de la Ciencia y la Tecnolog\u00eda donde se aplican m\u00e9todos num\u00e9ricos.<\/p>\n","protected":false},"author":17,"featured_media":0,"parent":0,"menu_order":0,"comment_status":"closed","ping_status":"closed","template":"templates\/template-full.php","meta":[],"_links":{"self":[{"href":"https:\/\/www.facet.unt.edu.ar\/mag-mnci\/wp-json\/wp\/v2\/pages\/141"}],"collection":[{"href":"https:\/\/www.facet.unt.edu.ar\/mag-mnci\/wp-json\/wp\/v2\/pages"}],"about":[{"href":"https:\/\/www.facet.unt.edu.ar\/mag-mnci\/wp-json\/wp\/v2\/types\/page"}],"author":[{"embeddable":true,"href":"https:\/\/www.facet.unt.edu.ar\/mag-mnci\/wp-json\/wp\/v2\/users\/17"}],"replies":[{"embeddable":true,"href":"https:\/\/www.facet.unt.edu.ar\/mag-mnci\/wp-json\/wp\/v2\/comments?post=141"}],"version-history":[{"count":29,"href":"https:\/\/www.facet.unt.edu.ar\/mag-mnci\/wp-json\/wp\/v2\/pages\/141\/revisions"}],"predecessor-version":[{"id":332,"href":"https:\/\/www.facet.unt.edu.ar\/mag-mnci\/wp-json\/wp\/v2\/pages\/141\/revisions\/332"}],"wp:attachment":[{"href":"https:\/\/www.facet.unt.edu.ar\/mag-mnci\/wp-json\/wp\/v2\/media?parent=141"}],"curies":[{"name":"wp","href":"https:\/\/api.w.org\/{rel}","templated":true}]}}