{"id":189,"date":"2018-03-03T16:24:32","date_gmt":"2018-03-03T19:24:32","guid":{"rendered":"https:\/\/www.facet.unt.edu.ar\/mag-mnci\/?page_id=189"},"modified":"2023-09-26T17:54:16","modified_gmt":"2023-09-26T20:54:16","slug":"contacto","status":"publish","type":"page","link":"https:\/\/www.facet.unt.edu.ar\/mag-mnci\/contacto\/","title":{"rendered":"Contacto"},"content":{"rendered":"<div id=\"pl-189\"  class=\"panel-layout\" ><div id=\"pg-189-0\"  class=\"panel-grid panel-no-style\" ><div id=\"pgc-189-0-0\"  class=\"panel-grid-cell\" ><div id=\"panel-189-0-0-0\" class=\"so-panel widget widget_sow-editor panel-first-child panel-last-child\" data-index=\"0\" ><div\n\t\t\t\n\t\t\tclass=\"so-widget-sow-editor so-widget-sow-editor-base\"\n\t\t\t\n\t\t>\n<div class=\"siteorigin-widget-tinymce textwidget\">\n\t<div role=\"form\" class=\"wpcf7\" id=\"wpcf7-f188-o1\" lang=\"es-ES\" dir=\"ltr\">\n<div class=\"screen-reader-response\"><p role=\"status\" aria-live=\"polite\" aria-atomic=\"true\"><\/p> <ul><\/ul><\/div>\n<form action=\"\/mag-mnci\/wp-json\/wp\/v2\/pages\/189#wpcf7-f188-o1\" method=\"post\" class=\"wpcf7-form init\" novalidate=\"novalidate\" data-status=\"init\">\n<div style=\"display: none;\">\n<input type=\"hidden\" name=\"_wpcf7\" value=\"188\" \/>\n<input type=\"hidden\" name=\"_wpcf7_version\" value=\"5.5.6\" \/>\n<input type=\"hidden\" name=\"_wpcf7_locale\" value=\"es_ES\" \/>\n<input type=\"hidden\" name=\"_wpcf7_unit_tag\" value=\"wpcf7-f188-o1\" \/>\n<input type=\"hidden\" name=\"_wpcf7_container_post\" value=\"0\" \/>\n<input type=\"hidden\" name=\"_wpcf7_posted_data_hash\" value=\"\" \/>\n<\/div>\n<p><label> Nombre (requerido)<br \/>\n    <span class=\"wpcf7-form-control-wrap your-name\"><input type=\"text\" name=\"your-name\" value=\"\" size=\"40\" class=\"wpcf7-form-control wpcf7-text wpcf7-validates-as-required\" aria-required=\"true\" aria-invalid=\"false\" \/><\/span> <\/label><\/p>\n<p><label> Tu correo electr\u00f3nico (requerido)<br \/>\n    <span class=\"wpcf7-form-control-wrap your-email\"><input type=\"email\" name=\"your-email\" value=\"\" size=\"40\" class=\"wpcf7-form-control wpcf7-text wpcf7-email wpcf7-validates-as-required wpcf7-validates-as-email\" aria-required=\"true\" aria-invalid=\"false\" \/><\/span> <\/label><\/p>\n<p><label> Asunto<br \/>\n    <span class=\"wpcf7-form-control-wrap your-subject\"><input type=\"text\" name=\"your-subject\" value=\"\" size=\"40\" class=\"wpcf7-form-control wpcf7-text\" aria-invalid=\"false\" \/><\/span> <\/label><\/p>\n<p><label> Mensaje<br \/>\n    <span class=\"wpcf7-form-control-wrap your-message\"><textarea name=\"your-message\" cols=\"40\" rows=\"10\" class=\"wpcf7-form-control wpcf7-textarea\" aria-invalid=\"false\"><\/textarea><\/span> <\/label><\/p>\n<p><input type=\"submit\" value=\"Enviar\" class=\"wpcf7-form-control has-spinner wpcf7-submit\" \/><\/p>\n<div class=\"inv-recaptcha-holder\"><\/div><div class=\"wpcf7-response-output\" aria-hidden=\"true\"><\/div><\/form><\/div>\n<\/div>\n<\/div><\/div><\/div><div id=\"pgc-189-0-1\"  class=\"panel-grid-cell\" ><div id=\"panel-189-0-1-0\" class=\"so-panel widget widget_sow-editor panel-first-child panel-last-child\" data-index=\"1\" ><div\n\t\t\t\n\t\t\tclass=\"so-widget-sow-editor so-widget-sow-editor-base\"\n\t\t\t\n\t\t>\n<div class=\"siteorigin-widget-tinymce textwidget\">\n\t<p><strong>Centro de M\u00e9todos Num\u00e9ricos y Computacionales en Ingenier\u00eda<br \/>\n<\/strong><strong>CEMNCI<\/strong><\/p>\n<p>Block IV, 1er. Piso <\/p>\n<p><strong>Facultad de Ciencias Exactas y Tecnolog\u00eda (FACET)<\/strong><br \/>\n<strong>Universidad Nacional de Tucum\u00e1n<\/strong><\/p>\n<p>&nbsp;<\/p>\n<p><strong>Direcci\u00f3n<\/strong><\/p>\n<p>Av. Independencia 1800 - CP:\u00a04000<\/p>\n<p>San Miguel de Tucum\u00e1n, Argentina.<\/p>\n<p>Tel.: (0054 381) 436 40 93 int.: 7784<\/p>\n<p><strong><a href=\"mailto:cemnci@herrera.unt.edu.ar\" target=\"_blank\" rel=\"noopener\">cemnci@herrera.unt.edu.ar<\/a><\/strong><br \/>\n<strong><a href=\"mailto:labat@herrera.unt.edu.ar\" target=\"_blank\" rel=\"noopener\">labat@herrera.unt.edu.ar<\/a><\/strong><\/p>\n<\/div>\n<\/div><\/div><\/div><\/div><\/div>","protected":false},"excerpt":{"rendered":"<p>Centro de M\u00e9todos Num\u00e9ricos y Computacionales en Ingenier\u00eda CEMNCI Block IV, 1er. Piso Facultad de Ciencias Exactas y Tecnolog\u00eda (FACET) Universidad Nacional de Tucum\u00e1n &nbsp; Direcci\u00f3n Av. Independencia 1800 &#8211; CP:\u00a04000 San Miguel de Tucum\u00e1n, Argentina. Tel.: (0054 381) 436 40 93 int.: 7784 cemnci@herrera.unt.edu.ar labat@herrera.unt.edu.ar<\/p>\n","protected":false},"author":17,"featured_media":0,"parent":0,"menu_order":0,"comment_status":"closed","ping_status":"closed","template":"templates\/template-full.php","meta":[],"_links":{"self":[{"href":"https:\/\/www.facet.unt.edu.ar\/mag-mnci\/wp-json\/wp\/v2\/pages\/189"}],"collection":[{"href":"https:\/\/www.facet.unt.edu.ar\/mag-mnci\/wp-json\/wp\/v2\/pages"}],"about":[{"href":"https:\/\/www.facet.unt.edu.ar\/mag-mnci\/wp-json\/wp\/v2\/types\/page"}],"author":[{"embeddable":true,"href":"https:\/\/www.facet.unt.edu.ar\/mag-mnci\/wp-json\/wp\/v2\/users\/17"}],"replies":[{"embeddable":true,"href":"https:\/\/www.facet.unt.edu.ar\/mag-mnci\/wp-json\/wp\/v2\/comments?post=189"}],"version-history":[{"count":21,"href":"https:\/\/www.facet.unt.edu.ar\/mag-mnci\/wp-json\/wp\/v2\/pages\/189\/revisions"}],"predecessor-version":[{"id":249,"href":"https:\/\/www.facet.unt.edu.ar\/mag-mnci\/wp-json\/wp\/v2\/pages\/189\/revisions\/249"}],"wp:attachment":[{"href":"https:\/\/www.facet.unt.edu.ar\/mag-mnci\/wp-json\/wp\/v2\/media?parent=189"}],"curies":[{"name":"wp","href":"https:\/\/api.w.org\/{rel}","templated":true}]}}