{"id":108,"date":"2018-02-18T00:52:22","date_gmt":"2018-02-18T03:52:22","guid":{"rendered":"https:\/\/www.facet.unt.edu.ar\/mecom2018\/?page_id=108"},"modified":"2018-11-05T15:48:53","modified_gmt":"2018-11-05T18:48:53","slug":"informacion-general","status":"publish","type":"page","link":"https:\/\/www.facet.unt.edu.ar\/mecom2018\/","title":{"rendered":"Informaci\u00f3n General"},"content":{"rendered":"<hr \/>\n<p><span style=\"font-size: 14pt;\"><strong>IMPORTANTE:<\/strong><\/span>\u00a0<strong>Recordamos a los participantes del MECOM 2018 que el congreso se llevar\u00e1 a cabo en la sede de la\u00a0 UNSTA (Av. Per\u00f3n 2085, Yerba Buena, Tucum\u00e1n.). Para mas Informaci\u00f3n ver la pesta\u00f1a <a href=\"https:\/\/www.facet.unt.edu.ar\/mecom2018\/sede\/\" target=\"_blank\" rel=\"noopener\">sede<\/a>.<\/strong><\/p>\n<hr \/>\n<p style=\"text-align: justify;\">La serie de congresos ENIEF\/MECOM son reuniones anuales realizadas con el auspicio de la Asociaci\u00f3n Argentina de Mec\u00e1nica Computacional para promover la difusi\u00f3n de informaci\u00f3n cient\u00edfica y tecnol\u00f3gica sobre m\u00e9todos computacionales en ingenier\u00eda, favorecer el intercambio cient\u00edfico y profesional del uso de los m\u00e9todos num\u00e9ricos y las t\u00e9cnicas computacionales tanto a nivel de investigaci\u00f3n como en transferencia al sector industrial, estimular la investigaci\u00f3n y el aprendizaje de las teor\u00edas b\u00e1sicas de la mec\u00e1nica computacional a nivel universitario y de posgrado, y promover el intercambio de informaci\u00f3n y de trabajos cient\u00edficos y tecnol\u00f3gicos.<\/p>\n<p style=\"padding-left: 30px;\"><a href=\"#comite_organizador\">Comit\u00e9 organizador<\/a><br \/>\n<a href=\"#comite_cientifico\">Comit\u00e9 cient\u00edfico<\/a><br \/>\n<a href=\"#conferencistas_invitados\">Conferencistas invitados<\/a><br \/>\n<a href=\"#tematica\">Tem\u00e1tica<\/a><br \/>\n<a href=\"#fechas_importantes\">Fechas importantes<\/a><br \/>\n<a href=\"#envio_trabajos\">Env\u00edo de trabajos<\/a><br \/>\n<a href=\"#contacto\">Contacto<\/a><br \/>\n<a href=\"#primera_comunicacion\">Comunicaci\u00f3n<\/a><br \/>\n<a href=\"https:\/\/www.facet.unt.edu.ar\/mecom2018\/concurso-de-posters\/\">Competencia de posters<\/a><br \/>\nCursos<br \/>\n<a href=\"https:\/\/www.facet.unt.edu.ar\/mecom2018\/openfoam\/\">VIII Encuentro de usuarios OpenFOAM<\/a><\/p>\n<hr \/>\n<p><a id=\"comite_organizador\"><\/a><span style=\"color: #ffffff;\">MECOM2018<\/span><\/p>\n<h2>Comit\u00e9 Organizador<\/h2>\n<ul>\n<li>Presidente:\u00a0 <a href=\"https:\/\/www.facet.unt.edu.ar\/iest\/integrantes\/luccioni-bibiana-maria\/\" target=\"_blank\" rel=\"noopener\">Dra. Bibiana Luccioni<\/a><\/li>\n<li>Vice-Presidente:\u00a0 <a href=\"https:\/\/www.facet.unt.edu.ar\/iest\/integrantes\/gutierrez-sergio-e\/\" target=\"_blank\" rel=\"noopener\">Ing. Sergio Gutierrez<\/a><\/li>\n<li>Secretario:\u00a0 <a href=\"https:\/\/www.facet.unt.edu.ar\/dcyoc\/docentes\/vrech-sonia\/\" target=\"_blank\" rel=\"noopener\">Dra. Sonia Vrech<\/a><\/li>\n<li>Tesorero: <a href=\"https:\/\/www.facet.unt.edu.ar\/iest\/integrantes\/isla-facundo\/\" target=\"_blank\" rel=\"noopener\">Dr. Facundo Isla<\/a><\/li>\n<\/ul>\n<p>Vocales:<\/p>\n<ul>\n<li><a href=\"https:\/\/www.facet.unt.edu.ar\/iest\/integrantes\/araoz-gabriel\/\" target=\"_blank\" rel=\"noopener\">Dr. Gabriel Araoz<\/a><\/li>\n<li><a href=\"https:\/\/www.facet.unt.edu.ar\/iest\/integrantes\/almenar-martin\/\" target=\"_blank\" rel=\"noopener\">Dr. Mart\u00edn Almenar<\/a><\/li>\n<li><a href=\"https:\/\/www.facet.unt.edu.ar\/dcyoc\/docentes\/danna-javier\/\" target=\"_blank\" rel=\"noopener\">Dr. Javier Danna<\/a><\/li>\n<\/ul>\n<p><a id=\"comite_cientifico\"><\/a><span style=\"color: #ffffff;\">MECOM2018<\/span><\/p>\n<h2>Comit\u00e9 Cient\u00edfico<\/h2>\n<ul>\n<li>Presidente: <a href=\"https:\/\/www.facet.unt.edu.ar\/dcyoc\/docentes\/etse-guillermo\/\" target=\"_blank\" rel=\"noopener\">Dr. Guillermo Etse<\/a><\/li>\n<li>Organizadores de Sesiones <a href=\"https:\/\/www.facet.unt.edu.ar\/mecom2018\/sesiones\/#organizadores_sesiones\">[ver m\u00e1s]<\/a><\/li>\n<\/ul>\n<p><a id=\"conferencistas_invitados\"><\/a><span style=\"color: #ffffff;\">ME\u00adCO\u00adM2018<\/span><\/p>\n<h2>Conferencistas Invitados <a href=\"https:\/\/www.facet.unt.edu.ar\/mecom2018\/conferencias\/\">[ver m\u00e1s]<\/a><\/h2>\n<ul>\n<li>Prof. M. H. Ferri Aliabadi, Faculty of Engineering, Department of Aeronautics, Imperial College, England.<\/li>\n<li>Prof. Sergio Idelsohn, Universitat Polit\u00e8cnica de Catalunya \u2013 CIMNE, Spain.<\/li>\n<li>Prof. Eddie Koen\u00adders, Te\u00adch\u00adnis\u00adche Uni\u00adver\u00adsit\u00e4t Darms\u00adtadt, Germany.<\/li>\n<li>Prof. Rai\u00adnald Loh\u00adner, Cen\u00adter for Compu\u00adtatio\u00adnal Fluid Dy\u00adna\u00admics, Co\u00adlle\u00adge of Scien\u00adce, Geor\u00adge Mason Uni\u00adver\u00adsity, Fair\u00adfax, Vir\u00adgi\u00adnia, USA.<\/li>\n<li>Prof. Anna Pan\u00addol\u00adfi, Po\u00adli\u00adtec\u00adni\u00adco di Mi\u00adlano, Italy.<\/li>\n<li>Prof. Areti Papastavrou, Department of Mechanical Engineering and Building Services Engineering, Germany.<\/li>\n<li>Prof. Paul Stein\u00admann, Frie\u00addrich-Ale\u00adxan\u00adder-Uni\u00adver\u00adsit\u00e4t Erian\u00adgen-N\u00fcrn\u00adberg, Germany.<\/li>\n<\/ul>\n<p><span style=\"text-decoration: underline;\"><strong>Keynote Lectures<\/strong><\/span><\/p>\n<ul>\n<li>Dr. Jan \u010cervenka. Director Ejecutivo de \u010cervenka Consulting y principal responsable del desarrollo del programa ATENA, Czech Republic.<\/li>\n<li>Prof. Peter Hagedorn. Director del Instituto de Mec\u00e1nica, Technische Universit\u00e4t Darmstadt, Darmstadt, Germany.<\/li>\n<\/ul>\n<p><a id=\"tematica\"><\/a><span style=\"color: #ffffff;\">ME\u00adCO\u00adM2018<\/span><\/p>\n<h2>Tem\u00e1tica <a href=\"https:\/\/www.facet.unt.edu.ar\/mecom2018\/sesiones\/\">[ver m\u00e1s]<\/a><\/h2>\n<ol>\n<li>Ac\u00fastica y vibraciones<\/li>\n<li>An\u00e1lisis estructural<\/li>\n<li>Aplicaciones a reactores nucleares de potencia<\/li>\n<li>Aplicaciones de wavelets<\/li>\n<li>Aplicaciones industriales<\/li>\n<li>Computaci\u00f3n de alto desempe\u00f1o<\/li>\n<li>Cuantificaci\u00f3n de incertidumbre y modelado estoc\u00e1stico<\/li>\n<li>Din\u00e1mica estructural<\/li>\n<li>Ense\u00f1anza de m\u00e9todos num\u00e9ricos<\/li>\n<li>Flujo y transporte multif\u00e1sicos en medios porosos y microescala<\/li>\n<li>Fundamentos matem\u00e1ticos de m\u00e9todos num\u00e9ricos<\/li>\n<li>Mec\u00e1nica de fluidos computacional<\/li>\n<li>Mec\u00e1nica de s\u00f3lidos<\/li>\n<li>Modelado de falla de materiales<\/li>\n<li>Modelado de sistemas multicuerpos<\/li>\n<li>Modelado multiescala de materiales<\/li>\n<li>Modelizaci\u00f3n computacional en bioingenier\u00eda, biomec\u00e1nica y sistemas biom\u00e9dicos<\/li>\n<li>Multif\u00edsica<\/li>\n<li>Optimizaci\u00f3n y control: teor\u00eda y aplicaciones<\/li>\n<li>Transferencia de calor y materia<\/li>\n<\/ol>\n<p><a id=\"fechas_importantes\"><\/a><span style=\"color: #ffffff;\">ME\u00adCO\u00adM2018<\/span><\/p>\n<h2>Fechas Importantes<\/h2>\n<ul>\n<li>Propuesta de sesiones: <del>Hasta el 23 de Febrero de 2018<\/del><\/li>\n<li>Env\u00edo de res\u00famenes: <del>Hasta el 30 de Abril de 2018<\/del>.\u00a0<del><del>Hasta el 14 de Mayo de 2018<\/del><\/del>. <del><span style=\"font-size: 12pt;\">Hasta el 18 de Mayo de 2018<\/span><\/del><\/li>\n<li>Notificaci\u00f3n de res\u00famenes aceptados: <del>Hasta el 30 de Mayo de 2018<\/del>.<del> Nueva fecha: Hasta el 8 de Junio de 2018<\/del><\/li>\n<li>Env\u00edo de trabajos completos: <del>Hasta el 20 de Julio de 2018. <\/del><span style=\"color: #0000ff;\"><span style=\"color: #333333;\"><del>Hasta el 4 de Agosto de 2018. <\/del><\/span><span style=\"color: #ff0000;\"><span style=\"color: #333333;\"><del>Hasta el 13 de Agosto de 2018. <\/del><\/span><\/span><\/span><del>Hasta el 20 de Agosto de 2018<\/del><\/li>\n<li>Notificaci\u00f3n de evaluaci\u00f3n de trabajos completos: <del>Hasta el 20 de Agosto de 2018<span style=\"color: #333333;\">.\u00a0Hasta el 4 de Septiembre de 2018<\/span><\/del><\/li>\n<li>Envi\u00f3 de trabajos completos corregidos: <del>Hasta el 5 de Septiembre de 2018<\/del>.\u00a0<span style=\"color: #0000ff;\">Nueva fecha: Hasta el 20 de Septiembre de 2018<\/span><\/li>\n<li>Notificaci\u00f3n de evaluaci\u00f3n trabajos completos corregidos: <del>Hasta el 20 de Septiembre de 2018<\/del>.\u00a0<span style=\"color: #0000ff;\">Nueva fecha: Hasta el 4 de Octubre de 2018<\/span><\/li>\n<\/ul>\n<p><a id=\"envio_trabajos\"><\/a><span style=\"color: #ffffff;\">ME\u00adCO\u00adM2018<\/span><\/p>\n<h2>Env\u00edo de Trabajos <a href=\"https:\/\/www.facet.unt.edu.ar\/mecom2018\/trabajos\/\">[ver m\u00e1s]<\/a><\/h2>\n<p>El env\u00edo de los res\u00famenes y trabajos finales se realizar\u00e1 a trav\u00e9s del sistema OCS del AMCA. Para ello, el autor deber\u00e1 ingresar al siguiente link y seguir las intrucciones:\u00a0<a href=\"https:\/\/amcaonline.org.ar\/ocs\/index.php\/amca\/mecom2018\" target=\"_blank\" rel=\"noopener\">https:\/\/amcaonline.org.ar\/mecom2018<\/a><\/p>\n<p><strong>Observaci\u00f3n:<\/strong>\u00a0por consultas y\/o inconvenientes con el sistema OCS, contactar a:\u00a0<a href=\"mailto:amca.ocs.support@gmail.com\">amca.ocs.support@gmail.com<\/a><\/p>\n<p>Para la confecci\u00f3n del trabajo completo y resumen final se utilizar\u00e1 el estilo del AMCA, que se encuentra disponible para su descarga en:<a href=\"http:\/\/www.amcaonline.org.ar\/twiki\/bin\/view\/AMCA\/AmcaStyle\" target=\"_blank\" rel=\"noopener\">http:\/\/www.amcaonline.org.ar\/twiki\/bin\/view\/AMCA\/AmcaStyle<\/a><\/p>\n<p><a id=\"contacto\"><\/a><span style=\"color: #ffffff;\">ME\u00adCO\u00adM2018<\/span><\/p>\n<h2>Contacto<\/h2>\n<p>Facultad de Ciencias Exactas y Tecnolog\u00eda \u2013 Universidad Nacional de Tucum\u00e1n (UNT)<\/p>\n<p>Av. Independencia 1800. CP 4000<\/p>\n<p>San Miguel de Tucum\u00e1n<\/p>\n<p>Tel\/Fax: +54-381-4364087<\/p>\n<p>Mail: mecom2018@herrera.unt.edu.ar<\/p>\n<hr \/>\n<p><a id=\"primera_comunicacion\"><\/a><span style=\"color: #ffffff;\">ME\u00adCO\u00adM2018<\/span><\/p>\n<p><a href=\"https:\/\/www.facet.unt.edu.ar\/mecom2018\/wp-content\/uploads\/sites\/43\/2018\/10\/afiche-3.pdf\" target=\"_blank\" rel=\"attachment noopener wp-att-1500\"><img decoding=\"async\" loading=\"lazy\" class=\"alignnone wp-image-1500 size-full\" src=\"https:\/\/www.facet.unt.edu.ar\/mecom2018\/wp-content\/uploads\/sites\/43\/2018\/10\/afiche_pagina-2.png\" alt=\"\" width=\"543\" height=\"768\" srcset=\"https:\/\/www.facet.unt.edu.ar\/mecom2018\/wp-content\/uploads\/sites\/43\/2018\/10\/afiche_pagina-2.png 543w, https:\/\/www.facet.unt.edu.ar\/mecom2018\/wp-content\/uploads\/sites\/43\/2018\/10\/afiche_pagina-2-212x300.png 212w\" sizes=\"(max-width: 543px) 100vw, 543px\" \/><\/a><\/p>\n","protected":false},"excerpt":{"rendered":"<p>IMPORTANTE:\u00a0Recordamos a los participantes del MECOM 2018 que el congreso se llevar\u00e1 a cabo en la sede de la\u00a0 UNSTA (Av. Per\u00f3n 2085, Yerba Buena, Tucum\u00e1n.). Para mas Informaci\u00f3n ver la pesta\u00f1a sede. La serie de congresos ENIEF\/MECOM son reuniones anuales realizadas con el auspicio de la Asociaci\u00f3n Argentina de Mec\u00e1nica Computacional para promover la [&hellip;]<\/p>\n","protected":false},"author":101037,"featured_media":0,"parent":0,"menu_order":0,"comment_status":"closed","ping_status":"closed","template":"","meta":[],"_links":{"self":[{"href":"https:\/\/www.facet.unt.edu.ar\/mecom2018\/wp-json\/wp\/v2\/pages\/108"}],"collection":[{"href":"https:\/\/www.facet.unt.edu.ar\/mecom2018\/wp-json\/wp\/v2\/pages"}],"about":[{"href":"https:\/\/www.facet.unt.edu.ar\/mecom2018\/wp-json\/wp\/v2\/types\/page"}],"author":[{"embeddable":true,"href":"https:\/\/www.facet.unt.edu.ar\/mecom2018\/wp-json\/wp\/v2\/users\/101037"}],"replies":[{"embeddable":true,"href":"https:\/\/www.facet.unt.edu.ar\/mecom2018\/wp-json\/wp\/v2\/comments?post=108"}],"version-history":[{"count":106,"href":"https:\/\/www.facet.unt.edu.ar\/mecom2018\/wp-json\/wp\/v2\/pages\/108\/revisions"}],"predecessor-version":[{"id":1608,"href":"https:\/\/www.facet.unt.edu.ar\/mecom2018\/wp-json\/wp\/v2\/pages\/108\/revisions\/1608"}],"wp:attachment":[{"href":"https:\/\/www.facet.unt.edu.ar\/mecom2018\/wp-json\/wp\/v2\/media?parent=108"}],"curies":[{"name":"wp","href":"https:\/\/api.w.org\/{rel}","templated":true}]}}