{"id":112,"date":"2018-02-18T00:53:15","date_gmt":"2018-02-18T03:53:15","guid":{"rendered":"https:\/\/www.facet.unt.edu.ar\/mecom2018\/?page_id=112"},"modified":"2018-09-06T12:52:46","modified_gmt":"2018-09-06T15:52:46","slug":"sesiones","status":"publish","type":"page","link":"https:\/\/www.facet.unt.edu.ar\/mecom2018\/sesiones\/","title":{"rendered":"Sesiones"},"content":{"rendered":"<p><a id=\"organizadores_sesiones\"><\/a><span style=\"color: #ffffff;\">MECOM2018<\/span><\/p>\n<p>&nbsp;<\/p>\n<table width=\"790\">\n<tbody>\n<tr style=\"background-color: #424242; height: 46px;\">\n<td style=\"text-align: center; vertical-align: middle; height: 46px;\" width=\"80\"><span style=\"color: #ffffff;\">\u00a0<\/span><\/td>\n<td style=\"text-align: center; vertical-align: middle; height: 46px;\" width=\"355\"><span style=\"color: #ffffff;\"><strong>SESIONES<\/strong><\/span><\/td>\n<td style=\"text-align: center; vertical-align: middle; height: 46px;\" width=\"355\"><span style=\"color: #ffffff;\">\u00a0<strong>ORGANIZADORES<\/strong><\/span><\/td>\n<\/tr>\n<tr>\n<td style=\"width: 80px; height: 90px; text-align: center; vertical-align: middle;\" rowspan=\"6\" width=\"80\">1<\/td>\n<td style=\"width: 355px; vertical-align: middle;\" rowspan=\"6\" width=\"355\"><a href=\"https:\/\/www.facet.unt.edu.ar\/mecom2018\/sesiones\/acustica-y-vibraciones\/\" rel=\"noopener\">AC\u00daSTICA Y VIBRACIONES<\/a><\/td>\n<td style=\"width: 355px; vertical-align: middle;\" width=\"355\">Fabi\u00e1n C. Tommasini<\/td>\n<\/tr>\n<tr>\n<td style=\"width: 355px; vertical-align: middle;\" width=\"355\">Mar\u00eda Hinalaf<\/td>\n<\/tr>\n<tr>\n<td style=\"width: 355px; vertical-align: middle;\" width=\"355\">Jorge Perez Villalobo<\/td>\n<\/tr>\n<tr>\n<td style=\"width: 355px; vertical-align: middle;\" width=\"355\">Sebasti\u00e1n P. Ferreyra<\/td>\n<\/tr>\n<tr>\n<td style=\"width: 355px; vertical-align: middle;\" width=\"355\">Leonardo Molisani<\/td>\n<\/tr>\n<tr>\n<td style=\"width: 355px; vertical-align: middle;\" width=\"355\">Ronald O&#8217;Brien<\/td>\n<\/tr>\n<tr>\n<td style=\"background-color: #c8c8c8; width: 80px; height: 90px; text-align: center; vertical-align: middle;\" rowspan=\"2\" width=\"80\">2<\/td>\n<td style=\"background-color: #c8c8c8; width: 355px; vertical-align: middle;\" rowspan=\"2\" width=\"355\"><a href=\"https:\/\/www.facet.unt.edu.ar\/mecom2018\/analisis-estructural\/\" rel=\"noopener\">AN\u00c1LISIS ESTRUCTURAL<\/a><\/td>\n<td style=\"background-color: #c8c8c8; width: 355px; vertical-align: middle;\" width=\"355\">Rossana Jaca<\/td>\n<\/tr>\n<tr>\n<td style=\"background-color: #c8c8c8; width: 355px; vertical-align: middle;\" width=\"355\">Diana Bambill<\/td>\n<\/tr>\n<tr>\n<td style=\"width: 80px; height: 90px; text-align: center; vertical-align: middle;\" rowspan=\"2\" width=\"80\">3<\/td>\n<td style=\"width: 355px; vertical-align: middle;\" rowspan=\"2\" width=\"355\"><a href=\"https:\/\/www.facet.unt.edu.ar\/mecom2018\/sesiones\/aplicaciones-a-reactores-nucleares-de-potencia\/\" rel=\"noopener\">APLICACIONES A REACTORES NUCLEARES DE POTENCIA<\/a><\/td>\n<td style=\"width: 355px; vertical-align: middle;\" width=\"355\">Juan Nervi<\/td>\n<\/tr>\n<tr>\n<td style=\"width: 355px; vertical-align: middle;\" width=\"355\">Fernando Schroeter<\/td>\n<\/tr>\n<tr>\n<td style=\"background-color: #c8c8c8; height: 90px; width: 80px; text-align: center; vertical-align: middle;\" rowspan=\"2\" width=\"80\">4<\/td>\n<td style=\"background-color: #c8c8c8; width: 355px; vertical-align: middle;\" rowspan=\"2\" width=\"355\"><a href=\"https:\/\/www.facet.unt.edu.ar\/mecom2018\/aplicaciones-de-wavelets\/\" rel=\"noopener\">APLICACIONES DE WAVELETS<\/a><\/td>\n<td style=\"background-color: #c8c8c8; width: 355px; vertical-align: middle;\" width=\"355\">Mar\u00eda Teresa Mart\u00edn<\/td>\n<\/tr>\n<tr>\n<td style=\"background-color: #c8c8c8; width: 355px; vertical-align: middle;\" width=\"355\">Victoria Vampa<\/td>\n<\/tr>\n<tr>\n<td style=\"width: 80px; height: 90px; text-align: center; vertical-align: middle;\" rowspan=\"3\" width=\"80\">5<\/td>\n<td style=\"width: 355px; vertical-align: middle;\" rowspan=\"3\" width=\"355\"><a href=\"https:\/\/www.facet.unt.edu.ar\/mecom2018\/aplicaciones-industriales\/\" rel=\"noopener\">APLICACIONES INDUSTRIALES<\/a><\/td>\n<td style=\"width: 355px; vertical-align: middle;\" width=\"355\">Dami\u00e1n E. Ramajo<\/td>\n<\/tr>\n<tr>\n<td style=\"width: 355px; vertical-align: middle;\" width=\"355\">Javier Salomone<\/td>\n<\/tr>\n<tr>\n<td style=\"width: 355px; vertical-align: middle;\" width=\"355\">Gonzalo Mognol<\/td>\n<\/tr>\n<tr>\n<td style=\"background-color: #c8c8c8; width: 80px; height: 90px; text-align: center; vertical-align: middle;\" rowspan=\"2\" width=\"80\">6<\/td>\n<td style=\"background-color: #c8c8c8; width: 355px; vertical-align: middle;\" rowspan=\"2\" width=\"355\"><a href=\"https:\/\/www.facet.unt.edu.ar\/mecom2018\/computacion-de-alto-desempeno\/\">COMPUTACI\u00d3N DE ALTO DESEMPE\u00d1O<\/a><\/td>\n<td style=\"background-color: #c8c8c8; width: 355px; vertical-align: middle;\" width=\"355\">Luciano Garelli<\/td>\n<\/tr>\n<tr>\n<td style=\"background-color: #c8c8c8; width: 355px; vertical-align: middle;\" width=\"355\">Nicolas Wolovick<\/td>\n<\/tr>\n<tr>\n<td style=\"height: 90px; width: 80px; text-align: center; vertical-align: middle;\" rowspan=\"3\" width=\"80\">7<\/td>\n<td style=\"width: 355px; vertical-align: middle;\" rowspan=\"3\" width=\"355\"><a href=\"https:\/\/www.facet.unt.edu.ar\/mecom2018\/cuantificacion-de-incertidumbre-y-modelado-estocastico\/\" rel=\"noopener\">CUANTIFICACI\u00d3N DE INCERTIDUMBRE Y MODELADO ESTOC\u00c1STICO<\/a><\/td>\n<td style=\"width: 355px; vertical-align: middle;\" width=\"355\">Marcelo Tulio Piovan<\/td>\n<\/tr>\n<tr>\n<td style=\"width: 355px; vertical-align: middle;\" width=\"355\">Rubens Sampaio<\/td>\n<\/tr>\n<tr>\n<td style=\"width: 355px; vertical-align: middle;\" width=\"355\">Jorge Ballaben<\/td>\n<\/tr>\n<tr>\n<td style=\"background-color: #c8c8c8; height: 90px; width: 80px; text-align: center; vertical-align: middle;\" rowspan=\"3\" width=\"80\">8<\/td>\n<td style=\"background-color: #c8c8c8; vertical-align: middle;\" rowspan=\"3\" width=\"355\"><a href=\"https:\/\/www.facet.unt.edu.ar\/mecom2018\/dinamica-estructural\/\">DIN\u00c1MICA ESTRUCTURAL<\/a><\/td>\n<td style=\"background-color: #c8c8c8; width: 355px; vertical-align: middle;\" width=\"355\">Oscar Moller<\/td>\n<\/tr>\n<tr>\n<td style=\"background-color: #c8c8c8; vertical-align: middle;\" width=\"355\">Victor Cortinez<\/td>\n<\/tr>\n<tr>\n<td style=\"background-color: #c8c8c8; vertical-align: middle;\" width=\"355\">Jose Antonio Inaudi<\/td>\n<\/tr>\n<tr>\n<td style=\"width: 80px; height: 90px; text-align: center; vertical-align: middle;\" rowspan=\"2\" width=\"80\">9<\/td>\n<td style=\"width: 355px; vertical-align: middle;\" rowspan=\"2\" width=\"355\"><a href=\"https:\/\/www.facet.unt.edu.ar\/mecom2018\/ensenanza-de-metodos-numericos\/\">ENSE\u00d1ANZA DE M\u00c9TODOS NUM\u00c9RICOS<\/a><\/td>\n<td style=\"vertical-align: middle;\" width=\"355\">Maria Delia Crespo<\/td>\n<\/tr>\n<tr>\n<td style=\"vertical-align: middle;\" width=\"355\">Javier Signorelli<\/td>\n<\/tr>\n<tr>\n<td style=\"background-color: #c8c8c8; height: 90px; text-align: center; vertical-align: middle;\" rowspan=\"3\">10<\/td>\n<td style=\"background-color: #c8c8c8; width: 355px; vertical-align: middle;\" rowspan=\"3\" width=\"355\"><a href=\"https:\/\/www.facet.unt.edu.ar\/mecom2018\/flujo-y-transporte-multifasicos-en-medios-porosos-y-microescala\/\" rel=\"noopener\">FLUJO Y TRANSPORTE MULTIF\u00c1SICOS EN MEDIOS POROSOS Y MICROESCALA<\/a><\/td>\n<td style=\"background-color: #c8c8c8; width: 355px; vertical-align: middle;\" width=\"355\">Gustavo Buscaglia<\/td>\n<\/tr>\n<tr>\n<td style=\"background-color: #c8c8c8; width: 355px; vertical-align: middle;\" width=\"355\">Santiago M\u00e1rquez Dami\u00e1n<\/td>\n<\/tr>\n<tr>\n<td style=\"background-color: #c8c8c8; width: 355px; vertical-align: middle;\" width=\"355\">Pablo Kler<\/td>\n<\/tr>\n<tr>\n<td style=\"width: 80px; height: 90px; text-align: center; vertical-align: middle;\" rowspan=\"3\" width=\"80\">11<\/td>\n<td style=\"width: 355px; vertical-align: middle;\" rowspan=\"3\" width=\"355\"><a href=\"https:\/\/www.facet.unt.edu.ar\/mecom2018\/sesiones\/fundamentos-matematicos-de-metodos-numericos\/\">FUNDAMENTOS MATEM\u00c1TICOS DE M\u00c9TODOS NUM\u00c9RICOS<\/a><\/td>\n<td style=\"width: 355px; vertical-align: middle;\" width=\"355\">Ezequiel L\u00f3pez<\/td>\n<\/tr>\n<tr>\n<td style=\"width: 355px; vertical-align: middle;\" width=\"355\">Sof\u00eda Sarraf<\/td>\n<\/tr>\n<tr>\n<td style=\"width: 355px; vertical-align: middle;\" width=\"355\">Alejandro Cosimo<\/td>\n<\/tr>\n<tr>\n<td style=\"background-color: #c8c8c8; height: 150px; width: 80px; text-align: center; vertical-align: middle;\" rowspan=\"6\" width=\"80\">12<\/td>\n<td style=\"background-color: #c8c8c8; width: 355px; vertical-align: middle;\" rowspan=\"6\" width=\"355\"><a href=\"https:\/\/www.facet.unt.edu.ar\/mecom2018\/mecanica-de-fluidos\/\">MEC\u00c1NICA DE FLUIDOS COMPUTACIONAL<\/a><\/td>\n<td style=\"background-color: #c8c8c8; width: 355px; vertical-align: middle;\" width=\"355\">Rodrigo Paz<\/td>\n<\/tr>\n<tr>\n<td style=\"background-color: #c8c8c8; height: 25px;\" width=\"355\">Hugo Guillermo Castro<\/td>\n<\/tr>\n<tr>\n<td style=\"background-color: #c8c8c8; width: 355px; vertical-align: middle;\" width=\"355\">Jorge D&#8217;Elia<\/td>\n<\/tr>\n<tr>\n<td style=\"background-color: #c8c8c8; width: 355px; vertical-align: middle;\" width=\"355\">Mariano I. Cantero<\/td>\n<\/tr>\n<tr>\n<td style=\"background-color: #c8c8c8; width: 355px; vertical-align: middle;\" width=\"355\">Miguel G. Coussirat<\/td>\n<\/tr>\n<tr>\n<td style=\"background-color: #c8c8c8; width: 355px; vertical-align: middle;\" width=\"355\">Laura Battaglia<\/td>\n<\/tr>\n<tr>\n<td style=\"width: 80px; height: 90px; text-align: center; vertical-align: middle;\" rowspan=\"2\" width=\"80\">13<\/td>\n<td style=\"width: 355px; vertical-align: middle;\" rowspan=\"2\" width=\"355\"><a href=\"https:\/\/www.facet.unt.edu.ar\/mecom2018\/mecanica-de-solidos\/\">MEC\u00c1NICA DE S\u00d3LIDOS<\/a><\/td>\n<td style=\"width: 355px; vertical-align: middle;\" width=\"355\">Bibiana Luccioni<\/td>\n<\/tr>\n<tr>\n<td style=\"width: 355px; vertical-align: middle;\" width=\"355\">Victor Fachinotti<\/td>\n<\/tr>\n<tr>\n<td style=\"background-color: #c8c8c8; width: 80px; height: 90px; text-align: center; vertical-align: middle;\" rowspan=\"2\" width=\"80\">14<\/td>\n<td style=\"background-color: #c8c8c8; width: 355px; vertical-align: middle;\" rowspan=\"2\" width=\"355\"><a href=\"https:\/\/www.facet.unt.edu.ar\/mecom2018\/modelado-de-falla-de-materiales\/\">MODELADO DE FALLA DE MATERIALES<\/a><\/td>\n<td style=\"background-color: #c8c8c8; vertical-align: middle;\" width=\"355\">Adri\u00e1n Cisilino<\/td>\n<\/tr>\n<tr>\n<td style=\"background-color: #c8c8c8; vertical-align: middle;\" width=\"355\">Alfredo Huespe<\/td>\n<\/tr>\n<tr>\n<td style=\"width: 80px; height: 90px; text-align: center; vertical-align: middle;\" rowspan=\"3\" width=\"80\">15<\/td>\n<td style=\"width: 355px; vertical-align: middle;\" rowspan=\"3\" width=\"355\"><a href=\"https:\/\/www.facet.unt.edu.ar\/mecom2018\/sesiones\/modelado-de-sistemas-multicuerpos\/\" rel=\"noopener\">MODELADO DE SISTEMAS MULTICUERPOS<\/a><\/td>\n<td style=\"width: 355px; vertical-align: middle;\" width=\"355\">Mart\u00edn Pucheta<\/td>\n<\/tr>\n<tr>\n<td style=\"width: 355px; vertical-align: middle;\" width=\"355\">Alberto Cardona<\/td>\n<\/tr>\n<tr>\n<td style=\"width: 355px; vertical-align: middle;\" width=\"355\">Federico Cavalieri<\/td>\n<\/tr>\n<tr>\n<td style=\"background-color: #c8c8c8; width: 80px; height: 90px; text-align: center; vertical-align: middle;\" rowspan=\"3\" width=\"80\">16<\/td>\n<td style=\"background-color: #c8c8c8; width: 355px; vertical-align: middle;\" rowspan=\"3\" width=\"355\"><a href=\"https:\/\/www.facet.unt.edu.ar\/mecom2018\/sesiones\/modelado-multiescala-de-materiales\/\" rel=\"noopener\">MODELADO MULTIESCALA DE MATERIALES<\/a><\/td>\n<td style=\"background-color: #c8c8c8; width: 355px; vertical-align: middle;\" width=\"355\">Sebasti\u00e1n Giusti<\/td>\n<\/tr>\n<tr>\n<td style=\"background-color: #c8c8c8; width: 355px; vertical-align: middle;\" width=\"355\">Pablo Sanchez<\/td>\n<\/tr>\n<tr>\n<td style=\"background-color: #c8c8c8; width: 355px; vertical-align: middle;\" width=\"355\">Martin Idiart<\/td>\n<\/tr>\n<tr>\n<td style=\"height: 90px; width: 80px; text-align: center; vertical-align: middle;\" rowspan=\"2\" width=\"80\">17<\/td>\n<td style=\"width: 355px; vertical-align: middle;\" rowspan=\"2\" width=\"355\"><a href=\"https:\/\/www.facet.unt.edu.ar\/mecom2018\/bioingenieria-y-biomecanica\/\" rel=\"noopener\">MODELIZACI\u00d3N COMPUTACIONAL EN BIOINGENIER\u00cdA, BIOMEC\u00c1NICA Y SISTEMAS BIOM\u00c9DICOS<\/a><\/td>\n<td style=\"width: 355px; vertical-align: middle;\" width=\"355\">Santiago Urquiza<\/td>\n<\/tr>\n<tr>\n<td style=\"width: 355px; vertical-align: middle;\" width=\"355\">Pablo Blanco<\/td>\n<\/tr>\n<tr>\n<td style=\"background-color: #c8c8c8; height: 90px; width: 80px; text-align: center; vertical-align: middle;\" rowspan=\"2\" width=\"80\">18<\/td>\n<td style=\"background-color: #c8c8c8; width: 355px; vertical-align: middle;\" rowspan=\"2\" width=\"355\"><a href=\"https:\/\/www.facet.unt.edu.ar\/mecom2018\/multifisica\/\">MULTIF\u00cdSICA<\/a><\/td>\n<td style=\"background-color: #c8c8c8; vertical-align: middle;\" width=\"355\">Marcela Cruchaga<\/td>\n<\/tr>\n<tr>\n<td style=\"background-color: #c8c8c8; vertical-align: middle;\" width=\"355\">Gustavo R\u00edos Rodr\u00edguez<\/td>\n<\/tr>\n<tr>\n<td style=\"width: 80px; height: 90px; text-align: center; vertical-align: middle;\" rowspan=\"3\" width=\"80\">19<\/td>\n<td style=\"width: 355px; vertical-align: middle;\" rowspan=\"3\" width=\"355\"><a href=\"https:\/\/www.facet.unt.edu.ar\/mecom2018\/optimizacion-y-control-teoria-y-aplicaciones\/\">OPTIMIZACI\u00d3N Y CONTROL: TEOR\u00cdA Y APLICACIONES<\/a><\/td>\n<td style=\"width: 355px; vertical-align: middle;\" width=\"355\">Pablo A. Lotito<\/td>\n<\/tr>\n<tr>\n<td style=\"width: 355px; vertical-align: middle;\" width=\"355\">Damian Fernandez<\/td>\n<\/tr>\n<tr>\n<td style=\"width: 355px; vertical-align: middle;\" width=\"355\">Lisandro A. Parente<\/td>\n<\/tr>\n<tr>\n<td style=\"background-color: #c8c8c8; width: 80px; height: 90px; text-align: center; vertical-align: middle;\" rowspan=\"2\" width=\"80\">20<\/td>\n<td style=\"background-color: #c8c8c8; width: 355px; vertical-align: middle;\" rowspan=\"2\" width=\"355\"><a href=\"https:\/\/www.facet.unt.edu.ar\/mecom2018\/transferencia-de-calor-y-materia\/\" rel=\"noopener\">TRANSFERENCIA DE CALOR Y MASA<\/a><\/td>\n<td style=\"background-color: #c8c8c8; width: 355px; vertical-align: middle;\" width=\"355\">Anal\u00eda Gast\u00f3n<\/td>\n<\/tr>\n<tr>\n<td style=\"background-color: #c8c8c8; width: 355px; vertical-align: middle;\" width=\"355\">Daniel Rebollo<\/td>\n<\/tr>\n<\/tbody>\n<\/table>\n","protected":false},"excerpt":{"rendered":"<p>MECOM2018 &nbsp; \u00a0 SESIONES \u00a0ORGANIZADORES 1 AC\u00daSTICA Y VIBRACIONES Fabi\u00e1n C. Tommasini Mar\u00eda Hinalaf Jorge Perez Villalobo Sebasti\u00e1n P. Ferreyra Leonardo Molisani Ronald O&#8217;Brien 2 AN\u00c1LISIS ESTRUCTURAL Rossana Jaca Diana Bambill 3 APLICACIONES A REACTORES NUCLEARES DE POTENCIA Juan Nervi Fernando Schroeter 4 APLICACIONES DE WAVELETS Mar\u00eda Teresa Mart\u00edn Victoria Vampa 5 APLICACIONES INDUSTRIALES Dami\u00e1n [&hellip;]<\/p>\n","protected":false},"author":101037,"featured_media":0,"parent":0,"menu_order":2,"comment_status":"closed","ping_status":"closed","template":"","meta":[],"_links":{"self":[{"href":"https:\/\/www.facet.unt.edu.ar\/mecom2018\/wp-json\/wp\/v2\/pages\/112"}],"collection":[{"href":"https:\/\/www.facet.unt.edu.ar\/mecom2018\/wp-json\/wp\/v2\/pages"}],"about":[{"href":"https:\/\/www.facet.unt.edu.ar\/mecom2018\/wp-json\/wp\/v2\/types\/page"}],"author":[{"embeddable":true,"href":"https:\/\/www.facet.unt.edu.ar\/mecom2018\/wp-json\/wp\/v2\/users\/101037"}],"replies":[{"embeddable":true,"href":"https:\/\/www.facet.unt.edu.ar\/mecom2018\/wp-json\/wp\/v2\/comments?post=112"}],"version-history":[{"count":84,"href":"https:\/\/www.facet.unt.edu.ar\/mecom2018\/wp-json\/wp\/v2\/pages\/112\/revisions"}],"predecessor-version":[{"id":1409,"href":"https:\/\/www.facet.unt.edu.ar\/mecom2018\/wp-json\/wp\/v2\/pages\/112\/revisions\/1409"}],"wp:attachment":[{"href":"https:\/\/www.facet.unt.edu.ar\/mecom2018\/wp-json\/wp\/v2\/media?parent=112"}],"curies":[{"name":"wp","href":"https:\/\/api.w.org\/{rel}","templated":true}]}}