{"id":1131,"date":"2018-03-07T17:10:52","date_gmt":"2018-03-07T20:10:52","guid":{"rendered":"https:\/\/www.facet.unt.edu.ar\/mecom2018\/?page_id=1131"},"modified":"2018-05-11T17:23:41","modified_gmt":"2018-05-11T20:23:41","slug":"acustica-y-vibraciones","status":"publish","type":"page","link":"https:\/\/www.facet.unt.edu.ar\/mecom2018\/sesiones\/acustica-y-vibraciones\/","title":{"rendered":"AC\u00daSTICA Y VIBRACIONES"},"content":{"rendered":"<table>\n<tbody>\n<tr>\n<td style=\"background-color: #424242; text-align: center; vertical-align: middle;\"><a href=\"https:\/\/www.facet.unt.edu.ar\/mecom2018\/sesiones\/transferencia-de-calor-y-materia\/\"><span style=\"font-size: 18pt; font-family: 'arial black', sans-serif;\"><span style=\"color: #ffffff;\"><span style=\"font-size: 14pt;\">&lt;<\/span> <span style=\"font-family: arial, helvetica, sans-serif; font-size: 14pt;\">Anterior<\/span><\/span><\/span><\/a><\/td>\n<td style=\"text-align: center; vertical-align: middle;\"><span style=\"font-family: arial, helvetica, sans-serif; font-size: 14pt;\"><strong><a href=\"https:\/\/www.facet.unt.edu.ar\/mecom2018\/sesiones\/\">Otras Sesiones<\/a><\/strong><\/span><\/td>\n<td style=\"background-color: #424242; text-align: center; vertical-align: middle;\"><a href=\"https:\/\/www.facet.unt.edu.ar\/mecom2018\/sesiones\/analisis-estructural\/\"><span style=\"font-family: 'arial black', sans-serif;\"><span style=\"font-size: 14pt; font-family: arial, helvetica, sans-serif;\"><span style=\"color: #ffffff;\">Siguiente<\/span><\/span><span style=\"font-size: 14pt;\"><strong><span style=\"color: #ffffff;\"> &gt;<\/span><\/strong><\/span><\/span><\/a><\/td>\n<\/tr>\n<\/tbody>\n<\/table>\n<p><strong>Organizadores<\/strong><\/p>\n<div>Fabi\u00e1n C. Tommasini,\u00a0CINTRA, UTN-FRC, CONICET.<\/div>\n<div>Mar\u00eda Hinalaf,\u00a0CINTRA, UTN-FRC, CONICET y EF, FCM-UNC.<\/div>\n<div>Jorge Perez Villalobo,\u00a0CINTRA, UTN-FRC.<\/div>\n<div>Sebasti\u00e1n P. Ferreyra,\u00a0CINTRA, UTN-FRC.<\/div>\n<div>Leonardo Molisani, UNRC.<\/div>\n<div>Ronald O&#8217;Brien, UNRC.<\/div>\n<p>&nbsp;<\/p>\n<p><strong>Descripci\u00f3n:<\/strong><\/p>\n<div style=\"text-align: justify;\"><span style=\"color: #000000;\">La sesi\u00f3n de Ac\u00fastica y Vibraciones est\u00e1 dedicada al avance en el estado del arte del estudio del sonido y ondas mec\u00e1nicas en gases, l\u00edquidos y s\u00f3lidos. El estudio de su emisi\u00f3n, propagaci\u00f3n, recepci\u00f3n, modelado, implicancias e interacciones. Se aceptan tanto trabajos te\u00f3ricos como experimentales, en los cuales se publiquen nuevos descubrimientos, comprensiones novedosas o pr\u00e1cticas \u00fatiles. Los principales t\u00f3picos de la sesi\u00f3n son:<\/span><\/div>\n<ul>\n<li style=\"text-align: justify;\"><span style=\"color: #000000;\">Ingenier\u00eda Ac\u00fastica y Control de Ruido.<\/span><\/li>\n<li style=\"text-align: justify;\"><span style=\"color: #000000;\">Ac\u00fastica Ambiental.<\/span><\/li>\n<li style=\"text-align: justify;\"><span style=\"color: #000000;\">Ac\u00fastica Arquitect\u00f3nica.<\/span><\/li>\n<li style=\"text-align: justify;\"><span style=\"color: #000000;\">Procesamiento Digital de Se\u00f1ales Sonoras y T\u00e9cnicas Num\u00e9ricas.<\/span><\/li>\n<li style=\"text-align: justify;\"><span style=\"color: #000000;\">Ac\u00fastica Estructural y Vibraciones.<\/span><\/li>\n<li style=\"text-align: justify;\"><span style=\"color: #000000;\">Ac\u00fastica Subacu\u00e1tica y Bioac\u00fastica.<\/span><\/li>\n<\/ul>\n","protected":false},"excerpt":{"rendered":"<p>&lt; Anterior Otras Sesiones Siguiente &gt; Organizadores Fabi\u00e1n C. Tommasini,\u00a0CINTRA, UTN-FRC, CONICET. Mar\u00eda Hinalaf,\u00a0CINTRA, UTN-FRC, CONICET y EF, FCM-UNC. Jorge Perez Villalobo,\u00a0CINTRA, UTN-FRC. Sebasti\u00e1n P. Ferreyra,\u00a0CINTRA, UTN-FRC. Leonardo Molisani, UNRC. Ronald O&#8217;Brien, UNRC. &nbsp; Descripci\u00f3n: La sesi\u00f3n de Ac\u00fastica y Vibraciones est\u00e1 dedicada al avance en el estado del arte del estudio del sonido y [&hellip;]<\/p>\n","protected":false},"author":20,"featured_media":0,"parent":112,"menu_order":0,"comment_status":"closed","ping_status":"closed","template":"","meta":[],"_links":{"self":[{"href":"https:\/\/www.facet.unt.edu.ar\/mecom2018\/wp-json\/wp\/v2\/pages\/1131"}],"collection":[{"href":"https:\/\/www.facet.unt.edu.ar\/mecom2018\/wp-json\/wp\/v2\/pages"}],"about":[{"href":"https:\/\/www.facet.unt.edu.ar\/mecom2018\/wp-json\/wp\/v2\/types\/page"}],"author":[{"embeddable":true,"href":"https:\/\/www.facet.unt.edu.ar\/mecom2018\/wp-json\/wp\/v2\/users\/20"}],"replies":[{"embeddable":true,"href":"https:\/\/www.facet.unt.edu.ar\/mecom2018\/wp-json\/wp\/v2\/comments?post=1131"}],"version-history":[{"count":8,"href":"https:\/\/www.facet.unt.edu.ar\/mecom2018\/wp-json\/wp\/v2\/pages\/1131\/revisions"}],"predecessor-version":[{"id":1262,"href":"https:\/\/www.facet.unt.edu.ar\/mecom2018\/wp-json\/wp\/v2\/pages\/1131\/revisions\/1262"}],"up":[{"embeddable":true,"href":"https:\/\/www.facet.unt.edu.ar\/mecom2018\/wp-json\/wp\/v2\/pages\/112"}],"wp:attachment":[{"href":"https:\/\/www.facet.unt.edu.ar\/mecom2018\/wp-json\/wp\/v2\/media?parent=1131"}],"curies":[{"name":"wp","href":"https:\/\/api.w.org\/{rel}","templated":true}]}}