{"id":114,"date":"2018-02-18T00:53:37","date_gmt":"2018-02-18T03:53:37","guid":{"rendered":"https:\/\/www.facet.unt.edu.ar\/mecom2018\/?page_id=114"},"modified":"2018-09-28T08:45:29","modified_gmt":"2018-09-28T11:45:29","slug":"inscripcion","status":"publish","type":"page","link":"https:\/\/www.facet.unt.edu.ar\/mecom2018\/inscripcion\/","title":{"rendered":"Inscripci\u00f3n"},"content":{"rendered":"<hr \/>\n<h2>Aranceles<\/h2>\n<p>El valor del arancel de inscripci\u00f3n al congreso var\u00eda seg\u00fan la categor\u00eda del inscripto y la fecha de pago, seg\u00fan la siguiente tabla:<\/p>\n<table cellspacing=\"0\" cellpadding=\"0\">\n<tbody>\n<tr>\n<td class=\"subtitulosTable\" style=\"background-color: #424242; text-align: center; vertical-align: middle;\"><strong><span style=\"color: #ffffff;\">\u00a0Categor\u00eda<\/span><\/strong><\/td>\n<td class=\"subtitulosTable\" style=\"background-color: #424242; text-align: center; vertical-align: middle;\"><strong><span style=\"color: #ffffff;\">Hasta 05-09-2018<\/span><\/strong><\/td>\n<td class=\"subtitulosTable\" style=\"background-color: #424242; text-align: center; vertical-align: middle;\"><strong><span style=\"color: #ffffff;\">Hasta 05-10-2018<\/span><\/strong><\/td>\n<td class=\"subtitulosTable\" style=\"background-color: #424242; text-align: center; vertical-align: middle;\"><strong><span style=\"color: #ffffff;\">Desde 06-10-2018<\/span><\/strong><\/td>\n<\/tr>\n<tr>\n<td>Socio AMCA<\/td>\n<td style=\"text-align: center;\"><del>$ 3.000<\/del><\/td>\n<td style=\"text-align: center;\">$ 3.700<\/td>\n<td style=\"text-align: center;\">$ 4.700<\/td>\n<\/tr>\n<tr>\n<td>NO Socio AMCA<\/td>\n<td style=\"text-align: center;\"><del>$ 5.200<\/del><\/td>\n<td style=\"text-align: center;\">$ 5.900<\/td>\n<td style=\"text-align: center;\">$ 6.900<\/td>\n<\/tr>\n<tr>\n<td>Estudiante de Grado Socio<\/td>\n<td style=\"text-align: center;\"><del>$ 1.500<\/del><\/td>\n<td style=\"text-align: center;\">$ 1.900<\/td>\n<td style=\"text-align: center;\">$ 2.400<\/td>\n<\/tr>\n<tr>\n<td>Estudiante de Grado No Socio<\/td>\n<td style=\"text-align: center;\"><del>$ 2.600<\/del><\/td>\n<td style=\"text-align: center;\">$ 3.000<\/td>\n<td style=\"text-align: center;\">$ 3.500<\/td>\n<\/tr>\n<tr>\n<td>Tarjeta adicional para cena<\/td>\n<td style=\"text-align: center;\"><del>$ 850<\/del><\/td>\n<td style=\"text-align: center;\">$ 900<\/td>\n<td style=\"text-align: center;\">$ 1.000*<\/td>\n<\/tr>\n<\/tbody>\n<\/table>\n<p><em>(Valores en Pesos Argentinos)<\/em><\/p>\n<p>* Sujeto a disponibilidad despu\u00e9s del 01\/11<\/p>\n<p>Los socios de AMCA que deseen pagar la cuota anual pueden realizarlo simult\u00e1neamente con el pago de la inscripci\u00f3n al congreso.<\/p>\n<p>Este a\u00f1o, de modo excepcional y hasta 05\/09\/2018, AMCA exceptuar\u00e1 del pago de la <strong>cuota de inscripci\u00f3n a la Asociaci\u00f3n<\/strong> a quienes deseen asociarse a la misma, y solamente se les cobrar\u00e1 la cuota societaria correspondiente al 2018 ($1100 para socios activos, $450 para socios estudiantes de grado).<\/p>\n<p>El valor de la cuota es:<\/p>\n<p style=\"padding-left: 30px;\">Socios Activos: $ 1.100<br \/>\nEstudiantes de Grado: $ 450<br \/>\nInstitucionales: $ 2.200<\/p>\n<hr \/>\n<h3>Forma de Pago<\/h3>\n<p>El pago del arancel por inscripci\u00f3n al MECOM 2018 se realizar\u00e1 mediante:<\/p>\n<p><strong>1 &#8211; Dep\u00f3sito o Transferencias bancarias a:<\/strong><\/p>\n<ul>\n<li><strong>Asociaci\u00f3n Argentina de Mec\u00e1nica Computacional<\/strong><br \/>\n<strong>CUIT:<\/strong>\u00a030-67840582-1<br \/>\nG\u00fcemes 3450 \u2013 (3000) \u2013 Santa Fe \u2013 Argentina<br \/>\n<strong>CTA.CTE:<\/strong>\u00a0191-340-034224\/2<br \/>\nBanco Credicoop Coop. Ltdo.<br \/>\n<strong>CBU:<\/strong>\u00a01910340655034003422428<\/li>\n<\/ul>\n<p>C\u00f3digo\u00a0<strong>SWIFT\u00a0<\/strong>para transferencias desde el exterior:\u00a0<strong>BCOOARBA<\/strong><br \/>\nEl monto del arancel por inscripci\u00f3n mostrado en la tabla anterior se convertir\u00e1n a valores de d\u00f3lares americanos seg\u00fan cotizaci\u00f3n de venta del d\u00eda del Banco Naci\u00f3n Argentina (www.bna.com.ar).<\/p>\n<p><strong>2 &#8211; Pago con tarjeta de cr\u00e9dito:<\/strong><br \/>\nIngresando al sistema de pagos:\u00a0<a href=\"https:\/\/amcaonline.org.ar\/foswiki\/Main\/AMCA\/Pagos\" target=\"_blank\" rel=\"noopener\">https:\/\/amcaonline.org.ar\/foswiki\/Main\/AMCA\/Pagos<\/a><br \/>\n<em>(Existe un costo financiero extra por pago con tarjeta de cr\u00e9dito)<\/em><\/p>\n<hr \/>\n<h3>Inscripciones<\/h3>\n<ul>\n<li>Una vez realizado el pago del arancel, los participantes deber\u00e1n enviar copia del comprobante de pago a <a href=\"mailto:mecom2018@herrera.unt.edu.ar\">mecom2018@herrera.unt.edu.ar<\/a>\u00a0(con copia a<a href=\"mailto:amca@santafe-conicet.gov.ar\">\u00a0amca@santafe-conicet.gov.ar<\/a>). En el asunto deber\u00e1n colocar\u00a0<strong>MECOM 2018 &#8211; FORMULARIO DE INSCRIPCION<\/strong>. Tambi\u00e9n deber\u00e1n completar el formulario en linea <a href=\"https:\/\/docs.google.com\/forms\/d\/e\/1FAIpQLSfZfywR2QtXv5zEJo20a1i7076jMdoQB3RNj9GuLTYHiaOuZg\/viewform?usp=sf_link\" target=\"_blank\" rel=\"noopener\"><strong>[Formulario de Inscripci\u00f3n]<\/strong><\/a>.<\/li>\n<li>Algunos servidores de correo electr\u00f3nico como hotmail o live, env\u00edan el correo electr\u00f3nico con el enlace al formulario online a la carpeta de spam. Por lo que si el paso anterior ya fue realizado y a\u00fan no recibieron el formulario de inscripci\u00f3n, deber\u00e1n chequear que el servidor de email que est\u00e9n usando no haya colocado el formulario en la carpeta de spam.<\/li>\n<li>Cuando se efect\u00fae un \u00fanico pago para m\u00e1s de una persona o grupo, en el correo indicar las direcciones de e-mail de las personas a las que se les est\u00e1 abonando la inscripci\u00f3n.<\/li>\n<\/ul>\n<h3>Observaciones<\/h3>\n<ul>\n<li>Para que el trabajo sea incorporado en las actas del congreso, al menos un autor deber\u00e1 inscribirse; el pago del arancel por inscripci\u00f3n debe ser realizado con anterioridad al<strong>\u00a0&#8212; de &#8212;<\/strong>.<\/li>\n<li>El pago de la inscripci\u00f3n permite al Autor\/Coautor publicar en actas de congreso y exponer en el congreso un\u00a0<u>m\u00e1ximo de dos<\/u>\u00a0trabajos.<\/li>\n<li>El monto de la inscripci\u00f3n para\u00a0<strong>Socios<\/strong>\u00a0y\u00a0<strong>No socios AMCA<\/strong>\u00a0incluye la entrega de material del congreso, c\u00f3ctel de bienvenida y la tarjeta para la cena de camarader\u00eda.<\/li>\n<li>El monto de la inscripci\u00f3n para\u00a0<strong>Estudiantes de grado<\/strong>\u00a0incluye la entrega de material del congreso.<\/li>\n<li>Todos aquellos que quieran participar de la\u00a0<u>cena de camarader\u00eda<\/u>\u00a0(estudiantes de grado y\/o acompa\u00f1antes de los participantes) podr\u00e1n adquirir una\u00a0<u>tarjeta extra<\/u>\u00a0en el formulario de inscripci\u00f3n y abonarla junto con la inscripci\u00f3n al congreso.<\/li>\n<li>Los detalles de facturaci\u00f3n podr\u00e1n ser incluidos en el Formulario de Inscripci\u00f3n.<\/li>\n<li>Los socios de AMCA que deseen pagar la\u00a0<u>cuota anual<\/u>\u00a0pueden realizarlo simult\u00e1neamente con el pago de la inscripci\u00f3n al congreso.<\/li>\n<li>El Autor\/Coautor que\u00a0<u>expone<\/u>\u00a0un trabajo debe indicar el ID del trabajo en el formulario de inscripci\u00f3n y no se requiere que el expositor coincida con el autor registrado en el OCS.<\/li>\n<\/ul>\n","protected":false},"excerpt":{"rendered":"<p>Aranceles El valor del arancel de inscripci\u00f3n al congreso var\u00eda seg\u00fan la categor\u00eda del inscripto y la fecha de pago, seg\u00fan la siguiente tabla: \u00a0Categor\u00eda Hasta 05-09-2018 Hasta 05-10-2018 Desde 06-10-2018 Socio AMCA $ 3.000 $ 3.700 $ 4.700 NO Socio AMCA $ 5.200 $ 5.900 $ 6.900 Estudiante de Grado Socio $ 1.500 $ [&hellip;]<\/p>\n","protected":false},"author":101037,"featured_media":0,"parent":0,"menu_order":3,"comment_status":"closed","ping_status":"closed","template":"","meta":[],"_links":{"self":[{"href":"https:\/\/www.facet.unt.edu.ar\/mecom2018\/wp-json\/wp\/v2\/pages\/114"}],"collection":[{"href":"https:\/\/www.facet.unt.edu.ar\/mecom2018\/wp-json\/wp\/v2\/pages"}],"about":[{"href":"https:\/\/www.facet.unt.edu.ar\/mecom2018\/wp-json\/wp\/v2\/types\/page"}],"author":[{"embeddable":true,"href":"https:\/\/www.facet.unt.edu.ar\/mecom2018\/wp-json\/wp\/v2\/users\/101037"}],"replies":[{"embeddable":true,"href":"https:\/\/www.facet.unt.edu.ar\/mecom2018\/wp-json\/wp\/v2\/comments?post=114"}],"version-history":[{"count":27,"href":"https:\/\/www.facet.unt.edu.ar\/mecom2018\/wp-json\/wp\/v2\/pages\/114\/revisions"}],"predecessor-version":[{"id":1436,"href":"https:\/\/www.facet.unt.edu.ar\/mecom2018\/wp-json\/wp\/v2\/pages\/114\/revisions\/1436"}],"wp:attachment":[{"href":"https:\/\/www.facet.unt.edu.ar\/mecom2018\/wp-json\/wp\/v2\/media?parent=114"}],"curies":[{"name":"wp","href":"https:\/\/api.w.org\/{rel}","templated":true}]}}